{"id":45808,"date":"2024-08-16T00:50:00","date_gmt":"2024-08-16T00:50:00","guid":{"rendered":"https:\/\/smartyplantsnursery.com\/product\/heliconia-variegada-lady-di-heliconia-psittacorum-lady-di-variegata\/"},"modified":"2026-02-16T16:20:53","modified_gmt":"2026-02-16T16:20:53","slug":"heliconia-variegada-lady-di-heliconia-psittacorum-lady-di-variegata","status":"publish","type":"product","link":"https:\/\/smartyplantsnursery.com\/es\/product\/heliconia-variegada-lady-di-heliconia-psittacorum-lady-di-variegata\/","title":{"rendered":"Heliconia variegada Lady di &#8211; heliconia psittacorum \u201cLady di variegata\u201d"},"content":{"rendered":"<p class=\"\"><b class=\"\">Usos generales en el paisajismo:<\/b> Planta de acento, bordes tropicales, plantaciones masivas, contenedores<\/p>\n<p class=\"\"><b class=\"\">Notas sobre la restauraci\u00f3n ecol\u00f3gica:<\/b> No recomendado<\/p>\n<p class=\"\"><b class=\"\">Descripci\u00f3n:<\/b> Una llamativa planta ornamental tropical conocida por su follaje variegado y sus vibrantes flores con forma de ave.<\/p>\n<p class=\"\"><b class=\"\">Dimensiones:<\/b> Altura 2,5 &#8211; 5 pies.<\/p>\n<p class=\"\"><b class=\"\">Tasa de crecimiento:<\/b> r\u00e1pida<\/p>\n<p class=\"\"><b class=\"\">Distribuci\u00f3n nativa:<\/b> Centro y Sudam\u00e9rica<\/p>\n<p class=\"\"><b class=\"\">H\u00e1bitats nativos:<\/b> n\/a<\/p>\n<p class=\"\"><b class=\"\">Suelos:<\/b> ricos en materia org\u00e1nica y bien drenados, sin agua estancada<\/p>\n<p class=\"\"><b class=\"\">Requisitos nutricionales:<\/b> De moderados a altos<\/p>\n<p class=\"\"><b class=\"\">Tolerancia al agua salada:<\/b> baja<\/p>\n<p class=\"\"><b class=\"\">Tolerancia al viento salado:<\/b> De baja a moderada<\/p>\n<p class=\"\"><b class=\"\">Tolerancia a la sequ\u00eda:<\/b> De baja a moderada<\/p>\n<p class=\"\"><b class=\"\">Requisitos de luz:<\/b> pleno sol a sol parcial<\/p>\n<p class=\"\"><b class=\"\">Color de la flor:<\/b> de 5 a 8 br\u00e1cteas de color rojo oscuro o rosa, s\u00e9palos de color amarillo claro con banda verde oscuro y puntas blancas<\/p>\n<p class=\"\"><b class=\"\">Caracter\u00edsticas de la flor:<\/b> Las flores verdaderas son peque\u00f1as y emergen de br\u00e1cteas coloridas.<\/p>\n<p class=\"\"><b class=\"\">Temporada de floraci\u00f3n:<\/b> Todo el a\u00f1o<\/p>\n<p class=\"\"><b class=\"\">Fruto:<\/b> Baya peque\u00f1a y carnosa, azul o p\u00farpura oscuro cuando est\u00e1 madura<\/p>\n<p class=\"\"><b class=\"\">Vida silvestre y ecolog\u00eda:<\/b> Atracci\u00f3n de polinizadores<\/p>\n<p class=\"\"><b class=\"\">Notas de horticultura:<\/b> Se propaga por divisi\u00f3n de rizomas, semilla<\/p>\n<p class=\"\"><b class=\"\">Comentarios:<\/b><\/p>\n<p>&nbsp;<\/p>\n","protected":false},"excerpt":{"rendered":"<p><a href=\"https:\/\/smartyplantsnursery.com\/wp-content\/uploads\/2023\/04\/Screen-Shot-2023-04-22-at-11.28.02-PM.png\"><img decoding=\"async\" class=\"alignnone size-medium wp-image-31863\" src=\"https:\/\/smartyplantsnursery.com\/wp-content\/uploads\/2023\/04\/Screen-Shot-2023-04-22-at-11.28.02-PM-300x134.png\" alt=\"Compre con confianza en el vivero Smarty Plants.\" width=\"300\" height=\"134\"><\/a><\/p>\n<div class=\"container\">\n<div class=\"table-container\">\n<table>\n<thead>\n<tr>\n<th>Tama\u00f1o de la maceta<\/th>\n<th>Altura media plantada (desde la tierra hasta la parte superior de la planta)<\/th>\n<\/tr>\n<\/thead>\n<tbody>\n<tr>\n<td>3 galones\/10&#8243;<\/td>\n<td>1 &#8211; 3 pies<\/td>\n<\/tr>\n<\/tbody>\n<\/table>\n<\/div>\n<\/div>\n","protected":false},"featured_media":48556,"comment_status":"open","ping_status":"closed","template":"","meta":[],"product_brand":[],"product_cat":[348,304,311,312,329,310,375,317,331,302,355,309,313,361,308,334,335,323,322,330,303,307],"product_tag":[319,350,352],"class_list":{"0":"post-45808","1":"product","2":"type-product","3":"status-publish","4":"has-post-thumbnail","6":"product_cat-alta-es","7":"product_cat-arbusto","8":"product_cat-baja","9":"product_cat-baja-es","10":"product_cat-baja-es-2","11":"product_cat-bien-drenado","12":"product_cat-borde","13":"product_cat-contenedor","14":"product_cat-division-es","15":"product_cat-exotica","16":"product_cat-invierno","17":"product_cat-moderada","18":"product_cat-moderada-es","19":"product_cat-moderada-es-4","20":"product_cat-otono","21":"product_cat-planta-de-acento","22":"product_cat-pleno-sol","23":"product_cat-primavera","24":"product_cat-rapido","25":"product_cat-semilla","26":"product_cat-sol-parcial","27":"product_cat-verano","28":"product_tag-amarillo","29":"product_tag-rojo","30":"product_tag-rosa","31":"pa_pot-size-3-galones-10","34":"first","35":"instock","36":"taxable","37":"shipping-taxable","38":"purchasable","39":"product-type-variable"},"aioseo_notices":[],"_links":{"self":[{"href":"https:\/\/smartyplantsnursery.com\/es\/wp-json\/wp\/v2\/product\/45808","targetHints":{"allow":["GET"]}}],"collection":[{"href":"https:\/\/smartyplantsnursery.com\/es\/wp-json\/wp\/v2\/product"}],"about":[{"href":"https:\/\/smartyplantsnursery.com\/es\/wp-json\/wp\/v2\/types\/product"}],"replies":[{"embeddable":true,"href":"https:\/\/smartyplantsnursery.com\/es\/wp-json\/wp\/v2\/comments?post=45808"}],"wp:featuredmedia":[{"embeddable":true,"href":"https:\/\/smartyplantsnursery.com\/es\/wp-json\/wp\/v2\/media\/48556"}],"wp:attachment":[{"href":"https:\/\/smartyplantsnursery.com\/es\/wp-json\/wp\/v2\/media?parent=45808"}],"wp:term":[{"taxonomy":"product_brand","embeddable":true,"href":"https:\/\/smartyplantsnursery.com\/es\/wp-json\/wp\/v2\/product_brand?post=45808"},{"taxonomy":"product_cat","embeddable":true,"href":"https:\/\/smartyplantsnursery.com\/es\/wp-json\/wp\/v2\/product_cat?post=45808"},{"taxonomy":"product_tag","embeddable":true,"href":"https:\/\/smartyplantsnursery.com\/es\/wp-json\/wp\/v2\/product_tag?post=45808"}],"curies":[{"name":"wp","href":"https:\/\/api.w.org\/{rel}","templated":true}]}}