{"id":45817,"date":"2024-07-01T17:06:53","date_gmt":"2024-07-01T17:06:53","guid":{"rendered":"https:\/\/smartyplantsnursery.com\/product\/jamaica-dogwood-piscidia-piscipula\/"},"modified":"2025-12-31T14:59:12","modified_gmt":"2025-12-31T14:59:12","slug":"jamaica-dogwood-piscidia-piscipula","status":"publish","type":"product","link":"https:\/\/smartyplantsnursery.com\/es\/product\/jamaica-dogwood-piscidia-piscipula\/","title":{"rendered":"Jamaica dogwood &#8211; piscidia piscipula"},"content":{"rendered":"<p><b>Usos generales en el paisaje:<\/b> \u00c1rbol de acento en ubicaciones costeras.<\/p>\n<p><b>Descripci\u00f3n:<\/b> \u00c1rbol de tama\u00f1o mediano a grande con una copa irregular compuesta por muchas ramas erectas o de forma irregular. Troncos de hasta 3 pies de di\u00e1metro, pero generalmente mucho m\u00e1s peque\u00f1os. Corteza delgada, gris. Hojas compuestas, de color verde oscuro en la parte superior, p\u00e1lidas en la parte inferior; caducifolio tropical.   <\/p>\n<p><b>Dimensiones:<\/b> T\u00edpicamente de 25 a 35 pies de altura; hasta 41 pies en el sur de Florida. M\u00e1s alto que ancho. <\/p>\n<p><b>Tasa de crecimiento:<\/b> De moderada a r\u00e1pida.<\/p>\n<p><b>Distribuci\u00f3n:<\/b> Cayos del condado de Monroe al norte, principalmente a lo largo de las costas hasta el condado de Miami-Dade en la costa este (Miami Beach) y el condado de Lee en la costa oeste, con plantas dispersas en el interior y a lo largo de la costa oeste al norte de los condados de Hillsborough y Pinellas; Bahamas, Antillas Mayores, M\u00e9xico y Am\u00e9rica Central.<\/p>\n<p><b>H\u00e1bitats:<\/b> Hamacas costeras.<\/p>\n<p><b>Suelos:<\/b> Suelos calizos o arenosos calc\u00e1reos h\u00famedos y bien drenados, con una capa superior de humus.<\/p>\n<p><b>Requisitos nutricionales:<\/b> Moderado; puede crecer en suelos pobres en nutrientes, pero necesita algo de contenido org\u00e1nico para prosperar.<\/p>\n<p><b>Tolerancia al agua salada:<\/b> Moderadamente baja; no tolera las inundaciones a largo plazo por agua salada o salobre, pero tolera la inundaci\u00f3n a corto plazo por agua salada de la marejada cicl\u00f3nica con da\u00f1os m\u00ednimos.<\/p>\n<p><b>Tolerancia al viento salino:<\/b> Moderada; crece cerca del agua salada, pero est\u00e1 protegido de la pulverizaci\u00f3n directa de sal por otra vegetaci\u00f3n.<\/p>\n<p><b>Tolerancia a la sequ\u00eda:<\/b> Alta; no requiere agua suplementaria una vez establecida.<\/p>\n<p><b>Requisitos de luz:<\/b> Pleno sol.<\/p>\n<p><b>Color de la flor:<\/b> Blanco a rosa o lavanda.<\/p>\n<p><b>Caracter\u00edsticas de la flor:<\/b> Llamativa por un breve per\u00edodo.<\/p>\n<p><b>Temporada de floraci\u00f3n:<\/b> Primavera.<\/p>\n<p><b>Fruto:<\/b> Vaina de color marr\u00f3n claro (legumbre) con alas de papel.<\/p>\n<p><b>Vida silvestre y ecolog\u00eda:<\/b> <b>Planta hu\u00e9sped larval<\/b> para la mariposa azul de Cassius (<i>Leptotes cassius<\/i>) y el saltador de hamaca (<i>Polygonus leo<\/i>); tambi\u00e9n hu\u00e9sped larval para las mariposas fulvous hairstreak (<i>Electrostrymon angelia<\/i>) recientemente introducidas. Atrae a las abejas polinizadoras. <\/p>\n<p><b>Notas de horticultura:<\/b> Se puede cultivar a partir de semillas.<\/p>\n","protected":false},"excerpt":{"rendered":"<p><a href=\"https:\/\/smartyplantsnursery.com\/wp-content\/uploads\/2023\/04\/Screen-Shot-2023-04-22-at-11.28.02-PM.png\"><img decoding=\"async\" class=\"alignnone size-medium wp-image-31863\" src=\"https:\/\/smartyplantsnursery.com\/wp-content\/uploads\/2023\/04\/Screen-Shot-2023-04-22-at-11.28.02-PM-300x134.png\" alt=\"Compre con confianza en el vivero Smarty Plants.\" width=\"300\" height=\"134\"><\/a><\/p>\n<div class=\"container\">\n<div class=\"table-container\">\n<table>\n<thead>\n<tr>\n<th>Tama\u00f1o de la maceta<\/th>\n<th>Altura media plantada (desde la tierra hasta la parte superior de la planta)<\/th>\n<\/tr>\n<\/thead>\n<tbody>\n<tr>\n<td>3 galones\/10&#8243;<\/td>\n<td>1 &#8211; 3 pies<\/td>\n<\/tr>\n<tr>\n<td>15 galones\/17&#8243;<\/td>\n<td>6 &#8211; 8 pies<\/td>\n<\/tr>\n<tr>\n<td>25 galones\/21&#8243;<\/td>\n<td>8 &#8211; 10 pies<\/td>\n<\/tr>\n<\/tbody>\n<\/table>\n<\/div>\n<\/div>\n","protected":false},"featured_media":50645,"comment_status":"open","ping_status":"closed","template":"","meta":[],"product_brand":[59,60],"product_cat":[340,344,311,346,310,324,309,361,341,334,358,335,323,330],"product_tag":[318,337,352],"class_list":{"0":"post-45817","1":"product","2":"type-product","3":"status-publish","4":"has-post-thumbnail","6":"product_brand-fann","7":"product_brand-fnps","8":"product_cat-alta","9":"product_cat-arbol","10":"product_cat-baja","11":"product_cat-bajo-mantenimiento","12":"product_cat-bien-drenado","13":"product_cat-llamativo","14":"product_cat-moderada","15":"product_cat-moderada-es-4","16":"product_cat-nativo","17":"product_cat-planta-de-acento","18":"product_cat-plantas-para-mariposas-plantas-para-polinizadores","19":"product_cat-pleno-sol","20":"product_cat-primavera","21":"product_cat-semilla","22":"product_tag-blanco","23":"product_tag-lavanda","24":"product_tag-rosa","25":"pa_pot-size-15-galones-17","26":"pa_pot-size-25-galones-21","27":"pa_pot-size-3-galones-10","28":"pa_pot-size-7-galones-14","31":"first","32":"instock","33":"taxable","34":"shipping-taxable","35":"purchasable","36":"product-type-variable"},"aioseo_notices":[],"_links":{"self":[{"href":"https:\/\/smartyplantsnursery.com\/es\/wp-json\/wp\/v2\/product\/45817","targetHints":{"allow":["GET"]}}],"collection":[{"href":"https:\/\/smartyplantsnursery.com\/es\/wp-json\/wp\/v2\/product"}],"about":[{"href":"https:\/\/smartyplantsnursery.com\/es\/wp-json\/wp\/v2\/types\/product"}],"replies":[{"embeddable":true,"href":"https:\/\/smartyplantsnursery.com\/es\/wp-json\/wp\/v2\/comments?post=45817"}],"wp:featuredmedia":[{"embeddable":true,"href":"https:\/\/smartyplantsnursery.com\/es\/wp-json\/wp\/v2\/media\/50645"}],"wp:attachment":[{"href":"https:\/\/smartyplantsnursery.com\/es\/wp-json\/wp\/v2\/media?parent=45817"}],"wp:term":[{"taxonomy":"product_brand","embeddable":true,"href":"https:\/\/smartyplantsnursery.com\/es\/wp-json\/wp\/v2\/product_brand?post=45817"},{"taxonomy":"product_cat","embeddable":true,"href":"https:\/\/smartyplantsnursery.com\/es\/wp-json\/wp\/v2\/product_cat?post=45817"},{"taxonomy":"product_tag","embeddable":true,"href":"https:\/\/smartyplantsnursery.com\/es\/wp-json\/wp\/v2\/product_tag?post=45817"}],"curies":[{"name":"wp","href":"https:\/\/api.w.org\/{rel}","templated":true}]}}