{"id":45833,"date":"2024-06-16T23:44:40","date_gmt":"2024-06-16T23:44:40","guid":{"rendered":"https:\/\/smartyplantsnursery.com\/product\/corona-de-espinas-euphorbia-milii\/"},"modified":"2026-04-06T14:59:01","modified_gmt":"2026-04-06T14:59:01","slug":"corona-de-espinas-euphorbia-milii","status":"publish","type":"product","link":"https:\/\/smartyplantsnursery.com\/es\/product\/corona-de-espinas-euphorbia-milii\/","title":{"rendered":"Corona de espinas &#8211; euphorbia milii"},"content":{"rendered":"<p class=\"\"><b class=\"\">Usos generales en el paisajismo:<\/b> Planta de interior, seto, borde, planta ornamental, contenedor<\/p>\n<p class=\"\"><b class=\"\">Notas sobre la restauraci\u00f3n ecol\u00f3gica:<\/b> Plantar en jardines, contenedores o paisajes urbanos donde sea poco probable que se propaguen a \u00e1reas naturales.<\/p>\n<p class=\"\"><b class=\"\">Descripci\u00f3n:<\/b> La corona de espinas es un arbusto perenne, herb\u00e1ceo y de hoja caduca con hojas de color verde brillante y flores verdosas. Las flores est\u00e1n encerradas dentro de br\u00e1cteas rojas o amarillas brillantes y duraderas. La planta es de forma suelta, espinosa e irregular, con espinas gruesas y negras, y su presencia hist\u00f3rica en el Medio Oriente llev\u00f3 a algunos a creer que los tallos de esta planta se hab\u00edan utilizado en la corona de espinas de Cristo, de ah\u00ed el nombre com\u00fan.  <\/p>\n<p class=\"\"><b class=\"\">Dimensiones:<\/b> Altura 5 &#8211; 6 pies.<\/p>\n<p class=\"\"><b class=\"\">Tasa de crecimiento:<\/b> moderada<\/p>\n<p class=\"\"><b class=\"\">Distribuci\u00f3n nativa:<\/b> Madagascar<\/p>\n<p class=\"\"><b class=\"\">H\u00e1bitats nativos:<\/b> Bosques secos y espinosos y regiones costeras<\/p>\n<p class=\"\"><b class=\"\">Suelos:<\/b> Bien drenados, arenosos<\/p>\n<p class=\"\"><b class=\"\">Requisitos nutricionales:<\/b> bajos<\/p>\n<p class=\"\"><b class=\"\">Tolerancia al agua salada:<\/b> De baja a moderada<\/p>\n<p class=\"\"><b class=\"\">Tolerancia al viento salado:<\/b> De baja a moderada<\/p>\n<p class=\"\"><b class=\"\">Tolerancia a la sequ\u00eda:<\/b> alta<\/p>\n<p class=\"\"><b class=\"\">Requisitos de luz:<\/b> pleno sol<\/p>\n<p class=\"\"><b class=\"\">Color de la flor:<\/b> Br\u00e1cteas en tonos de rojo, rosa, amarillo, naranja o blanco<\/p>\n<p class=\"\"><b class=\"\">Caracter\u00edsticas de la flor:<\/b> Las flores verdaderas son diminutas y discretas<\/p>\n<p class=\"\"><b class=\"\">Temporada de floraci\u00f3n:<\/b> Todo el a\u00f1o<\/p>\n<p class=\"\"><b class=\"\">Fruto:<\/b> C\u00e1psula peque\u00f1a de tres l\u00f3bulos que es verde cuando es joven y se vuelve marr\u00f3n a medida que madura.<\/p>\n<p class=\"\"><b class=\"\">Vida silvestre y ecolog\u00eda:<\/b> Las br\u00e1cteas coloridas de la planta atraen a polinizadores como los insectos y sus tallos espinosos brindan cierta protecci\u00f3n contra los herb\u00edvoros.<\/p>\n<p class=\"\"><b class=\"\">Notas de horticultura:<\/b> Se cultiva a partir de esquejes o semillas<\/p>\n<p class=\"\"><b class=\"\">Comentarios:<\/b><\/p>\n","protected":false},"excerpt":{"rendered":"<p><img fetchpriority=\"high\" decoding=\"async\" class=\"alignnone size-medium wp-image-54744\" src=\"https:\/\/smartyplantsnursery.com\/wp-content\/uploads\/2023\/04\/Screenshot-2026-03-03-at-2.22.47-PM-300x185.webp\" alt=\"\" width=\"300\" height=\"185\"><\/p>\n<div class=\"container\">\n<div class=\"table-container\">\n<table>\n<thead>\n<tr>\n<th>Tama\u00f1o de la maceta<\/th>\n<th>Altura media plantada (desde la tierra hasta la parte superior de la planta)<\/th>\n<\/tr>\n<\/thead>\n<tbody>\n<tr>\n<td>3 galones\/10&#8243;<\/td>\n<td>1 &#8211; 2 pies<\/td>\n<\/tr>\n<\/tbody>\n<\/table>\n<\/div>\n<\/div>\n","protected":false},"featured_media":52127,"comment_status":"open","ping_status":"closed","template":"","meta":[],"product_brand":[],"product_cat":[340,304,359,311,312,310,375,317,315,302,305,355,326,360,361,308,316,314,335,323,330,332,307],"product_tag":[319,318,351,350,352],"class_list":{"0":"post-45833","1":"product","2":"type-product","3":"status-publish","4":"has-post-thumbnail","6":"product_cat-alta","7":"product_cat-arbusto","8":"product_cat-arena","9":"product_cat-baja","10":"product_cat-baja-es","11":"product_cat-bien-drenado","12":"product_cat-borde","13":"product_cat-contenedor","14":"product_cat-esquejes","15":"product_cat-exotica","16":"product_cat-interior","17":"product_cat-invierno","18":"product_cat-moderada-es-2","19":"product_cat-moderada-es-3","20":"product_cat-moderada-es-4","21":"product_cat-otono","22":"product_cat-pequena","23":"product_cat-planta-de-especimen","24":"product_cat-pleno-sol","25":"product_cat-primavera","26":"product_cat-semilla","27":"product_cat-seto","28":"product_cat-verano","29":"product_tag-amarillo","30":"product_tag-blanco","31":"product_tag-naranja","32":"product_tag-rojo","33":"product_tag-rosa","34":"pa_pot-size-3-galones-10","37":"first","38":"instock","39":"taxable","40":"shipping-taxable","41":"purchasable","42":"product-type-variable"},"aioseo_notices":[],"_links":{"self":[{"href":"https:\/\/smartyplantsnursery.com\/es\/wp-json\/wp\/v2\/product\/45833","targetHints":{"allow":["GET"]}}],"collection":[{"href":"https:\/\/smartyplantsnursery.com\/es\/wp-json\/wp\/v2\/product"}],"about":[{"href":"https:\/\/smartyplantsnursery.com\/es\/wp-json\/wp\/v2\/types\/product"}],"replies":[{"embeddable":true,"href":"https:\/\/smartyplantsnursery.com\/es\/wp-json\/wp\/v2\/comments?post=45833"}],"wp:featuredmedia":[{"embeddable":true,"href":"https:\/\/smartyplantsnursery.com\/es\/wp-json\/wp\/v2\/media\/52127"}],"wp:attachment":[{"href":"https:\/\/smartyplantsnursery.com\/es\/wp-json\/wp\/v2\/media?parent=45833"}],"wp:term":[{"taxonomy":"product_brand","embeddable":true,"href":"https:\/\/smartyplantsnursery.com\/es\/wp-json\/wp\/v2\/product_brand?post=45833"},{"taxonomy":"product_cat","embeddable":true,"href":"https:\/\/smartyplantsnursery.com\/es\/wp-json\/wp\/v2\/product_cat?post=45833"},{"taxonomy":"product_tag","embeddable":true,"href":"https:\/\/smartyplantsnursery.com\/es\/wp-json\/wp\/v2\/product_tag?post=45833"}],"curies":[{"name":"wp","href":"https:\/\/api.w.org\/{rel}","templated":true}]}}