{"id":45838,"date":"2024-06-29T00:32:49","date_gmt":"2024-06-29T00:32:49","guid":{"rendered":"https:\/\/smartyplantsnursery.com\/product\/llama-de-los-bosques-llama-de-la-jungla-geranio-de-la-jungla-ixora-coccinea-maui-red\/"},"modified":"2025-12-17T17:23:19","modified_gmt":"2025-12-17T17:23:19","slug":"llama-de-los-bosques-llama-de-la-jungla-geranio-de-la-jungla-ixora-coccinea-maui-red","status":"publish","type":"product","link":"https:\/\/smartyplantsnursery.com\/es\/product\/llama-de-los-bosques-llama-de-la-jungla-geranio-de-la-jungla-ixora-coccinea-maui-red\/","title":{"rendered":"Llama de los bosques, llama de la jungla, geranio de la jungla &#8211; ixora coccinea \u201cmaui Red\u201d"},"content":{"rendered":"<p class=\"\"><b class=\"\">Usos generales en el paisajismo:<\/b> setos y bordes, plantaciones de cimientos, jard\u00edn de polinizadores, contenedor<\/p>\n<p class=\"\"><b class=\"\">Notas sobre la restauraci\u00f3n ecol\u00f3gica:<\/b> creaci\u00f3n de h\u00e1bitats para polinizadores, h\u00e1bitat de vida silvestre, mejora de la biodiversidad<\/p>\n<p class=\"\"><b class=\"\">Descripci\u00f3n:<\/b> Arbusto de floraci\u00f3n vibrante.<\/p>\n<p class=\"\"><b class=\"\">Dimensiones:<\/b> Altura 3 &#8211; 4 pies; Extensi\u00f3n 3 &#8211; 4 pies.<\/p>\n<p class=\"\"><b class=\"\">Tasa de crecimiento:<\/b> moderada<\/p>\n<p class=\"\"><b class=\"\">Distribuci\u00f3n nativa:<\/b> Sri Lanka<\/p>\n<p class=\"\"><b class=\"\">H\u00e1bitats nativos:<\/b> Bosques tropicales, zonas boscosas<\/p>\n<p class=\"\"><b class=\"\">Suelos:<\/b> Ligeramente \u00e1cidos, con buen drenaje<\/p>\n<p class=\"\"><b class=\"\">Requisitos nutricionales:<\/b> moderados<\/p>\n<p class=\"\"><b class=\"\">Tolerancia al agua salada:<\/b> moderada<\/p>\n<p class=\"\"><b class=\"\">Tolerancia al viento salado:<\/b> moderada<\/p>\n<p class=\"\"><b class=\"\">Tolerancia a la sequ\u00eda:<\/b> moderada<\/p>\n<p class=\"\"><b class=\"\">Requisitos de luz:<\/b> pleno sol<\/p>\n<p class=\"\"><b class=\"\">Color de la flor:<\/b> Rojo<\/p>\n<p class=\"\"><b class=\"\">Caracter\u00edsticas de la flor:<\/b> Peque\u00f1a, tubular<\/p>\n<p class=\"\"><b class=\"\">Temporada de floraci\u00f3n:<\/b> Todo el a\u00f1o<\/p>\n<p class=\"\"><b class=\"\">Fruto:<\/b> Bayas redondas y lisas<\/p>\n<p class=\"\"><b class=\"\">Vida silvestre y ecolog\u00eda:<\/b> Atracci\u00f3n de polinizadores, atracci\u00f3n de insectos beneficiosos<\/p>\n<p class=\"\"><b class=\"\">Notas de horticultura:<\/b> Cultivado a partir de esquejes, semillas<\/p>\n<p class=\"\"><b class=\"\">Comentarios:<\/b><\/p>\n","protected":false},"excerpt":{"rendered":"<p><a href=\"https:\/\/smartyplantsnursery.com\/wp-content\/uploads\/2023\/04\/Screen-Shot-2023-04-22-at-11.28.02-PM.png\"><img decoding=\"async\" class=\"alignnone size-medium wp-image-31863\" src=\"https:\/\/smartyplantsnursery.com\/wp-content\/uploads\/2023\/04\/Screen-Shot-2023-04-22-at-11.28.02-PM-300x134.png\" alt=\"Compre con confianza en el vivero Smarty Plants.\" width=\"300\" height=\"134\"><\/a><\/p>\n<div class=\"container\">\n<div class=\"table-container\">\n<table>\n<thead>\n<tr>\n<th>Tama\u00f1o de la maceta<\/th>\n<th>Altura media plantada (desde la tierra hasta la parte superior de la planta)<\/th>\n<\/tr>\n<\/thead>\n<tbody>\n<tr>\n<td>3 galones\/10&#8243;<\/td>\n<td>1 &#8211; 2 pies<\/td>\n<\/tr>\n<tr>\n<td>7 galones\/14&#8243;<\/td>\n<td>0,6 &#8211; 0,9 m<\/td>\n<\/tr>\n<\/tbody>\n<\/table>\n<\/div>\n<\/div>\n","protected":false},"featured_media":43898,"comment_status":"open","ping_status":"closed","template":"","meta":[],"product_brand":[],"product_cat":[343,304,310,375,317,315,302,355,361,360,309,313,326,308,316,358,335,323,330,332,307],"product_tag":[350],"class_list":{"0":"post-45838","1":"product","2":"type-product","3":"status-publish","4":"has-post-thumbnail","6":"product_cat-acido","7":"product_cat-arbusto","8":"product_cat-bien-drenado","9":"product_cat-borde","10":"product_cat-contenedor","11":"product_cat-esquejes","12":"product_cat-exotica","13":"product_cat-invierno","14":"product_cat-moderada-es-4","15":"product_cat-moderada-es-3","16":"product_cat-moderada","17":"product_cat-moderada-es","18":"product_cat-moderada-es-2","19":"product_cat-otono","20":"product_cat-pequena","21":"product_cat-plantas-para-mariposas-plantas-para-polinizadores","22":"product_cat-pleno-sol","23":"product_cat-primavera","24":"product_cat-semilla","25":"product_cat-seto","26":"product_cat-verano","27":"product_tag-rojo","28":"pa_pot-size-3-galones-10","29":"pa_pot-size-7-galones-14","32":"first","33":"instock","34":"taxable","35":"shipping-taxable","36":"purchasable","37":"product-type-variable"},"aioseo_notices":[],"_links":{"self":[{"href":"https:\/\/smartyplantsnursery.com\/es\/wp-json\/wp\/v2\/product\/45838","targetHints":{"allow":["GET"]}}],"collection":[{"href":"https:\/\/smartyplantsnursery.com\/es\/wp-json\/wp\/v2\/product"}],"about":[{"href":"https:\/\/smartyplantsnursery.com\/es\/wp-json\/wp\/v2\/types\/product"}],"replies":[{"embeddable":true,"href":"https:\/\/smartyplantsnursery.com\/es\/wp-json\/wp\/v2\/comments?post=45838"}],"wp:featuredmedia":[{"embeddable":true,"href":"https:\/\/smartyplantsnursery.com\/es\/wp-json\/wp\/v2\/media\/43898"}],"wp:attachment":[{"href":"https:\/\/smartyplantsnursery.com\/es\/wp-json\/wp\/v2\/media?parent=45838"}],"wp:term":[{"taxonomy":"product_brand","embeddable":true,"href":"https:\/\/smartyplantsnursery.com\/es\/wp-json\/wp\/v2\/product_brand?post=45838"},{"taxonomy":"product_cat","embeddable":true,"href":"https:\/\/smartyplantsnursery.com\/es\/wp-json\/wp\/v2\/product_cat?post=45838"},{"taxonomy":"product_tag","embeddable":true,"href":"https:\/\/smartyplantsnursery.com\/es\/wp-json\/wp\/v2\/product_tag?post=45838"}],"curies":[{"name":"wp","href":"https:\/\/api.w.org\/{rel}","templated":true}]}}