{"id":45841,"date":"2024-06-05T01:02:38","date_gmt":"2024-06-05T01:02:38","guid":{"rendered":"https:\/\/smartyplantsnursery.com\/product\/bambu-maling-bambu-seabreeze-bambusa-malingensis\/"},"modified":"2026-01-09T19:08:50","modified_gmt":"2026-01-09T19:08:50","slug":"bambu-maling-bambu-seabreeze-bambusa-malingensis","status":"publish","type":"product","link":"https:\/\/smartyplantsnursery.com\/es\/product\/bambu-maling-bambu-seabreeze-bambusa-malingensis\/","title":{"rendered":"Bamb\u00fa maling, bamb\u00fa seabreeze &#8211; bambusa malingensis"},"content":{"rendered":"<p class=\"\"><b class=\"\">Usos generales en el paisaje:<\/b> Pantalla de privacidad o seto, cortavientos, control de la erosi\u00f3n, elemento ornamental, cultivo en contenedores<\/p>\n<p class=\"\"><b class=\"\">Notas sobre la restauraci\u00f3n ecol\u00f3gica:<\/b> Secuestro de carbono, h\u00e1bitat de vida silvestre, mejora la calidad del aire<\/p>\n<p class=\"\"><b class=\"\">Descripci\u00f3n:<\/b> Bamb\u00fa de mata.<\/p>\n<p class=\"\"><b class=\"\">Dimensiones:<\/b> Altura 30 &#8211; 35 pies.<\/p>\n<p class=\"\"><b class=\"\">Tasa de crecimiento:<\/b> r\u00e1pida<\/p>\n<p class=\"\"><b class=\"\">Distribuci\u00f3n nativa:<\/b> sur de China<\/p>\n<p class=\"\"><b class=\"\">H\u00e1bitats nativos:<\/b> Bosques subtropicales y tropicales, \u00e1reas costeras y de tierras bajas, laderas y pendientes, riberas y humedales<\/p>\n<p class=\"\"><b class=\"\">Suelos:<\/b> Con buen drenaje, francos<\/p>\n<p class=\"\"><b class=\"\">Requisitos nutricionales:<\/b> moderados<\/p>\n<p class=\"\"><b class=\"\">Tolerancia al agua salada:<\/b> alta<\/p>\n<p class=\"\"><b class=\"\">Tolerancia al viento salado:<\/b> alta<\/p>\n<p class=\"\"><b class=\"\">Tolerancia a la sequ\u00eda:<\/b> alta<\/p>\n<p class=\"\"><b class=\"\">Requisitos de luz:<\/b> Pleno sol, sol parcial<\/p>\n<p class=\"\"><b class=\"\">Color de la flor:<\/b> Verde claro a beige amarillento<\/p>\n<p class=\"\"><b class=\"\">Caracter\u00edsticas de la flor:<\/b> Puede tardar varias d\u00e9cadas en florecer.<\/p>\n<p class=\"\"><b class=\"\">Temporada de floraci\u00f3n:<\/b> ninguna<\/p>\n<p class=\"\"><b class=\"\">Fruto:<\/b> Cari\u00f3pside seca que es de color marr\u00f3n claro o beige cuando est\u00e1 madura<\/p>\n<p class=\"\"><b class=\"\">Vida silvestre y ecolog\u00eda:<\/b> Proporciona refugio y sitios de anidaci\u00f3n para aves, insectos y peque\u00f1os mam\u00edferos. El denso follaje ofrece protecci\u00f3n contra los depredadores para diversas especies de vida silvestre. <\/p>\n<p class=\"\"><b class=\"\">Notas de horticultura:<\/b> Se propaga por divisi\u00f3n, esquejes de rizoma<\/p>\n<p class=\"\"><b class=\"\">Comentarios:<\/b><\/p>\n<p>&nbsp;<\/p>\n","protected":false},"excerpt":{"rendered":"<p><a href=\"https:\/\/smartyplantsnursery.com\/wp-content\/uploads\/2023\/04\/Screen-Shot-2023-04-22-at-11.28.02-PM.png\"><img decoding=\"async\" class=\"alignnone size-medium wp-image-31863\" src=\"https:\/\/smartyplantsnursery.com\/wp-content\/uploads\/2023\/04\/Screen-Shot-2023-04-22-at-11.28.02-PM-300x134.png\" alt=\"Compre con confianza en el vivero Smarty Plants.\" width=\"300\" height=\"134\"><\/a><\/p>\n<div class=\"container\">\n<div class=\"table-container\">\n<table>\n<thead>\n<tr>\n<th>Tama\u00f1o de la maceta<\/th>\n<th>Altura media plantada (desde la tierra hasta la parte superior de la planta)<\/th>\n<\/tr>\n<\/thead>\n<tbody>\n<tr>\n<td>15 galones\/17&#8243;<\/td>\n<td>2,4 &#8211; 3 m<\/td>\n<\/tr>\n<tr>\n<td>25 galones\/21&#8243;<\/td>\n<td>3 &#8211; 3,6 m<\/td>\n<\/tr>\n<\/tbody>\n<\/table>\n<\/div>\n<\/div>\n","protected":false},"featured_media":44402,"comment_status":"open","ping_status":"closed","template":"","meta":[],"product_brand":[],"product_cat":[376,362,340,304,310,317,331,315,302,369,378,335,322,332,303],"product_tag":[402,327],"class_list":{"0":"post-45841","1":"product","2":"type-product","3":"status-publish","4":"has-post-thumbnail","6":"product_cat-alta-es-3","7":"product_cat-alta-es-2","8":"product_cat-alta","9":"product_cat-arbusto","10":"product_cat-bien-drenado","11":"product_cat-contenedor","12":"product_cat-division-es","13":"product_cat-esquejes","14":"product_cat-exotica","15":"product_cat-franco","16":"product_cat-pantalla","17":"product_cat-pleno-sol","18":"product_cat-rapido","19":"product_cat-seto","20":"product_cat-sol-parcial","21":"product_tag-beige-es","22":"product_tag-verde","23":"pa_pot-size-15-galones-17","24":"pa_pot-size-25-galones-21","27":"first","28":"instock","29":"taxable","30":"shipping-taxable","31":"purchasable","32":"product-type-variable"},"aioseo_notices":[],"_links":{"self":[{"href":"https:\/\/smartyplantsnursery.com\/es\/wp-json\/wp\/v2\/product\/45841","targetHints":{"allow":["GET"]}}],"collection":[{"href":"https:\/\/smartyplantsnursery.com\/es\/wp-json\/wp\/v2\/product"}],"about":[{"href":"https:\/\/smartyplantsnursery.com\/es\/wp-json\/wp\/v2\/types\/product"}],"replies":[{"embeddable":true,"href":"https:\/\/smartyplantsnursery.com\/es\/wp-json\/wp\/v2\/comments?post=45841"}],"wp:featuredmedia":[{"embeddable":true,"href":"https:\/\/smartyplantsnursery.com\/es\/wp-json\/wp\/v2\/media\/44402"}],"wp:attachment":[{"href":"https:\/\/smartyplantsnursery.com\/es\/wp-json\/wp\/v2\/media?parent=45841"}],"wp:term":[{"taxonomy":"product_brand","embeddable":true,"href":"https:\/\/smartyplantsnursery.com\/es\/wp-json\/wp\/v2\/product_brand?post=45841"},{"taxonomy":"product_cat","embeddable":true,"href":"https:\/\/smartyplantsnursery.com\/es\/wp-json\/wp\/v2\/product_cat?post=45841"},{"taxonomy":"product_tag","embeddable":true,"href":"https:\/\/smartyplantsnursery.com\/es\/wp-json\/wp\/v2\/product_tag?post=45841"}],"curies":[{"name":"wp","href":"https:\/\/api.w.org\/{rel}","templated":true}]}}