{"id":45868,"date":"2024-05-23T12:22:49","date_gmt":"2024-05-23T12:22:49","guid":{"rendered":"https:\/\/smartyplantsnursery.com\/product\/mastic-mastichodendron-foetidissimum\/"},"modified":"2026-01-26T19:26:37","modified_gmt":"2026-01-26T19:26:37","slug":"mastic-mastichodendron-foetidissimum","status":"publish","type":"product","link":"https:\/\/smartyplantsnursery.com\/es\/product\/mastic-mastichodendron-foetidissimum\/","title":{"rendered":"Mastic &#8211; mastichodendron foetidissimum"},"content":{"rendered":"<p><b>Usos generales en el paisajismo:<\/b> \u00c1rbol ornamental o de sombra en paisajes residenciales y comerciales.<\/p>\n<p><b>Descripci\u00f3n:<\/b> \u00c1rbol de tama\u00f1o mediano a grande con una copa irregular y redondeada. Troncos grandes, erectos, con contrafuertes en la base, de hasta 1 metro de di\u00e1metro. Corteza de color marr\u00f3n a marr\u00f3n gris\u00e1ceo o marr\u00f3n rojizo, gruesa, dividida en placas gruesas que exponen la corteza interior. Hojas brillantes, de color verde oscuro a verde amarillento con un margen ondulado, de 5 a 15 cm de largo.   <\/p>\n<p><b>Dimensiones:<\/b> Normalmente de 9 a 18 metros de altura; hasta 36 metros en el sur de Florida. M\u00e1s alto que ancho. <\/p>\n<p><b>Tasa de crecimiento:<\/b> moderada.<\/p>\n<p><b>Distribuci\u00f3n:<\/b> Desde los Cayos del Condado de Monroe hacia el norte, principalmente a lo largo de las costas, hasta los condados de Volusia y Manatee; Indias Occidentales y M\u00e9xico. Muy raro en los Cayos del Condado de Monroe medio e inferior. <\/p>\n<p><b>H\u00e1bitats:<\/b> hamacas.<\/p>\n<p><b>Suelos:<\/b> Suelos arenosos o calizos h\u00famedos y bien drenados, con una capa superior rica en humus.<\/p>\n<p><b>Requisitos nutricionales:<\/b> Moderado; puede crecer en suelos pobres en nutrientes, pero necesita algo de contenido org\u00e1nico para prosperar.<\/p>\n<p><b>Tolerancia al agua salada:<\/b> Baja; no tolera las inundaciones a largo plazo con agua salada o salobre.<\/p>\n<p><b>Tolerancia al viento salado:<\/b> Alta; puede tolerar cantidades moderadas de viento salado sin da\u00f1os significativos.<\/p>\n<p><b>Tolerancia a la sequ\u00eda:<\/b> Alta; no requiere agua suplementaria una vez establecida.<\/p>\n<p><b>Requisitos de luz:<\/b> Pleno sol.<\/p>\n<p><b>Color de la flor:<\/b> Amarillo verdoso.<\/p>\n<p><b>Caracter\u00edsticas de la flor:<\/b> Discreta pero maloliente.<\/p>\n<p><b>Temporada de floraci\u00f3n:<\/b> Primavera-oto\u00f1o; pico en verano.<\/p>\n<p><b>Fruto:<\/b> Baya de color amarillo-naranja, de aproximadamente 2,5 cm de largo. Comestible. Invierno-verano.  <\/p>\n<p><b>Fauna y ecolog\u00eda:<\/b> Proporciona alimento y refugio importantes para la vida silvestre. polinizadores <\/p>\n<p><b>Notas de horticultura:<\/b> Se puede cultivar a partir de semillas.<\/p>\n<p><b>Comentarios:<\/b> Los frutos son comestibles crudos, pero el l\u00e1tex es muy pegajoso. La madera se utiliza para la construcci\u00f3n de barcos en las Indias Occidentales. <\/p>\n","protected":false},"excerpt":{"rendered":"<p><a href=\"https:\/\/smartyplantsnursery.com\/wp-content\/uploads\/2023\/04\/Screen-Shot-2023-04-22-at-11.28.02-PM.png\"><img decoding=\"async\" class=\"alignnone size-medium wp-image-31863\" src=\"https:\/\/smartyplantsnursery.com\/wp-content\/uploads\/2023\/04\/Screen-Shot-2023-04-22-at-11.28.02-PM-300x134.png\" alt=\"Compre con confianza en el vivero Smarty Plants.\" width=\"300\" height=\"134\"><\/a><\/p>\n<div class=\"container\">\n<div class=\"table-container\">\n<table>\n<thead>\n<tr>\n<th>Tama\u00f1o de la maceta<\/th>\n<th>Altura media plantada (desde la tierra hasta la parte superior de la planta)<\/th>\n<\/tr>\n<\/thead>\n<tbody>\n<tr>\n<td>25 galones\/21&#8243;<\/td>\n<td>8 &#8211; 10 pies<\/td>\n<\/tr>\n<\/tbody>\n<\/table>\n<\/div>\n","protected":false},"featured_media":44422,"comment_status":"open","ping_status":"closed","template":"","meta":[],"product_brand":[59,60],"product_cat":[340,362,344,371,359,311,346,310,365,326,341,308,314,335,323,330,307],"product_tag":[319,327],"class_list":{"0":"post-45868","1":"product","2":"type-product","3":"status-publish","4":"has-post-thumbnail","6":"product_brand-fann","7":"product_brand-fnps","8":"product_cat-alta","9":"product_cat-alta-es-2","10":"product_cat-arbol","11":"product_cat-arbol-de-sombra","12":"product_cat-arena","13":"product_cat-baja","14":"product_cat-bajo-mantenimiento","15":"product_cat-bien-drenado","16":"product_cat-inconspicuo","17":"product_cat-moderada-es-2","18":"product_cat-nativo","19":"product_cat-otono","20":"product_cat-planta-de-especimen","21":"product_cat-pleno-sol","22":"product_cat-primavera","23":"product_cat-semilla","24":"product_cat-verano","25":"product_tag-amarillo","26":"product_tag-verde","27":"pa_pot-size-25-galones-21","30":"first","31":"instock","32":"taxable","33":"shipping-taxable","34":"purchasable","35":"product-type-variable"},"aioseo_notices":[],"_links":{"self":[{"href":"https:\/\/smartyplantsnursery.com\/es\/wp-json\/wp\/v2\/product\/45868","targetHints":{"allow":["GET"]}}],"collection":[{"href":"https:\/\/smartyplantsnursery.com\/es\/wp-json\/wp\/v2\/product"}],"about":[{"href":"https:\/\/smartyplantsnursery.com\/es\/wp-json\/wp\/v2\/types\/product"}],"replies":[{"embeddable":true,"href":"https:\/\/smartyplantsnursery.com\/es\/wp-json\/wp\/v2\/comments?post=45868"}],"wp:featuredmedia":[{"embeddable":true,"href":"https:\/\/smartyplantsnursery.com\/es\/wp-json\/wp\/v2\/media\/44422"}],"wp:attachment":[{"href":"https:\/\/smartyplantsnursery.com\/es\/wp-json\/wp\/v2\/media?parent=45868"}],"wp:term":[{"taxonomy":"product_brand","embeddable":true,"href":"https:\/\/smartyplantsnursery.com\/es\/wp-json\/wp\/v2\/product_brand?post=45868"},{"taxonomy":"product_cat","embeddable":true,"href":"https:\/\/smartyplantsnursery.com\/es\/wp-json\/wp\/v2\/product_cat?post=45868"},{"taxonomy":"product_tag","embeddable":true,"href":"https:\/\/smartyplantsnursery.com\/es\/wp-json\/wp\/v2\/product_tag?post=45868"}],"curies":[{"name":"wp","href":"https:\/\/api.w.org\/{rel}","templated":true}]}}