{"id":45878,"date":"2024-02-07T23:45:37","date_gmt":"2024-02-07T23:45:37","guid":{"rendered":"https:\/\/smartyplantsnursery.com\/product\/pink-powderpuff-calliandra-surinamensis\/"},"modified":"2026-03-07T14:51:18","modified_gmt":"2026-03-07T14:51:18","slug":"pink-powderpuff-calliandra-surinamensis","status":"publish","type":"product","link":"https:\/\/smartyplantsnursery.com\/es\/product\/pink-powderpuff-calliandra-surinamensis\/","title":{"rendered":"Pink powderpuff &#8211; calliandra surinamensis"},"content":{"rendered":"<p class=\"\"><b class=\"\">Usos generales en el paisajismo:<\/b> Principalmente como esp\u00e9cimen ornamental, tambi\u00e9n se puede entrenar como seto.<\/p>\n<p class=\"\"><b class=\"\">Notas sobre la restauraci\u00f3n ecol\u00f3gica:<\/b> Apoyo a los polinizadores, fijaci\u00f3n de nitr\u00f3geno<\/p>\n<p class=\"\"><b class=\"\">Descripci\u00f3n:<\/b> Un precioso arbusto florido o \u00e1rbol peque\u00f1o conocido por sus esponjosas flores en forma de borla rosa y blanca y su follaje parecido a un helecho.<\/p>\n<p class=\"\"><b class=\"\">Dimensiones:<\/b> Altura 1,8 &#8211; 3,6 m.<\/p>\n<p class=\"\"><b class=\"\">Tasa de crecimiento:<\/b> r\u00e1pida<\/p>\n<p class=\"\"><b class=\"\">Distribuci\u00f3n nativa:<\/b> Nativa de la zona tropical de Sudam\u00e9rica; distribuida de diversas formas en los tr\u00f3picos y subtr\u00f3picos; se encuentra en todo el Caribe<\/p>\n<p class=\"\"><b class=\"\">H\u00e1bitats nativos:<\/b> Bosques tropicales de tierras bajas, riberas, bordes de bosques, matorrales<\/p>\n<p class=\"\"><b class=\"\">Suelos:<\/b> Bien drenados, francos<\/p>\n<p class=\"\"><b class=\"\">Requisitos nutricionales:<\/b> moderados<\/p>\n<p class=\"\"><b class=\"\">Tolerancia al agua salada:<\/b> De baja a moderada<\/p>\n<p class=\"\"><b class=\"\">Tolerancia al viento salado:<\/b> De baja a moderada<\/p>\n<p class=\"\"><b class=\"\">Tolerancia a la sequ\u00eda:<\/b> alta<\/p>\n<p class=\"\"><b class=\"\">Requisitos de luz:<\/b> pleno sol a sol parcial<\/p>\n<p class=\"\"><b class=\"\">Color de la flor:<\/b> filamentos blancos en la base y rosas o rojos en la parte superior<\/p>\n<p class=\"\"><b class=\"\">Caracter\u00edsticas de la flor:<\/b> llamativa<\/p>\n<p class=\"\"><b class=\"\">Temporada de floraci\u00f3n:<\/b> Todo el a\u00f1o<\/p>\n<p class=\"\"><b class=\"\">Fruto:<\/b> Una vaina de leguminosa que comienza verde y se vuelve marr\u00f3n y seca cuando las semillas est\u00e1n listas<\/p>\n<p class=\"\"><b class=\"\">Fauna y ecolog\u00eda:<\/b> Im\u00e1n para polinizadores, h\u00e1bitat y refugio<\/p>\n<p class=\"\"><b class=\"\">Notas de horticultura:<\/b> Se propaga por semilla, esquejes<\/p>\n<p class=\"\"><b class=\"\">Comentarios:<\/b><\/p>\n","protected":false},"excerpt":{"rendered":"<p><a href=\"https:\/\/smartyplantsnursery.com\/wp-content\/uploads\/2023\/04\/Screen-Shot-2023-04-22-at-11.28.02-PM.png\"><img decoding=\"async\" class=\"alignnone size-medium wp-image-31863\" src=\"https:\/\/smartyplantsnursery.com\/wp-content\/uploads\/2023\/04\/Screen-Shot-2023-04-22-at-11.28.02-PM-300x134.png\" alt=\"Compre con confianza en el vivero Smarty Plants.\" width=\"300\" height=\"134\"><\/a><\/p>\n<div class=\"container\">\n<div class=\"table-container\">\n<table>\n<thead>\n<tr>\n<th>Tama\u00f1o de la maceta<\/th>\n<th>Altura media plantada (desde la tierra hasta la parte superior de la planta)<\/th>\n<th>Calibre<\/th>\n<\/tr>\n<\/thead>\n<tbody>\n<tr>\n<td>3 galones\/10&#8243;<\/td>\n<td>1 &#8211; 3 pies<\/td>\n<td><\/td>\n<\/tr>\n<tr>\n<td>7 galones\/14&#8243;<\/td>\n<td>0,9 &#8211; 1,5 m<\/td>\n<td><\/td>\n<\/tr>\n<tr>\n<td>15 galones \/ 17&#8243;<\/td>\n<td>5-8 pies<\/td>\n<td><\/td>\n<\/tr>\n<tr>\n<td>25 galones \/ 21&#8243;<\/td>\n<td>8-12 pies<\/td>\n<td>1-2 pulg.<\/td>\n<\/tr>\n<tr>\n<td>45 galones \/ 28&#8243;<\/td>\n<td>12-15 pies<\/td>\n<td>2-2,5 pulg.<\/td>\n<\/tr>\n<\/tbody>\n<\/table>\n<\/div>\n<\/div>\n","protected":false},"featured_media":54417,"comment_status":"open","ping_status":"closed","template":"","meta":[],"product_brand":[],"product_cat":[340,344,312,311,310,315,302,369,355,324,361,360,309,308,314,335,323,322,330,303,307],"product_tag":[318,350,352],"class_list":{"0":"post-45878","1":"product","2":"type-product","3":"status-publish","4":"has-post-thumbnail","6":"product_cat-alta","7":"product_cat-arbol","8":"product_cat-baja-es","9":"product_cat-baja","10":"product_cat-bien-drenado","11":"product_cat-esquejes","12":"product_cat-exotica","13":"product_cat-franco","14":"product_cat-invierno","15":"product_cat-llamativo","16":"product_cat-moderada-es-4","17":"product_cat-moderada-es-3","18":"product_cat-moderada","19":"product_cat-otono","20":"product_cat-planta-de-especimen","21":"product_cat-pleno-sol","22":"product_cat-primavera","23":"product_cat-rapido","24":"product_cat-semilla","25":"product_cat-sol-parcial","26":"product_cat-verano","27":"product_tag-blanco","28":"product_tag-rojo","29":"product_tag-rosa","30":"pa_pot-size-15-galones-17","31":"pa_pot-size-25-galones-21","32":"pa_pot-size-3-galones-10","33":"pa_pot-size-45-galones-28","34":"pa_pot-size-7-galones-14","37":"first","38":"instock","39":"taxable","40":"shipping-taxable","41":"purchasable","42":"product-type-variable"},"aioseo_notices":[],"_links":{"self":[{"href":"https:\/\/smartyplantsnursery.com\/es\/wp-json\/wp\/v2\/product\/45878","targetHints":{"allow":["GET"]}}],"collection":[{"href":"https:\/\/smartyplantsnursery.com\/es\/wp-json\/wp\/v2\/product"}],"about":[{"href":"https:\/\/smartyplantsnursery.com\/es\/wp-json\/wp\/v2\/types\/product"}],"replies":[{"embeddable":true,"href":"https:\/\/smartyplantsnursery.com\/es\/wp-json\/wp\/v2\/comments?post=45878"}],"wp:featuredmedia":[{"embeddable":true,"href":"https:\/\/smartyplantsnursery.com\/es\/wp-json\/wp\/v2\/media\/54417"}],"wp:attachment":[{"href":"https:\/\/smartyplantsnursery.com\/es\/wp-json\/wp\/v2\/media?parent=45878"}],"wp:term":[{"taxonomy":"product_brand","embeddable":true,"href":"https:\/\/smartyplantsnursery.com\/es\/wp-json\/wp\/v2\/product_brand?post=45878"},{"taxonomy":"product_cat","embeddable":true,"href":"https:\/\/smartyplantsnursery.com\/es\/wp-json\/wp\/v2\/product_cat?post=45878"},{"taxonomy":"product_tag","embeddable":true,"href":"https:\/\/smartyplantsnursery.com\/es\/wp-json\/wp\/v2\/product_tag?post=45878"}],"curies":[{"name":"wp","href":"https:\/\/api.w.org\/{rel}","templated":true}]}}