{"id":45923,"date":"2024-01-22T22:29:07","date_gmt":"2024-01-22T22:29:07","guid":{"rendered":"https:\/\/smartyplantsnursery.com\/product\/frangipani-singapur-plumeria-obtusa-singapur\/"},"modified":"2025-12-18T18:37:24","modified_gmt":"2025-12-18T18:37:24","slug":"frangipani-singapur-plumeria-obtusa-singapur","status":"publish","type":"product","link":"https:\/\/smartyplantsnursery.com\/es\/product\/frangipani-singapur-plumeria-obtusa-singapur\/","title":{"rendered":"Frangipani \u201cSingapur\u201d &#8211; plumeria obtusa \u201cSingapur\u201d"},"content":{"rendered":"<p class=\"\"><b class=\"\">Usos generales en el paisaje:<\/b> Paisajismo ornamental<\/p>\n<p class=\"\"><b class=\"\">Notas sobre la restauraci\u00f3n ecol\u00f3gica:<\/b> Restauraci\u00f3n de suelos arenosos o propensos a la sequ\u00eda, paisajismo costero y cortavientos, apoyo a polinizadores<\/p>\n<p class=\"\"><b class=\"\">Descripci\u00f3n:<\/b> Las hojas son de color verde oscuro brillante en la parte superior, verde m\u00e1s p\u00e1lido y con venas prominentes en la parte inferior, cori\u00e1ceas y estrechamente ovaladas con una punta redondeada distintiva. Las hojas se agrupan cerca de las puntas de las ramas gruesas, carnosas, nudosas y marrones. <\/p>\n<p class=\"\"><b class=\"\">Dimensiones:<\/b> Altura 20 pies.<\/p>\n<p class=\"\"><b class=\"\">Tasa de crecimiento:<\/b> De moderada a r\u00e1pida<\/p>\n<p class=\"\"><b class=\"\">Distribuci\u00f3n nativa:<\/b> M\u00e9xico, Belice, Guatemala y el Caribe.<\/p>\n<p class=\"\"><b class=\"\">H\u00e1bitats nativos:<\/b> Zonas costeras<\/p>\n<p class=\"\"><b class=\"\">Suelos:<\/b> Bien drenados, arenosos o limosos, pH ligeramente \u00e1cido a neutro<\/p>\n<p class=\"\"><b class=\"\">Requisitos nutricionales:<\/b> De moderados a altos<\/p>\n<p class=\"\"><b class=\"\">Tolerancia al agua salada:<\/b> moderada<\/p>\n<p class=\"\"><b class=\"\">Tolerancia al viento salado:<\/b> moderada<\/p>\n<p class=\"\"><b class=\"\">Tolerancia a la sequ\u00eda:<\/b> alta<\/p>\n<p class=\"\"><b class=\"\">Requisitos de luz:<\/b> pleno sol<\/p>\n<p class=\"\"><b class=\"\">Color de la flor:<\/b> Blanco con un centro amarillo<\/p>\n<p class=\"\"><b class=\"\">Caracter\u00edsticas de la flor:<\/b> Fragante, redondeada, como un ramo, tubular<\/p>\n<p class=\"\"><b class=\"\">Temporada de floraci\u00f3n:<\/b> Todo el a\u00f1o<\/p>\n<p class=\"\"><b class=\"\">Fruto:<\/b> Fol\u00edculos de semillas secos, marrones, lineares-oblongos que contienen numerosas semillas aladas<\/p>\n<p class=\"\"><b class=\"\">Fauna y ecolog\u00eda:<\/b> Apoyo a polinizadores, aves y mam\u00edferos se alimentan de semillas, estabilizaci\u00f3n del suelo<\/p>\n<p class=\"\"><b class=\"\">Notas de horticultura:<\/b> Cultivado a partir de esquejes, semillas<\/p>\n<p class=\"\"><b class=\"\">Comentarios:<\/b><\/p>\n<p>&nbsp;<\/p>\n<p>&nbsp;<\/p>\n<p>&nbsp;<\/p>\n","protected":false},"excerpt":{"rendered":"<p><a href=\"https:\/\/smartyplantsnursery.com\/wp-content\/uploads\/2023\/04\/Screen-Shot-2023-04-22-at-11.28.02-PM.png\"><img decoding=\"async\" class=\"alignnone size-medium wp-image-31863\" src=\"https:\/\/smartyplantsnursery.com\/wp-content\/uploads\/2023\/04\/Screen-Shot-2023-04-22-at-11.28.02-PM-300x134.png\" alt=\"Compre con confianza en el vivero Smarty Plants.\" width=\"300\" height=\"134\"><\/a><\/p>\n<div class=\"container\">\n<div class=\"table-container\">\n<table>\n<thead>\n<tr>\n<th>Tama\u00f1o de la maceta<\/th>\n<th>Altura media plantada (desde la tierra hasta la parte superior de la planta)<\/th>\n<\/tr>\n<\/thead>\n<tbody>\n<tr>\n<td>25 galones\/21&#8243;<\/td>\n<td>1,8 &#8211; 2,1 m<\/td>\n<\/tr>\n<\/tbody>\n<\/table>\n<\/div>\n<\/div>\n","protected":false},"featured_media":43979,"comment_status":"open","ping_status":"closed","template":"","meta":[],"product_brand":[],"product_cat":[343,348,340,344,359,310,315,302,374,369,355,309,361,360,326,345,308,335,323,322,330,307],"product_tag":[319,318],"class_list":{"0":"post-45923","1":"product","2":"type-product","3":"status-publish","4":"has-post-thumbnail","6":"product_cat-acido","7":"product_cat-alta-es","8":"product_cat-alta","9":"product_cat-arbol","10":"product_cat-arena","11":"product_cat-bien-drenado","12":"product_cat-esquejes","13":"product_cat-exotica","14":"product_cat-fragante-2","15":"product_cat-franco","16":"product_cat-invierno","17":"product_cat-moderada","18":"product_cat-moderada-es-4","19":"product_cat-moderada-es-3","20":"product_cat-moderada-es-2","21":"product_cat-neutro","22":"product_cat-otono","23":"product_cat-pleno-sol","24":"product_cat-primavera","25":"product_cat-rapido","26":"product_cat-semilla","27":"product_cat-verano","28":"product_tag-amarillo","29":"product_tag-blanco","30":"pa_pot-size-25-galones-21","33":"first","34":"instock","35":"taxable","36":"shipping-taxable","37":"purchasable","38":"product-type-variable"},"aioseo_notices":[],"_links":{"self":[{"href":"https:\/\/smartyplantsnursery.com\/es\/wp-json\/wp\/v2\/product\/45923","targetHints":{"allow":["GET"]}}],"collection":[{"href":"https:\/\/smartyplantsnursery.com\/es\/wp-json\/wp\/v2\/product"}],"about":[{"href":"https:\/\/smartyplantsnursery.com\/es\/wp-json\/wp\/v2\/types\/product"}],"replies":[{"embeddable":true,"href":"https:\/\/smartyplantsnursery.com\/es\/wp-json\/wp\/v2\/comments?post=45923"}],"wp:featuredmedia":[{"embeddable":true,"href":"https:\/\/smartyplantsnursery.com\/es\/wp-json\/wp\/v2\/media\/43979"}],"wp:attachment":[{"href":"https:\/\/smartyplantsnursery.com\/es\/wp-json\/wp\/v2\/media?parent=45923"}],"wp:term":[{"taxonomy":"product_brand","embeddable":true,"href":"https:\/\/smartyplantsnursery.com\/es\/wp-json\/wp\/v2\/product_brand?post=45923"},{"taxonomy":"product_cat","embeddable":true,"href":"https:\/\/smartyplantsnursery.com\/es\/wp-json\/wp\/v2\/product_cat?post=45923"},{"taxonomy":"product_tag","embeddable":true,"href":"https:\/\/smartyplantsnursery.com\/es\/wp-json\/wp\/v2\/product_tag?post=45923"}],"curies":[{"name":"wp","href":"https:\/\/api.w.org\/{rel}","templated":true}]}}