{"id":45932,"date":"2024-01-10T21:32:39","date_gmt":"2024-01-10T21:32:39","guid":{"rendered":"https:\/\/smartyplantsnursery.com\/product\/casia-glauca-cassia-surattensis\/"},"modified":"2025-12-19T19:49:28","modified_gmt":"2025-12-19T19:49:28","slug":"casia-glauca-cassia-surattensis","status":"publish","type":"product","link":"https:\/\/smartyplantsnursery.com\/es\/product\/casia-glauca-cassia-surattensis\/","title":{"rendered":"Casia glauca &#8211; Cassia surattensis"},"content":{"rendered":"<p class=\"\"><b class=\"\">Usos generales en el paisaje:<\/b> \u00c1rbol ornamental, \u00e1rbol de sombra, planta para jardines de polinizadores, control de la erosi\u00f3n, seto o cortavientos<\/p>\n<p class=\"\"><b class=\"\">Notas sobre la restauraci\u00f3n ecol\u00f3gica:<\/b> Mejora del suelo, control de la erosi\u00f3n, apoyo a polinizadores y vida silvestre, tolerancia a la sequ\u00eda y la sal<\/p>\n<p class=\"\"><b class=\"\">Descripci\u00f3n:<\/b> Tambi\u00e9n conocido como \u00e1rbol de los huevos revueltos o \u00e1rbol del medall\u00f3n de oro, es un \u00e1rbol de floraci\u00f3n de peque\u00f1o a mediano tama\u00f1o.<\/p>\n<p class=\"\"><b class=\"\">Dimensiones:<\/b> Altura 6,4 metros.<\/p>\n<p class=\"\"><b class=\"\">Tasa de crecimiento:<\/b> r\u00e1pida<\/p>\n<p class=\"\"><b class=\"\">Distribuci\u00f3n nativa:<\/b> Sudeste de Asia<\/p>\n<p class=\"\"><b class=\"\">H\u00e1bitats nativos:<\/b> Bosques costeros y ecosistemas de dunas, bosques secos tropicales y subtropicales, zonas ribere\u00f1as, bosques abiertos y pastizales<\/p>\n<p class=\"\"><b class=\"\">Suelos:<\/b> Suelos h\u00famedos, suelos bien drenados, suelos francos f\u00e9rtiles, pH ligeramente \u00e1cido a neutro<\/p>\n<p class=\"\"><b class=\"\">Requisitos nutricionales:<\/b> moderados<\/p>\n<p class=\"\"><b class=\"\">Tolerancia al agua salada:<\/b> moderada<\/p>\n<p class=\"\"><b class=\"\">Tolerancia al viento salado:<\/b> moderada<\/p>\n<p class=\"\"><b class=\"\">Tolerancia a la sequ\u00eda:<\/b> moderada<\/p>\n<p class=\"\"><b class=\"\">Requisitos de luz:<\/b> pleno sol, sol parcial<\/p>\n<p class=\"\"><b class=\"\">Color de la flor:<\/b> amarillo<\/p>\n<p class=\"\"><b class=\"\">Caracter\u00edsticas de la flor:<\/b> De cinco p\u00e9talos, en racimos<\/p>\n<p class=\"\"><b class=\"\">Temporada de floraci\u00f3n:<\/b> Primavera, oto\u00f1o<\/p>\n<p class=\"\"><b class=\"\">Fruto:<\/b> Vainas de semillas largas, delgadas y marrones<\/p>\n<p class=\"\"><b class=\"\">Vida silvestre y ecolog\u00eda:<\/b> Enriquecimiento del suelo, h\u00e1bitat de vida silvestre<\/p>\n<p class=\"\"><b class=\"\">Notas de horticultura:<\/b> Se cultiva a partir de semillas, esquejes<\/p>\n<p class=\"\"><b class=\"\">Comentarios:<\/b><\/p>\n<p>&nbsp;<\/p>\n","protected":false},"excerpt":{"rendered":"<p><a href=\"https:\/\/smartyplantsnursery.com\/wp-content\/uploads\/2023\/04\/Screen-Shot-2023-04-22-at-11.28.02-PM.png\"><img decoding=\"async\" class=\"alignnone size-medium wp-image-31863\" src=\"https:\/\/smartyplantsnursery.com\/wp-content\/uploads\/2023\/04\/Screen-Shot-2023-04-22-at-11.28.02-PM-300x134.png\" alt=\"Compre con confianza en el vivero Smarty Plants.\" width=\"300\" height=\"134\"><\/a><\/p>\n<div class=\"container\">\n<div class=\"table-container\">\n<table>\n<thead>\n<tr>\n<th>Tama\u00f1o de la maceta<\/th>\n<th>Altura media plantada (desde la tierra hasta la parte superior de la planta)<\/th>\n<th>Calibre<\/th>\n<\/tr>\n<\/thead>\n<tbody>\n<tr>\n<td>Maceta de 57 l\/43 cm<\/td>\n<td>1,8 &#8211; 3 m<\/td>\n<td><\/td>\n<\/tr>\n<tr>\n<td>25 galones\/21&#8243;<\/td>\n<td>3 &#8211; 3,6 m<\/td>\n<td>3,8 &#8211; 5 cm<\/td>\n<\/tr>\n<tr>\n<td>45 galones\/28&#8243;<\/td>\n<td>3,6 &#8211; 4,2 m<\/td>\n<td>5 &#8211; 7,5 cm<\/td>\n<\/tr>\n<\/tbody>\n<\/table>\n<\/div>\n<\/div>\n","protected":false},"featured_media":43999,"comment_status":"open","ping_status":"closed","template":"","meta":[],"product_brand":[],"product_cat":[343,344,371,310,315,302,309,313,360,361,345,308,358,335,323,372,322,330,303],"product_tag":[319],"class_list":{"0":"post-45932","1":"product","2":"type-product","3":"status-publish","4":"has-post-thumbnail","6":"product_cat-acido","7":"product_cat-arbol","8":"product_cat-arbol-de-sombra","9":"product_cat-bien-drenado","10":"product_cat-esquejes","11":"product_cat-exotica","12":"product_cat-moderada","13":"product_cat-moderada-es","14":"product_cat-moderada-es-3","15":"product_cat-moderada-es-4","16":"product_cat-neutro","17":"product_cat-otono","18":"product_cat-plantas-para-mariposas-plantas-para-polinizadores","19":"product_cat-pleno-sol","20":"product_cat-primavera","21":"product_cat-racimo","22":"product_cat-rapido","23":"product_cat-semilla","24":"product_cat-sol-parcial","25":"product_tag-amarillo","26":"pa_pot-size-15-galones-17","27":"pa_pot-size-25-galones-21","28":"pa_pot-size-45-galones-28","31":"first","32":"instock","33":"taxable","34":"shipping-taxable","35":"purchasable","36":"product-type-variable"},"aioseo_notices":[],"_links":{"self":[{"href":"https:\/\/smartyplantsnursery.com\/es\/wp-json\/wp\/v2\/product\/45932","targetHints":{"allow":["GET"]}}],"collection":[{"href":"https:\/\/smartyplantsnursery.com\/es\/wp-json\/wp\/v2\/product"}],"about":[{"href":"https:\/\/smartyplantsnursery.com\/es\/wp-json\/wp\/v2\/types\/product"}],"replies":[{"embeddable":true,"href":"https:\/\/smartyplantsnursery.com\/es\/wp-json\/wp\/v2\/comments?post=45932"}],"wp:featuredmedia":[{"embeddable":true,"href":"https:\/\/smartyplantsnursery.com\/es\/wp-json\/wp\/v2\/media\/43999"}],"wp:attachment":[{"href":"https:\/\/smartyplantsnursery.com\/es\/wp-json\/wp\/v2\/media?parent=45932"}],"wp:term":[{"taxonomy":"product_brand","embeddable":true,"href":"https:\/\/smartyplantsnursery.com\/es\/wp-json\/wp\/v2\/product_brand?post=45932"},{"taxonomy":"product_cat","embeddable":true,"href":"https:\/\/smartyplantsnursery.com\/es\/wp-json\/wp\/v2\/product_cat?post=45932"},{"taxonomy":"product_tag","embeddable":true,"href":"https:\/\/smartyplantsnursery.com\/es\/wp-json\/wp\/v2\/product_tag?post=45932"}],"curies":[{"name":"wp","href":"https:\/\/api.w.org\/{rel}","templated":true}]}}