{"id":45939,"date":"2024-01-12T23:51:17","date_gmt":"2024-01-12T23:51:17","guid":{"rendered":"https:\/\/smartyplantsnursery.com\/product\/escobilla-enana-llorona-callistemon-viminalis-little-john\/"},"modified":"2026-02-17T14:14:59","modified_gmt":"2026-02-17T14:14:59","slug":"escobilla-enana-llorona-callistemon-viminalis-little-john","status":"publish","type":"product","link":"https:\/\/smartyplantsnursery.com\/es\/product\/escobilla-enana-llorona-callistemon-viminalis-little-john\/","title":{"rendered":"Escobilla enana llorona &#8211; callistemon viminalis \u201cLittle John\u201d"},"content":{"rendered":"<div>\n<p class=\"\"><b class=\"\">Usos generales en el paisaje:<\/b> seto bajo, plantaci\u00f3n de cimientos, macizos, bordes, planta de contenedor<\/p>\n<p class=\"\"><b class=\"\">Notas sobre la restauraci\u00f3n ecol\u00f3gica:<\/b> control de la erosi\u00f3n moderado<\/p>\n<p class=\"\"><b class=\"\">Descripci\u00f3n:<\/b> arbusto de hoja perenne<\/p>\n<p class=\"\"><b class=\"\">Dimensiones:<\/b> altura 1,5 m; extensi\u00f3n 1 &#8211; 1,5 m<\/p>\n<p class=\"\"><b class=\"\">Tasa de crecimiento:<\/b> moderada<\/p>\n<p class=\"\"><b class=\"\">Distribuci\u00f3n nativa:<\/b> Australia<\/p>\n<p class=\"\"><b class=\"\">H\u00e1bitats nativos:<\/b> n\/a<\/p>\n<p class=\"\"><b class=\"\">Suelos:<\/b> Bien drenados, pH ligeramente \u00e1cido a neutro<\/p>\n<p class=\"\"><b class=\"\">Requisitos nutricionales:<\/b> De bajos a moderados<\/p>\n<p class=\"\"><b class=\"\">Tolerancia al agua salada:<\/b> De baja a moderada<\/p>\n<p class=\"\"><b class=\"\">Tolerancia al viento salado:<\/b> moderada<\/p>\n<p class=\"\"><b class=\"\">Tolerancia a la sequ\u00eda:<\/b> alta<\/p>\n<p class=\"\"><b class=\"\">Requisitos de luz:<\/b> pleno sol<\/p>\n<p class=\"\"><b class=\"\">Color de la flor:<\/b> Rojo<\/p>\n<p class=\"\"><b class=\"\">Caracter\u00edsticas de la flor:<\/b> inflorescencia en forma de cepillo<\/p>\n<p class=\"\"><b class=\"\">Temporada de floraci\u00f3n:<\/b> junio, julio, agosto, sept.<\/p>\n<p class=\"\"><b class=\"\">Fruto:<\/b> c\u00e1psula seca y le\u00f1osa que pasa de marr\u00f3n a gris<\/p>\n<p class=\"\"><b class=\"\">Vida silvestre y ecolog\u00eda:<\/b> atrae a colibr\u00edes, abejas y mariposas<\/p>\n<p class=\"\"><b class=\"\">Notas de horticultura:<\/b> Se cultiva a partir de esquejes<\/p>\n<p class=\"\"><b class=\"\">Comentarios:<\/b><\/p>\n<\/div>\n","protected":false},"excerpt":{"rendered":"<p><a href=\"https:\/\/smartyplantsnursery.com\/wp-content\/uploads\/2023\/04\/Screen-Shot-2023-04-22-at-11.28.02-PM.png\"><img decoding=\"async\" class=\"alignnone size-medium wp-image-31863\" src=\"https:\/\/smartyplantsnursery.com\/wp-content\/uploads\/2023\/04\/Screen-Shot-2023-04-22-at-11.28.02-PM-300x134.png\" alt=\"Compre con confianza en el vivero Smarty Plants.\" width=\"300\" height=\"134\"><\/a><\/p>\n<div class=\"container\">\n<div class=\"table-container\">\n<table>\n<thead>\n<tr>\n<th>Tama\u00f1o de la maceta<\/th>\n<th>Altura media plantada (desde la tierra hasta la parte superior de la planta)<\/th>\n<\/tr>\n<\/thead>\n<tbody>\n<tr>\n<td>3 galones\/10&#8243;<\/td>\n<td>0 &#8211; 1 pie<\/td>\n<\/tr>\n<tr>\n<td>7 galones\/35 cm<\/td>\n<td>30 &#8211; 60 cm<\/td>\n<\/tr>\n<\/tbody>\n<\/table>\n<\/div>\n<\/div>\n","protected":false},"featured_media":48677,"comment_status":"open","ping_status":"closed","template":"","meta":[],"product_brand":[],"product_cat":[343,340,304,311,357,310,375,317,315,302,309,360,326,361,345,308,335,332,307],"product_tag":[350],"class_list":{"0":"post-45939","1":"product","2":"type-product","3":"status-publish","4":"has-post-thumbnail","6":"product_cat-acido","7":"product_cat-alta","8":"product_cat-arbusto","9":"product_cat-baja","10":"product_cat-baja-es-3","11":"product_cat-bien-drenado","12":"product_cat-borde","13":"product_cat-contenedor","14":"product_cat-esquejes","15":"product_cat-exotica","16":"product_cat-moderada","17":"product_cat-moderada-es-3","18":"product_cat-moderada-es-2","19":"product_cat-moderada-es-4","20":"product_cat-neutro","21":"product_cat-otono","22":"product_cat-pleno-sol","23":"product_cat-seto","24":"product_cat-verano","25":"product_tag-rojo","26":"pa_pot-size-3-galones-10","27":"pa_pot-size-7-galones-14","30":"first","31":"instock","32":"taxable","33":"shipping-taxable","34":"purchasable","35":"product-type-variable"},"aioseo_notices":[],"_links":{"self":[{"href":"https:\/\/smartyplantsnursery.com\/es\/wp-json\/wp\/v2\/product\/45939","targetHints":{"allow":["GET"]}}],"collection":[{"href":"https:\/\/smartyplantsnursery.com\/es\/wp-json\/wp\/v2\/product"}],"about":[{"href":"https:\/\/smartyplantsnursery.com\/es\/wp-json\/wp\/v2\/types\/product"}],"replies":[{"embeddable":true,"href":"https:\/\/smartyplantsnursery.com\/es\/wp-json\/wp\/v2\/comments?post=45939"}],"wp:featuredmedia":[{"embeddable":true,"href":"https:\/\/smartyplantsnursery.com\/es\/wp-json\/wp\/v2\/media\/48677"}],"wp:attachment":[{"href":"https:\/\/smartyplantsnursery.com\/es\/wp-json\/wp\/v2\/media?parent=45939"}],"wp:term":[{"taxonomy":"product_brand","embeddable":true,"href":"https:\/\/smartyplantsnursery.com\/es\/wp-json\/wp\/v2\/product_brand?post=45939"},{"taxonomy":"product_cat","embeddable":true,"href":"https:\/\/smartyplantsnursery.com\/es\/wp-json\/wp\/v2\/product_cat?post=45939"},{"taxonomy":"product_tag","embeddable":true,"href":"https:\/\/smartyplantsnursery.com\/es\/wp-json\/wp\/v2\/product_tag?post=45939"}],"curies":[{"name":"wp","href":"https:\/\/api.w.org\/{rel}","templated":true}]}}