{"id":45944,"date":"2024-01-07T16:11:29","date_gmt":"2024-01-07T16:11:29","guid":{"rendered":"https:\/\/smartyplantsnursery.com\/product\/palmera-de-cola-de-pescado-caryota-mitis\/"},"modified":"2025-12-17T17:15:39","modified_gmt":"2025-12-17T17:15:39","slug":"palmera-de-cola-de-pescado-caryota-mitis","status":"publish","type":"product","link":"https:\/\/smartyplantsnursery.com\/es\/product\/palmera-de-cola-de-pescado-caryota-mitis\/","title":{"rendered":"Palmera de cola de pescado &#8211; caryota mitis"},"content":{"rendered":"<div>\n<p><b>Usos generales en el paisaje:<\/b> Jardines tropicales, planta de interior, pantalla de privacidad o seto<\/p>\n<p><b>Notas sobre la restauraci\u00f3n ecol\u00f3gica:<\/b> Mejora del h\u00e1bitat y la biodiversidad, estabilizaci\u00f3n del suelo y control de la erosi\u00f3n<\/p>\n<p><b>Descripci\u00f3n:<\/b> Palmera compacta con frondas similares a helechos y crecimiento multi-tallo.<\/p>\n<p><b>Dimensiones:<\/b> Altura 4,5 &#8211; 6 m; Extensi\u00f3n 2,4 &#8211; 3,6 m<\/p>\n<p><b>Tasa de crecimiento:<\/b> De moderada a r\u00e1pida<\/p>\n<p><b>Distribuci\u00f3n nativa:<\/b> Desde el sudeste de China hasta Malasia y Malesia<\/p>\n<p><b>H\u00e1bitats nativos:<\/b> Bosques tropicales de tierras bajas, riberas de r\u00edos y regiones costeras<\/p>\n<p><b>Suelos:<\/b> Con buen drenaje, arcillosos o arenosos, ligeramente \u00e1cidos a neutros (pH 6 &#8211; 7.5)<\/p>\n<p><b>Requisitos nutricionales:<\/b> moderados<\/p>\n<p><b>Tolerancia al agua salada:<\/b> moderada<\/p>\n<p><b>Tolerancia al viento salado:<\/b> moderada<\/p>\n<p><b>Tolerancia a la sequ\u00eda:<\/b> moderada<\/p>\n<p><b>Requisitos de luz:<\/b> Sol parcial<\/p>\n<p><b>Color de la flor:<\/b> De p\u00farpura p\u00e1lido a malva<\/p>\n<p><b>Caracter\u00edsticas de la flor:<\/b> insignificante<\/p>\n<p><b>Temporada de floraci\u00f3n:<\/b> Desde finales de primavera hasta principios de verano<\/p>\n<p><b>Fruto:<\/b> Llamativo, peque\u00f1o, negro o p\u00farpura<\/p>\n<p><b>Vida silvestre y ecolog\u00eda:<\/b> H\u00e1bitat de polinizadores, refugio de vida silvestre<\/p>\n<p><b>Notas de horticultura:<\/b> Propagaci\u00f3n por hijuelos (v\u00e1stagos), semilla<\/p>\n<p><b>Comentarios:<\/b><\/p>\n<\/div>\n<div class=\"row\"><\/div>\n","protected":false},"excerpt":{"rendered":"<p><a href=\"https:\/\/smartyplantsnursery.com\/wp-content\/uploads\/2023\/04\/Screen-Shot-2023-04-22-at-11.28.02-PM.png\"><img decoding=\"async\" class=\"alignnone size-medium wp-image-31863\" src=\"https:\/\/smartyplantsnursery.com\/wp-content\/uploads\/2023\/04\/Screen-Shot-2023-04-22-at-11.28.02-PM-300x134.png\" alt=\"Compre con confianza en el vivero Smarty Plants.\" width=\"300\" height=\"134\"><\/a><\/p>\n<div class=\"container\">\n<div class=\"table-container\">\n<table>\n<thead>\n<tr>\n<th>Tama\u00f1o de la maceta<\/th>\n<th>Altura media plantada (desde la tierra hasta la parte superior de la planta)<\/th>\n<\/tr>\n<\/thead>\n<tbody>\n<tr>\n<td>3 galones\/10&#8243;<\/td>\n<td>1 &#8211; 2 pies<\/td>\n<\/tr>\n<tr>\n<td>7 galones\/14&#8243;<\/td>\n<td>2 &#8211; 4 pies<\/td>\n<\/tr>\n<tr>\n<td>15 galones\/17&#8243;<\/td>\n<td>4 &#8211; 6 pies<\/td>\n<\/tr>\n<tr>\n<td>25 galones\/21&#8243;<\/td>\n<td>6 &#8211; 8 pies<\/td>\n<\/tr>\n<tr>\n<td>45 galones\/28&#8243;<\/td>\n<td>8 &#8211; 10 pies<\/td>\n<\/tr>\n<\/tbody>\n<\/table>\n<\/div>\n<\/div>\n","protected":false},"featured_media":51964,"comment_status":"open","ping_status":"closed","template":"","meta":[],"product_brand":[],"product_cat":[343,344,359,310,302,369,365,305,309,313,326,360,361,345,370,378,323,322,330,332,303,347,307],"product_tag":[338],"class_list":{"0":"post-45944","1":"product","2":"type-product","3":"status-publish","4":"has-post-thumbnail","6":"product_cat-acido","7":"product_cat-arbol","8":"product_cat-arena","9":"product_cat-bien-drenado","10":"product_cat-exotica","11":"product_cat-franco","12":"product_cat-inconspicuo","13":"product_cat-interior","14":"product_cat-moderada","15":"product_cat-moderada-es","16":"product_cat-moderada-es-2","17":"product_cat-moderada-es-3","18":"product_cat-moderada-es-4","19":"product_cat-neutro","20":"product_cat-palma","21":"product_cat-pantalla","22":"product_cat-primavera","23":"product_cat-rapido","24":"product_cat-semilla","25":"product_cat-seto","26":"product_cat-sol-parcial","27":"product_cat-vastago","28":"product_cat-verano","29":"product_tag-morado","30":"pa_pot-size-15-galones-17","31":"pa_pot-size-25-galones-21","32":"pa_pot-size-3-galones-10","33":"pa_pot-size-45-galones-28","34":"pa_pot-size-7-galones-14","37":"first","38":"instock","39":"taxable","40":"shipping-taxable","41":"purchasable","42":"product-type-variable"},"aioseo_notices":[],"_links":{"self":[{"href":"https:\/\/smartyplantsnursery.com\/es\/wp-json\/wp\/v2\/product\/45944","targetHints":{"allow":["GET"]}}],"collection":[{"href":"https:\/\/smartyplantsnursery.com\/es\/wp-json\/wp\/v2\/product"}],"about":[{"href":"https:\/\/smartyplantsnursery.com\/es\/wp-json\/wp\/v2\/types\/product"}],"replies":[{"embeddable":true,"href":"https:\/\/smartyplantsnursery.com\/es\/wp-json\/wp\/v2\/comments?post=45944"}],"wp:featuredmedia":[{"embeddable":true,"href":"https:\/\/smartyplantsnursery.com\/es\/wp-json\/wp\/v2\/media\/51964"}],"wp:attachment":[{"href":"https:\/\/smartyplantsnursery.com\/es\/wp-json\/wp\/v2\/media?parent=45944"}],"wp:term":[{"taxonomy":"product_brand","embeddable":true,"href":"https:\/\/smartyplantsnursery.com\/es\/wp-json\/wp\/v2\/product_brand?post=45944"},{"taxonomy":"product_cat","embeddable":true,"href":"https:\/\/smartyplantsnursery.com\/es\/wp-json\/wp\/v2\/product_cat?post=45944"},{"taxonomy":"product_tag","embeddable":true,"href":"https:\/\/smartyplantsnursery.com\/es\/wp-json\/wp\/v2\/product_tag?post=45944"}],"curies":[{"name":"wp","href":"https:\/\/api.w.org\/{rel}","templated":true}]}}