{"id":45975,"date":"2023-12-01T21:01:47","date_gmt":"2023-12-01T21:01:47","guid":{"rendered":"https:\/\/smartyplantsnursery.com\/product\/palmera-de-bismarck-bismarckia-nobilis\/"},"modified":"2026-03-06T16:30:29","modified_gmt":"2026-03-06T16:30:29","slug":"palmera-de-bismarck-bismarckia-nobilis","status":"publish","type":"product","link":"https:\/\/smartyplantsnursery.com\/es\/product\/palmera-de-bismarck-bismarckia-nobilis\/","title":{"rendered":"Palmera de Bismarck &#8211; bismarckia nobilis"},"content":{"rendered":"<div>\n<p><b>Usos generales en el paisajismo:<\/b> Planta ornamental, plantaci\u00f3n en avenidas, jardines tolerantes a la sequ\u00eda, paisajes costeros<\/p>\n<p><b>Notas sobre la restauraci\u00f3n ecol\u00f3gica:<\/b> Control de la erosi\u00f3n y estabilizaci\u00f3n del suelo, reforestaci\u00f3n tolerante a la sequ\u00eda, creaci\u00f3n de h\u00e1bitats, reforestaci\u00f3n de ecosistemas costeros<\/p>\n<p><b>Descripci\u00f3n:<\/b> Palmera ornamental con hojas de color azul plateado y un tronco macizo.<\/p>\n<p><b>Dimensiones:<\/b> altura 9 &#8211; 12 m; extensi\u00f3n 3 &#8211; 4,5 m.<\/p>\n<p><b>Tasa de crecimiento:<\/b> Lento a moderado<\/p>\n<p><b>Distribuci\u00f3n nativa:<\/b> Madagascar<\/p>\n<p><b>H\u00e1bitats nativos:<\/b> Sabanas secas y abiertas y bosques de tierras bajas<\/p>\n<p><b>Suelos:<\/b> Bien drenados, arenosos<\/p>\n<p><b>Requisitos nutricionales:<\/b> moderados<\/p>\n<p><b>Tolerancia al agua salada:<\/b> moderada<\/p>\n<p><b>Tolerancia al viento salado:<\/b> moderada<\/p>\n<p><b>Tolerancia a la sequ\u00eda:<\/b> alta<\/p>\n<p><b>Requisitos de luz:<\/b> Pleno sol<\/p>\n<p><b>Color de la flor:<\/b> Blanco cremoso<\/p>\n<p><b>Caracter\u00edsticas de la flor:<\/b> peque\u00f1a, discreta<\/p>\n<p><b>Temporada de floraci\u00f3n:<\/b> Desde finales de primavera hasta principios de verano<\/p>\n<p><b>Fruto:<\/b> De forma ovalada a redonda<\/p>\n<p><b>Fauna y ecolog\u00eda:<\/b> Las aves y los insectos se alimentan de sus flores y semillas, mientras que su tronco y sus hojas ofrecen refugio a los animales peque\u00f1os.<\/p>\n<p><b>Notas de horticultura:<\/b> Se cultiva a partir de semillas.<\/p>\n<p><b>Comentarios:<\/b><\/p>\n<\/div>\n<div id=\"MainContentPlaceHolder_ZoneRow\" class=\"row\"><\/div>\n<div id=\"MainContentPlaceHolder_ColorTextRow\" class=\"row\"><\/div>\n<div class=\"row\"><\/div>\n","protected":false},"excerpt":{"rendered":"<p><img fetchpriority=\"high\" decoding=\"async\" class=\"alignnone size-medium wp-image-54744\" src=\"https:\/\/smartyplantsnursery.com\/wp-content\/uploads\/2023\/04\/Screenshot-2026-03-03-at-2.22.47-PM-300x185.png\" alt=\"\" width=\"300\" height=\"185\"><\/p>\n<div class=\"container\">\n<div class=\"table-container\">\n<table>\n<thead>\n<tr>\n<th>Tama\u00f1o de la maceta<\/th>\n<th>Altura media plantada (desde la tierra hasta la parte superior de la planta)<\/th>\n<\/tr>\n<\/thead>\n<tbody>\n<tr>\n<td>7 galones\/14&#8243;<\/td>\n<td>2 &#8211; 4 pies<\/td>\n<\/tr>\n<tr>\n<td>15 galones\/17&#8243;<\/td>\n<td>4 &#8211; 6 pies<\/td>\n<\/tr>\n<tr>\n<td>25 galones\/21&#8243;<\/td>\n<td>6 &#8211; 8 pies<\/td>\n<\/tr>\n<\/tbody>\n<\/table>\n<\/div>\n<\/div>\n","protected":false},"featured_media":50629,"comment_status":"open","ping_status":"closed","template":"","meta":[],"product_brand":[],"product_cat":[340,344,359,310,384,302,365,306,361,360,326,309,370,316,314,335,323,330,307],"product_tag":[318],"class_list":{"0":"post-45975","1":"product","2":"type-product","3":"status-publish","4":"has-post-thumbnail","6":"product_cat-alta","7":"product_cat-arbol","8":"product_cat-arena","9":"product_cat-bien-drenado","10":"product_cat-costero","11":"product_cat-exotica","12":"product_cat-inconspicuo","13":"product_cat-lenta","14":"product_cat-moderada-es-4","15":"product_cat-moderada-es-3","16":"product_cat-moderada-es-2","17":"product_cat-moderada","18":"product_cat-palma","19":"product_cat-pequena","20":"product_cat-planta-de-especimen","21":"product_cat-pleno-sol","22":"product_cat-primavera","23":"product_cat-semilla","24":"product_cat-verano","25":"product_tag-blanco","26":"pa_pot-size-15-galones-17","27":"pa_pot-size-25-galones-21","28":"pa_pot-size-7-galones-14","31":"first","32":"instock","33":"taxable","34":"shipping-taxable","35":"purchasable","36":"product-type-variable"},"aioseo_notices":[],"_links":{"self":[{"href":"https:\/\/smartyplantsnursery.com\/es\/wp-json\/wp\/v2\/product\/45975","targetHints":{"allow":["GET"]}}],"collection":[{"href":"https:\/\/smartyplantsnursery.com\/es\/wp-json\/wp\/v2\/product"}],"about":[{"href":"https:\/\/smartyplantsnursery.com\/es\/wp-json\/wp\/v2\/types\/product"}],"replies":[{"embeddable":true,"href":"https:\/\/smartyplantsnursery.com\/es\/wp-json\/wp\/v2\/comments?post=45975"}],"wp:featuredmedia":[{"embeddable":true,"href":"https:\/\/smartyplantsnursery.com\/es\/wp-json\/wp\/v2\/media\/50629"}],"wp:attachment":[{"href":"https:\/\/smartyplantsnursery.com\/es\/wp-json\/wp\/v2\/media?parent=45975"}],"wp:term":[{"taxonomy":"product_brand","embeddable":true,"href":"https:\/\/smartyplantsnursery.com\/es\/wp-json\/wp\/v2\/product_brand?post=45975"},{"taxonomy":"product_cat","embeddable":true,"href":"https:\/\/smartyplantsnursery.com\/es\/wp-json\/wp\/v2\/product_cat?post=45975"},{"taxonomy":"product_tag","embeddable":true,"href":"https:\/\/smartyplantsnursery.com\/es\/wp-json\/wp\/v2\/product_tag?post=45975"}],"curies":[{"name":"wp","href":"https:\/\/api.w.org\/{rel}","templated":true}]}}