{"id":45983,"date":"2023-11-29T18:22:39","date_gmt":"2023-11-29T18:22:39","guid":{"rendered":"https:\/\/smartyplantsnursery.com\/product\/campanilla-azul-evolvulus-glomeratus\/"},"modified":"2026-03-11T15:41:57","modified_gmt":"2026-03-11T15:41:57","slug":"campanilla-azul-evolvulus-glomeratus","status":"publish","type":"product","link":"https:\/\/smartyplantsnursery.com\/es\/product\/campanilla-azul-evolvulus-glomeratus\/","title":{"rendered":"Campanilla azul &#8211; evolvulus glomeratus"},"content":{"rendered":"<div>\n<p class=\"\"><b class=\"\">Usos generales en el paisaje:<\/b> Cobertura de suelo, planta de contenedor, jardines costeros, jardines de polinizadores<\/p>\n<p class=\"\"><b class=\"\">Notas sobre la restauraci\u00f3n ecol\u00f3gica:<\/b> Estabilizaci\u00f3n del suelo y control de la erosi\u00f3n, restauraci\u00f3n costera y tolerante a la sequ\u00eda, apoyo a los polinizadores, bajo mantenimiento y adaptabilidad, resiliencia clim\u00e1tica<\/p>\n<p class=\"\"><b class=\"\">Descripci\u00f3n:<\/b> Cobertura de suelo de hoja perenne y bajo crecimiento, admirada por sus v\u00edvidas flores azules y su follaje verde plateado.<\/p>\n<p class=\"\"><b class=\"\">Dimensiones:<\/b> Altura 0,75 &#8211; 1,5 pies; Extensi\u00f3n 2 &#8211; 3 pies<\/p>\n<p class=\"\"><b class=\"\">Tasa de crecimiento:<\/b> R\u00e1pido a moderado<\/p>\n<p class=\"\"><b class=\"\">Distribuci\u00f3n nativa:<\/b> Sudam\u00e9rica<\/p>\n<p class=\"\"><b class=\"\">H\u00e1bitats nativos:<\/b> Abierto, soleado con suelo arenoso o rocoso bien drenado<\/p>\n<p class=\"\"><b class=\"\">Suelos:<\/b> Suelos arenosos o francos bien drenados<\/p>\n<p class=\"\"><b class=\"\">Requisitos nutricionales:<\/b> De bajos a moderados<\/p>\n<p class=\"\"><b class=\"\">Tolerancia al agua salada:<\/b> moderada<\/p>\n<p class=\"\"><b class=\"\">Tolerancia al viento salado:<\/b> moderada<\/p>\n<p class=\"\"><b class=\"\">Tolerancia a la sequ\u00eda:<\/b> moderada<\/p>\n<p class=\"\"><b class=\"\">Requisitos de luz:<\/b> pleno sol<\/p>\n<p class=\"\"><b class=\"\">Color de la flor: <\/b>azul<\/p>\n<p class=\"\"><b class=\"\">Caracter\u00edsticas de la flor:<\/b> vistosa. Las flores duran un d\u00eda.<\/p>\n<p class=\"\"><b class=\"\">Temporada de floraci\u00f3n:<\/b> De primavera a oto\u00f1o<\/p>\n<p class=\"\"><b class=\"\">Fruto:<\/b> C\u00e1psula seca que es verde cuando est\u00e1 inmadura y se vuelve marr\u00f3n cuando est\u00e1 madura.<\/p>\n<p class=\"\"><b class=\"\">Vida silvestre y ecolog\u00eda:<\/b> Atracci\u00f3n de polinizadores, control de la erosi\u00f3n, resistencia a la sequ\u00eda<\/p>\n<p class=\"\"><b class=\"\">Notas de horticultura:<\/b> Propagaci\u00f3n a partir de esquejes y semillas.<\/p>\n<p class=\"\"><b class=\"\">Comentarios:<\/b><\/p>\n<\/div>\n<div id=\"MainContentPlaceHolder_FamilyRow\" class=\"row\"><\/div>\n<div id=\"MainContentPlaceHolder_ZoneRow\" class=\"row\"><\/div>\n<div id=\"MainContentPlaceHolder_SpreadRow\" class=\"row\"><\/div>\n<div id=\"MainContentPlaceHolder_BloomTimeRow\" class=\"row\"><\/div>\n<div class=\"row\"><\/div>\n","protected":false},"excerpt":{"rendered":"<p><img fetchpriority=\"high\" decoding=\"async\" class=\"alignnone size-medium wp-image-54744\" src=\"https:\/\/smartyplantsnursery.com\/wp-content\/uploads\/2023\/04\/Screenshot-2026-03-03-at-2.22.47-PM-300x185.webp\" alt=\"\" width=\"300\" height=\"185\"><\/p>\n<div class=\"container\">\n<div class=\"table-container\">\n<table>\n<thead>\n<tr>\n<th>Tama\u00f1o de la maceta<\/th>\n<th>Altura media plantada (desde la tierra hasta la parte superior de la planta)<\/th>\n<\/tr>\n<\/thead>\n<tbody>\n<tr>\n<td>1 gal\u00f3n\/6&#8243;<\/td>\n<td>0 &#8211; 15 cm<\/td>\n<\/tr>\n<tr>\n<td>3 galones\/10&#8243;<\/td>\n<td>15 cm &#8211; 30 cm<\/td>\n<\/tr>\n<\/tbody>\n<\/table>\n<\/div>\n<\/div>\n","protected":false},"featured_media":54753,"comment_status":"open","ping_status":"closed","template":"","meta":[],"product_brand":[],"product_cat":[359,357,310,321,317,384,315,302,369,324,309,361,360,326,308,358,335,323,322,330],"product_tag":[385],"class_list":{"0":"post-45983","1":"product","2":"type-product","3":"status-publish","4":"has-post-thumbnail","6":"product_cat-arena","7":"product_cat-baja-es-3","8":"product_cat-bien-drenado","9":"product_cat-cobertura-del-suelo","10":"product_cat-contenedor","11":"product_cat-costero","12":"product_cat-esquejes","13":"product_cat-exotica","14":"product_cat-franco","15":"product_cat-llamativo","16":"product_cat-moderada","17":"product_cat-moderada-es-4","18":"product_cat-moderada-es-3","19":"product_cat-moderada-es-2","20":"product_cat-otono","21":"product_cat-plantas-para-mariposas-plantas-para-polinizadores","22":"product_cat-pleno-sol","23":"product_cat-primavera","24":"product_cat-rapido","25":"product_cat-semilla","26":"product_tag-azul","27":"pa_pot-size-1-galon-6","28":"pa_pot-size-3-galones-10","31":"first","32":"instock","33":"featured","34":"taxable","35":"shipping-taxable","36":"purchasable","37":"product-type-variable"},"aioseo_notices":[],"_links":{"self":[{"href":"https:\/\/smartyplantsnursery.com\/es\/wp-json\/wp\/v2\/product\/45983","targetHints":{"allow":["GET"]}}],"collection":[{"href":"https:\/\/smartyplantsnursery.com\/es\/wp-json\/wp\/v2\/product"}],"about":[{"href":"https:\/\/smartyplantsnursery.com\/es\/wp-json\/wp\/v2\/types\/product"}],"replies":[{"embeddable":true,"href":"https:\/\/smartyplantsnursery.com\/es\/wp-json\/wp\/v2\/comments?post=45983"}],"wp:featuredmedia":[{"embeddable":true,"href":"https:\/\/smartyplantsnursery.com\/es\/wp-json\/wp\/v2\/media\/54753"}],"wp:attachment":[{"href":"https:\/\/smartyplantsnursery.com\/es\/wp-json\/wp\/v2\/media?parent=45983"}],"wp:term":[{"taxonomy":"product_brand","embeddable":true,"href":"https:\/\/smartyplantsnursery.com\/es\/wp-json\/wp\/v2\/product_brand?post=45983"},{"taxonomy":"product_cat","embeddable":true,"href":"https:\/\/smartyplantsnursery.com\/es\/wp-json\/wp\/v2\/product_cat?post=45983"},{"taxonomy":"product_tag","embeddable":true,"href":"https:\/\/smartyplantsnursery.com\/es\/wp-json\/wp\/v2\/product_tag?post=45983"}],"curies":[{"name":"wp","href":"https:\/\/api.w.org\/{rel}","templated":true}]}}