{"id":45990,"date":"2023-12-22T02:49:09","date_gmt":"2023-12-22T02:49:09","guid":{"rendered":"https:\/\/smartyplantsnursery.com\/product\/arbol-bridalveil-caesalpinia-granadillo\/"},"modified":"2026-03-13T15:24:03","modified_gmt":"2026-03-13T15:24:03","slug":"arbol-bridalveil-caesalpinia-granadillo","status":"publish","type":"product","link":"https:\/\/smartyplantsnursery.com\/es\/product\/arbol-bridalveil-caesalpinia-granadillo\/","title":{"rendered":"\u00c1rbol Bridalveil &#8211; caesalpinia granadillo"},"content":{"rendered":"<p class=\"\"><b class=\"\">Usos generales en el paisaje: <\/b>acento, \u00e1rbol de calle, \u00e1rbol de acera<\/p>\n<p class=\"\"><b class=\"\">Notas de restauraci\u00f3n ecol\u00f3gica: <\/b>Reforestaci\u00f3n y restauraci\u00f3n de h\u00e1bitats<\/p>\n<p class=\"\"><b class=\"\">Descripci\u00f3n: <\/b>perenne denso, hojas ovaladas<\/p>\n<p class=\"\"><b class=\"\">Dimensiones: <\/b>Altura 30 &#8211; 35 pies; Extensi\u00f3n 20 &#8211; 25 pies.<\/p>\n<p class=\"\"><b class=\"\">Tasa de crecimiento:<\/b> moderada<\/p>\n<p class=\"\"><b class=\"\">Distribuci\u00f3n nativa: <\/b>Am\u00e9rica Central, Caribe y partes del norte de Am\u00e9rica del Sur<\/p>\n<p class=\"\"><b class=\"\">H\u00e1bitats nativos: <\/b>Ecosistemas tropicales secos y semi-h\u00famedos<\/p>\n<p class=\"\"><b class=\"\">Suelos:<\/b> Bien drenados, arenosos o limosos<\/p>\n<p class=\"\"><b class=\"\">Requisitos nutricionales: <\/b>De moderados a bajos<\/p>\n<p class=\"\"><b class=\"\">Tolerancia al agua salada:<\/b> De baja a moderada<\/p>\n<p class=\"\"><b class=\"\">Tolerancia al viento salado:<\/b> baja<\/p>\n<p class=\"\"><b class=\"\">Tolerancia a la sequ\u00eda:<\/b> alta<\/p>\n<p class=\"\"><b class=\"\">Requisitos de luz:<\/b> pleno sol<\/p>\n<p class=\"\"><b class=\"\">Color de la flor:<\/b> Amarillo a naranja<\/p>\n<p class=\"\"><b class=\"\">Caracter\u00edsticas de la flor: <\/b>Racimos, con forma de mariposa<\/p>\n<p class=\"\"><b class=\"\">Temporada de floraci\u00f3n: <\/b>Temporada de lluvias o poco despu\u00e9s de la primera lluvia significativa<\/p>\n<p class=\"\"><b class=\"\">Fruto: <\/b>Legumbre plana, similar a una vaina<\/p>\n<p class=\"\"><b class=\"\">Vida silvestre y ecolog\u00eda: <\/b>Mejora del suelo, h\u00e1bitat de vida silvestre, control de la erosi\u00f3n y reforestaci\u00f3n, tolerancia a la sequ\u00eda<\/p>\n<p class=\"\"><b class=\"\">Notas de horticultura: <\/b>Se propaga por semilla o esquejes.<\/p>\n<p class=\"\"><b class=\"\">Comentarios:<\/b><\/p>\n<p>&nbsp;<\/p>\n","protected":false},"excerpt":{"rendered":"<p><img fetchpriority=\"high\" decoding=\"async\" class=\"alignnone size-medium wp-image-54744\" src=\"https:\/\/smartyplantsnursery.com\/wp-content\/uploads\/2023\/04\/Screenshot-2026-03-03-at-2.22.47-PM-300x185.webp\" alt=\"\" width=\"300\" height=\"185\"><\/p>\n<div class=\"container\">\n<div class=\"table-container\">\n<table>\n<thead>\n<tr>\n<th>Tama\u00f1o de la maceta<\/th>\n<th>Altura media plantada (desde la tierra hasta la parte superior de la planta)<\/th>\n<th>Calibre<\/th>\n<\/tr>\n<\/thead>\n<tbody>\n<tr>\n<td>3 galones\/10&#8243;<\/td>\n<td>1 &#8211; 2 pies<\/td>\n<td><\/td>\n<\/tr>\n<tr>\n<td>7 galones\/14&#8243;<\/td>\n<td>2 &#8211; 4 pies<\/td>\n<td><\/td>\n<\/tr>\n<tr>\n<td>15 galones\/17&#8243;<\/td>\n<td>1,2 &#8211; 2,4 m<\/td>\n<td><\/td>\n<\/tr>\n<tr>\n<td>25 galones\/21&#8243;<\/td>\n<td>2,4 &#8211; 3 m<\/td>\n<td>2,5 &#8211; 3,8 cm<\/td>\n<\/tr>\n<tr>\n<td>45 galones\/28&#8243;<\/td>\n<td>3 &#8211; 3,7 m<\/td>\n<td>3,8 &#8211; 5 cm<\/td>\n<\/tr>\n<tr>\n<td>65 galones\/32&#8243;<\/td>\n<td>3,7 &#8211; 4,3 m<\/td>\n<td>5 &#8211; 6,3 cm<\/td>\n<\/tr>\n<tr>\n<td>100 galones\/36&#8243;<\/td>\n<td>4,2 &#8211; 4,8 m<\/td>\n<td>6,3 &#8211; 7,6 cm<\/td>\n<\/tr>\n<\/tbody>\n<\/table>\n<\/div>\n<\/div>\n","protected":false},"featured_media":43538,"comment_status":"open","ping_status":"closed","template":"","meta":[],"product_brand":[],"product_cat":[340,344,359,311,312,357,310,315,302,369,326,309,360,334,335,372,330],"product_tag":[319,351],"class_list":{"0":"post-45990","1":"product","2":"type-product","3":"status-publish","4":"has-post-thumbnail","6":"product_cat-alta","7":"product_cat-arbol","8":"product_cat-arena","9":"product_cat-baja","10":"product_cat-baja-es","11":"product_cat-baja-es-3","12":"product_cat-bien-drenado","13":"product_cat-esquejes","14":"product_cat-exotica","15":"product_cat-franco","16":"product_cat-moderada-es-2","17":"product_cat-moderada","18":"product_cat-moderada-es-3","19":"product_cat-planta-de-acento","20":"product_cat-pleno-sol","21":"product_cat-racimo","22":"product_cat-semilla","23":"product_tag-amarillo","24":"product_tag-naranja","25":"pa_pot-size-100-galones-36","26":"pa_pot-size-15-galones-17","27":"pa_pot-size-25-galones-21","28":"pa_pot-size-3-galones-10","29":"pa_pot-size-45-galones-28","30":"pa_pot-size-65-galones-32","31":"pa_pot-size-7-galones-14","34":"first","35":"instock","36":"taxable","37":"shipping-taxable","38":"purchasable","39":"product-type-variable"},"aioseo_notices":[],"_links":{"self":[{"href":"https:\/\/smartyplantsnursery.com\/es\/wp-json\/wp\/v2\/product\/45990","targetHints":{"allow":["GET"]}}],"collection":[{"href":"https:\/\/smartyplantsnursery.com\/es\/wp-json\/wp\/v2\/product"}],"about":[{"href":"https:\/\/smartyplantsnursery.com\/es\/wp-json\/wp\/v2\/types\/product"}],"replies":[{"embeddable":true,"href":"https:\/\/smartyplantsnursery.com\/es\/wp-json\/wp\/v2\/comments?post=45990"}],"wp:featuredmedia":[{"embeddable":true,"href":"https:\/\/smartyplantsnursery.com\/es\/wp-json\/wp\/v2\/media\/43538"}],"wp:attachment":[{"href":"https:\/\/smartyplantsnursery.com\/es\/wp-json\/wp\/v2\/media?parent=45990"}],"wp:term":[{"taxonomy":"product_brand","embeddable":true,"href":"https:\/\/smartyplantsnursery.com\/es\/wp-json\/wp\/v2\/product_brand?post=45990"},{"taxonomy":"product_cat","embeddable":true,"href":"https:\/\/smartyplantsnursery.com\/es\/wp-json\/wp\/v2\/product_cat?post=45990"},{"taxonomy":"product_tag","embeddable":true,"href":"https:\/\/smartyplantsnursery.com\/es\/wp-json\/wp\/v2\/product_tag?post=45990"}],"curies":[{"name":"wp","href":"https:\/\/api.w.org\/{rel}","templated":true}]}}