{"id":45993,"date":"2023-11-29T18:14:03","date_gmt":"2023-11-29T18:14:03","guid":{"rendered":"https:\/\/smartyplantsnursery.com\/product\/lantana-gold-lantana-gold\/"},"modified":"2026-01-07T20:23:20","modified_gmt":"2026-01-07T20:23:20","slug":"lantana-gold-lantana-gold","status":"publish","type":"product","link":"https:\/\/smartyplantsnursery.com\/es\/product\/lantana-gold-lantana-gold\/","title":{"rendered":"Lantana \u201cGold\u201d &#8211; Lantana \u201cGold\u201d"},"content":{"rendered":"<p class=\"\"><b class=\"\">Usos generales en el paisaje:<\/b> Cobertura del suelo, plantaci\u00f3n de bordes, contenedor, jardines de mariposas, plantaci\u00f3n masiva para impacto de color, macizos de flores mixtos<\/p>\n<p class=\"\"><b class=\"\">Notas sobre la restauraci\u00f3n ecol\u00f3gica:<\/b> Control de la erosi\u00f3n, apoyo a los polinizadores, resistencia a la sequ\u00eda, h\u00e1bitat de la vida silvestre<\/p>\n<p class=\"\"><b class=\"\">Descripci\u00f3n:<\/b> Racimos de flores de colores brillantes cubren mont\u00edculos de hojas de color verde oscuro.<\/p>\n<p class=\"\"><b class=\"\">Dimensiones:<\/b> altura 38 &#8211; 51 cm; extensi\u00f3n 46 &#8211; 61 cm.<\/p>\n<p class=\"\"><b class=\"\">Tasa de crecimiento:<\/b> r\u00e1pida<\/p>\n<p class=\"\"><b class=\"\">Distribuci\u00f3n nativa:<\/b> Centro y Sudam\u00e9rica<\/p>\n<p class=\"\"><b class=\"\">H\u00e1bitats nativos:<\/b> Bosques secos tropicales, bosques abiertos, matorrales, regiones costeras, \u00e1reas perturbadas<\/p>\n<p class=\"\"><b class=\"\">Suelos:<\/b> Bien drenados, ligeramente \u00e1cidos a neutros (pH 6 &#8211; 7,5)<\/p>\n<p class=\"\"><b class=\"\">Requisitos nutricionales:<\/b> moderados<\/p>\n<p class=\"\"><b class=\"\">Tolerancia al agua salada:<\/b> moderada<\/p>\n<p class=\"\"><b class=\"\">Tolerancia al viento salado:<\/b> moderada<\/p>\n<p class=\"\"><b class=\"\">Tolerancia a la sequ\u00eda:<\/b> alta<\/p>\n<p class=\"\"><b class=\"\">Requisitos de luz:<\/b> pleno sol<\/p>\n<p class=\"\"><b class=\"\">Color de la flor:<\/b> Amarillo dorado<\/p>\n<p class=\"\"><b class=\"\">Caracter\u00edsticas de la flor:<\/b> racimos<\/p>\n<p class=\"\"><b class=\"\">Temporada de floraci\u00f3n:<\/b> Verano<\/p>\n<p class=\"\"><b class=\"\">Fruto:<\/b> Bayas peque\u00f1as y agrupadas que son verdes cuando est\u00e1n verdes, y se vuelven de color p\u00farpura oscuro o negro cuando maduran<\/p>\n<p class=\"\"><b class=\"\">Vida silvestre y ecolog\u00eda: <\/b>Atrae a mariposas, abejas y colibr\u00edes<\/p>\n<p class=\"\"><b class=\"\">Notas de horticultura:<\/b> Se propaga por semilla, esquejes, acodo<\/p>\n<p class=\"\"><b class=\"\">Comentarios:<\/b><\/p>\n<div id=\"ContentPlaceHolder1_PlantInfo_pnlWater\"><\/div>\n","protected":false},"excerpt":{"rendered":"<p><img decoding=\"async\" class=\"alignnone size-medium wp-image-31863\" src=\"https:\/\/smartyplantsnursery.com\/wp-content\/uploads\/2023\/04\/Screen-Shot-2023-04-22-at-11.28.02-PM-300x134.png\" alt=\"Compre con confianza en el vivero Smarty Plants.\" width=\"300\" height=\"134\"><\/p>\n<div class=\"container\">\n<div class=\"table-container\">\n<table>\n<thead>\n<tr>\n<th>Tama\u00f1o de la maceta<\/th>\n<th>Altura media plantada (desde la tierra hasta la parte superior de la planta)<\/th>\n<\/tr>\n<\/thead>\n<tbody>\n<tr>\n<td>1 gal\u00f3n\/6&#8243;<\/td>\n<td>0 &#8211; 1 ft.<\/td>\n<\/tr>\n<\/tbody>\n<\/table>\n<\/div>\n<\/div>\n","protected":false},"featured_media":51248,"comment_status":"open","ping_status":"closed","template":"","meta":[],"product_brand":[],"product_cat":[343,336,340,310,375,317,315,302,393,309,360,361,345,358,335,372,322,330,307],"product_tag":[319],"class_list":{"0":"post-45993","1":"product","2":"type-product","3":"status-publish","4":"has-post-thumbnail","6":"product_cat-acido","7":"product_cat-acodo-aereo","8":"product_cat-alta","9":"product_cat-bien-drenado","10":"product_cat-borde","11":"product_cat-contenedor","12":"product_cat-esquejes","13":"product_cat-exotica","14":"product_cat-flor-silvestre","15":"product_cat-moderada","16":"product_cat-moderada-es-3","17":"product_cat-moderada-es-4","18":"product_cat-neutro","19":"product_cat-plantas-para-mariposas-plantas-para-polinizadores","20":"product_cat-pleno-sol","21":"product_cat-racimo","22":"product_cat-rapido","23":"product_cat-semilla","24":"product_cat-verano","25":"product_tag-amarillo","26":"pa_pot-size-1-galon-6","29":"first","30":"instock","31":"taxable","32":"shipping-taxable","33":"purchasable","34":"product-type-variable"},"aioseo_notices":[],"_links":{"self":[{"href":"https:\/\/smartyplantsnursery.com\/es\/wp-json\/wp\/v2\/product\/45993","targetHints":{"allow":["GET"]}}],"collection":[{"href":"https:\/\/smartyplantsnursery.com\/es\/wp-json\/wp\/v2\/product"}],"about":[{"href":"https:\/\/smartyplantsnursery.com\/es\/wp-json\/wp\/v2\/types\/product"}],"replies":[{"embeddable":true,"href":"https:\/\/smartyplantsnursery.com\/es\/wp-json\/wp\/v2\/comments?post=45993"}],"wp:featuredmedia":[{"embeddable":true,"href":"https:\/\/smartyplantsnursery.com\/es\/wp-json\/wp\/v2\/media\/51248"}],"wp:attachment":[{"href":"https:\/\/smartyplantsnursery.com\/es\/wp-json\/wp\/v2\/media?parent=45993"}],"wp:term":[{"taxonomy":"product_brand","embeddable":true,"href":"https:\/\/smartyplantsnursery.com\/es\/wp-json\/wp\/v2\/product_brand?post=45993"},{"taxonomy":"product_cat","embeddable":true,"href":"https:\/\/smartyplantsnursery.com\/es\/wp-json\/wp\/v2\/product_cat?post=45993"},{"taxonomy":"product_tag","embeddable":true,"href":"https:\/\/smartyplantsnursery.com\/es\/wp-json\/wp\/v2\/product_tag?post=45993"}],"curies":[{"name":"wp","href":"https:\/\/api.w.org\/{rel}","templated":true}]}}