{"id":46037,"date":"2023-11-23T14:48:14","date_gmt":"2023-11-23T14:48:14","guid":{"rendered":"https:\/\/smartyplantsnursery.com\/product\/jengibre-rojo-alpinia-purpurata\/"},"modified":"2026-02-04T14:57:47","modified_gmt":"2026-02-04T14:57:47","slug":"jengibre-rojo-alpinia-purpurata","status":"publish","type":"product","link":"https:\/\/smartyplantsnursery.com\/es\/product\/jengibre-rojo-alpinia-purpurata\/","title":{"rendered":"Jengibre rojo &#8211; alpinia purpurata"},"content":{"rendered":"<p class=\"\"><b class=\"\">Usos generales en el paisajismo:<\/b> Jardines tropicales, jardines de flores, pantalla, jardiner\u00eda en macetas<\/p>\n<p class=\"\"><b class=\"\">Notas sobre la restauraci\u00f3n ecol\u00f3gica:<\/b> Apoyo a los polinizadores, h\u00e1bitat de la vida silvestre, estabilizaci\u00f3n del suelo<\/p>\n<p class=\"\"><b class=\"\">Descripci\u00f3n:<\/b> Una planta tropical con flores apreciada por sus br\u00e1cteas rojas (o rosas) vibrantes, su exuberante follaje verde y su presencia arquitect\u00f3nica en el paisaje.<\/p>\n<p class=\"\"><b class=\"\">Dimensiones:<\/b> Altura de 2 a 5 pies; Extensi\u00f3n de 3 a 5 pies.<\/p>\n<p class=\"\"><b class=\"\">Tasa de crecimiento:<\/b> r\u00e1pida<\/p>\n<p class=\"\"><b class=\"\">\u00c1rea de distribuci\u00f3n nativa:<\/b> Pac\u00edfico Sur<\/p>\n<p class=\"\"><b class=\"\">H\u00e1bitats nativos:<\/b> Selvas tropicales de tierras bajas<\/p>\n<p class=\"\"><b class=\"\">Suelos:<\/b> Rico, con buen drenaje<\/p>\n<p class=\"\"><b class=\"\">Requisitos nutricionales:<\/b> De moderados a altos<\/p>\n<p class=\"\"><b class=\"\">Tolerancia al agua salada:<\/b> baja<\/p>\n<p class=\"\"><b class=\"\">Tolerancia al viento salado:<\/b> baja<\/p>\n<p class=\"\"><b class=\"\">Tolerancia a la sequ\u00eda:<\/b> baja<\/p>\n<p class=\"\"><b class=\"\">Requisitos de luz:<\/b> Pleno sol a sol parcial<\/p>\n<p class=\"\"><b class=\"\">Color de la flor:<\/b> Br\u00e1cteas de color rojo brillante o rosa, las flores son blancas<\/p>\n<p class=\"\"><b class=\"\">Caracter\u00edsticas de la flor:<\/b> Tubular, peque\u00f1a<\/p>\n<p class=\"\"><b class=\"\">Temporada de floraci\u00f3n:<\/b> Todo el a\u00f1o<\/p>\n<p class=\"\"><b class=\"\">Fruto:<\/b> C\u00e1psula seca, peque\u00f1a, ovalada o redonda, de color verde que se vuelve marr\u00f3n cuando madura<\/p>\n<p class=\"\"><b class=\"\">Vida silvestre y ecolog\u00eda:<\/b> Apoyo a los polinizadores, estructura del h\u00e1bitat<\/p>\n<p class=\"\"><b class=\"\">Notas de horticultura:<\/b> Se propaga por divisi\u00f3n, semilla<\/p>\n<p class=\"\"><b class=\"\">Comentarios:<\/b><\/p>\n<p>&nbsp;<\/p>\n","protected":false},"excerpt":{"rendered":"<p><img decoding=\"async\" class=\"alignnone size-medium wp-image-31863\" src=\"https:\/\/smartyplantsnursery.com\/wp-content\/uploads\/2023\/04\/Screen-Shot-2023-04-22-at-11.28.02-PM-300x134.png\" alt=\"Compre con confianza en el vivero Smarty Plants.\" width=\"300\" height=\"134\"><\/p>\n<div class=\"container\">\n<div class=\"table-container\">\n<table>\n<thead>\n<tr>\n<th>Tama\u00f1o de la maceta<\/th>\n<th>Altura media plantada (desde la tierra hasta la parte superior de la planta)<\/th>\n<\/tr>\n<\/thead>\n<tbody>\n<tr>\n<td>1 gal\u00f3n\/6&#8243;<\/td>\n<td>0 &#8211; 1 ft.<\/td>\n<\/tr>\n<tr>\n<td>3 galones\/10&#8243;<\/td>\n<td>1 &#8211; 2 pies<\/td>\n<\/tr>\n<tr>\n<td>7 galones\/14&#8243;<\/td>\n<td>2 &#8211; 4 pies<\/td>\n<\/tr>\n<\/tbody>\n<\/table>\n<\/div>\n<\/div>\n","protected":false},"featured_media":50956,"comment_status":"open","ping_status":"closed","template":"","meta":[],"product_brand":[],"product_cat":[348,304,329,311,312,310,317,331,302,355,309,308,378,316,335,323,322,330,303,333,307],"product_tag":[318,350,352],"class_list":{"0":"post-46037","1":"product","2":"type-product","3":"status-publish","4":"has-post-thumbnail","6":"product_cat-alta-es","7":"product_cat-arbusto","8":"product_cat-baja-es-2","9":"product_cat-baja","10":"product_cat-baja-es","11":"product_cat-bien-drenado","12":"product_cat-contenedor","13":"product_cat-division-es","14":"product_cat-exotica","15":"product_cat-invierno","16":"product_cat-moderada","17":"product_cat-otono","18":"product_cat-pantalla","19":"product_cat-pequena","20":"product_cat-pleno-sol","21":"product_cat-primavera","22":"product_cat-rapido","23":"product_cat-semilla","24":"product_cat-sol-parcial","25":"product_cat-tubular-es","26":"product_cat-verano","27":"product_tag-blanco","28":"product_tag-rojo","29":"product_tag-rosa","30":"pa_pot-size-1-galon-6","31":"pa_pot-size-3-galones-10","32":"pa_pot-size-7-galones-14","35":"first","36":"instock","37":"taxable","38":"shipping-taxable","39":"purchasable","40":"product-type-variable"},"aioseo_notices":[],"_links":{"self":[{"href":"https:\/\/smartyplantsnursery.com\/es\/wp-json\/wp\/v2\/product\/46037","targetHints":{"allow":["GET"]}}],"collection":[{"href":"https:\/\/smartyplantsnursery.com\/es\/wp-json\/wp\/v2\/product"}],"about":[{"href":"https:\/\/smartyplantsnursery.com\/es\/wp-json\/wp\/v2\/types\/product"}],"replies":[{"embeddable":true,"href":"https:\/\/smartyplantsnursery.com\/es\/wp-json\/wp\/v2\/comments?post=46037"}],"wp:featuredmedia":[{"embeddable":true,"href":"https:\/\/smartyplantsnursery.com\/es\/wp-json\/wp\/v2\/media\/50956"}],"wp:attachment":[{"href":"https:\/\/smartyplantsnursery.com\/es\/wp-json\/wp\/v2\/media?parent=46037"}],"wp:term":[{"taxonomy":"product_brand","embeddable":true,"href":"https:\/\/smartyplantsnursery.com\/es\/wp-json\/wp\/v2\/product_brand?post=46037"},{"taxonomy":"product_cat","embeddable":true,"href":"https:\/\/smartyplantsnursery.com\/es\/wp-json\/wp\/v2\/product_cat?post=46037"},{"taxonomy":"product_tag","embeddable":true,"href":"https:\/\/smartyplantsnursery.com\/es\/wp-json\/wp\/v2\/product_tag?post=46037"}],"curies":[{"name":"wp","href":"https:\/\/api.w.org\/{rel}","templated":true}]}}