{"id":46061,"date":"2023-11-15T17:59:47","date_gmt":"2023-11-15T17:59:47","guid":{"rendered":"https:\/\/smartyplantsnursery.com\/product\/ayer-hoy-manana-arbol-brunfelsia-grandiflora\/"},"modified":"2026-03-07T14:50:18","modified_gmt":"2026-03-07T14:50:18","slug":"ayer-hoy-manana-arbol-brunfelsia-grandiflora","status":"publish","type":"product","link":"https:\/\/smartyplantsnursery.com\/es\/product\/ayer-hoy-manana-arbol-brunfelsia-grandiflora\/","title":{"rendered":"Ayer hoy ma\u00f1ana (\u00e1rbol) &#8211; brunfelsia grandiflora"},"content":{"rendered":"<div id=\"tab-description\" class=\"woocommerce-Tabs-panel woocommerce-Tabs-panel--description panel entry-content wc-tab\" role=\"tabpanel\" aria-labelledby=\"tab-title-description\">\n<p class=\"\"><b class=\"\">Usos generales en el paisaje:<\/b> \u00c1rbol de acento, jard\u00edn fragante, plantaci\u00f3n de sotobosque, plantaciones de cimentaci\u00f3n, bordes sombreados<\/p>\n<p class=\"\"><b class=\"\">Notas sobre la restauraci\u00f3n ecol\u00f3gica:<\/b> Biodiversidad del sotobosque del bosque nuboso<\/p>\n<p class=\"\"><b class=\"\">Descripci\u00f3n:<\/b> La planta Ayer, Hoy y Ma\u00f1ana muestra hermosas flores p\u00farpuras y blancas en invierno. Durante esta \u00e9poca, florecen abundantemente, a\u00f1adiendo color a su jard\u00edn. <\/p>\n<p class=\"\"><b class=\"\">Dimensiones:<\/b> Altura 5 &#8211; 8 pies.<\/p>\n<p class=\"\"><b class=\"\">Tasa de crecimiento:<\/b> moderada<\/p>\n<p class=\"\"><b class=\"\">Distribuci\u00f3n nativa:<\/b> Sudam\u00e9rica<\/p>\n<p class=\"\"><b class=\"\">H\u00e1bitats nativos:<\/b> Bosques montanos <span class=\"s1\">h\u00famedos<\/span><span class=\"s1\">,<\/span> bosques nubosos<span class=\"s1\">, y<\/span> riberas<\/p>\n<p class=\"\"><b class=\"\">Suelos:<\/b> Bien drenados<\/p>\n<p class=\"\"><b class=\"\">Requisitos nutricionales:<\/b> moderados<\/p>\n<p class=\"\"><b class=\"\">Tolerancia al agua salada:<\/b> baja<\/p>\n<p class=\"\"><b class=\"\">Tolerancia al viento salado:<\/b> baja<\/p>\n<p class=\"\"><b class=\"\">Tolerancia a la sequ\u00eda:<\/b> moderada<\/p>\n<p class=\"\"><b class=\"\">Requisitos de luz:<\/b> pleno sol a sol parcial<\/p>\n<p class=\"\"><b class=\"\">Color de la flor:<\/b> P\u00farpura y blanco<\/p>\n<p class=\"\"><b class=\"\">Caracter\u00edsticas de la flor:<\/b> fragante<\/p>\n<p class=\"\"><b class=\"\">Temporada de floraci\u00f3n:<\/b> Invierno<\/p>\n<p class=\"\"><b class=\"\">Fruto:<\/b> C\u00e1psulas peque\u00f1as y redondas<\/p>\n<p class=\"\"><b class=\"\">Vida silvestre y ecolog\u00eda:<\/b> Las flores atraen a los polinizadores<\/p>\n<p class=\"\"><b class=\"\">Notas de horticultura:<\/b> Cultivado a partir de esquejes, semillas<\/p>\n<p class=\"\"><b class=\"\">Comentarios:<\/b> <span class=\"s1\">Todas las partes del fruto son t\u00f3xicas<\/span> si se ingieren, especialmente para <span class=\"s1\">mascotas y ni\u00f1os<\/span> (contiene alcaloides).<\/p>\n<\/div>\n","protected":false},"excerpt":{"rendered":"<p><img decoding=\"async\" class=\"alignnone size-medium wp-image-31863\" src=\"https:\/\/smartyplantsnursery.com\/wp-content\/uploads\/2023\/04\/Screen-Shot-2023-04-22-at-11.28.02-PM-300x134.png\" alt=\"\" width=\"300\" height=\"134\"><\/p>\n<div class=\"container\">\n<div class=\"table-container\">\n<table>\n<thead>\n<tr>\n<th>Tama\u00f1o de la maceta<\/th>\n<th>Altura media plantada (desde la tierra hasta la parte superior de la planta)<\/th>\n<\/tr>\n<\/thead>\n<tbody>\n<tr>\n<td>15 galones\/17&#8243;<\/td>\n<td>1,2 &#8211; 1,5 m<\/td>\n<\/tr>\n<tr>\n<td>25 galones\/21&#8243;<\/td>\n<td>1,5 &#8211; 1,8 m<\/td>\n<\/tr>\n<\/tbody>\n<\/table>\n<\/div>\n<\/div>\n","protected":false},"featured_media":48588,"comment_status":"open","ping_status":"closed","template":"","meta":[],"product_brand":[],"product_cat":[344,312,311,310,375,315,302,374,355,326,309,313,334,335,330,303],"product_tag":[318,338],"class_list":{"0":"post-46061","1":"product","2":"type-product","3":"status-publish","4":"has-post-thumbnail","6":"product_cat-arbol","7":"product_cat-baja-es","8":"product_cat-baja","9":"product_cat-bien-drenado","10":"product_cat-borde","11":"product_cat-esquejes","12":"product_cat-exotica","13":"product_cat-fragante-2","14":"product_cat-invierno","15":"product_cat-moderada-es-2","16":"product_cat-moderada","17":"product_cat-moderada-es","18":"product_cat-planta-de-acento","19":"product_cat-pleno-sol","20":"product_cat-semilla","21":"product_cat-sol-parcial","22":"product_tag-blanco","23":"product_tag-morado","24":"pa_pot-size-1-galon-6","25":"pa_pot-size-15-galones-17","26":"pa_pot-size-25-galones-21","27":"pa_pot-size-3-galones-10","28":"pa_pot-size-7-galones-14","31":"first","32":"instock","33":"taxable","34":"shipping-taxable","35":"purchasable","36":"product-type-variable"},"aioseo_notices":[],"_links":{"self":[{"href":"https:\/\/smartyplantsnursery.com\/es\/wp-json\/wp\/v2\/product\/46061","targetHints":{"allow":["GET"]}}],"collection":[{"href":"https:\/\/smartyplantsnursery.com\/es\/wp-json\/wp\/v2\/product"}],"about":[{"href":"https:\/\/smartyplantsnursery.com\/es\/wp-json\/wp\/v2\/types\/product"}],"replies":[{"embeddable":true,"href":"https:\/\/smartyplantsnursery.com\/es\/wp-json\/wp\/v2\/comments?post=46061"}],"wp:featuredmedia":[{"embeddable":true,"href":"https:\/\/smartyplantsnursery.com\/es\/wp-json\/wp\/v2\/media\/48588"}],"wp:attachment":[{"href":"https:\/\/smartyplantsnursery.com\/es\/wp-json\/wp\/v2\/media?parent=46061"}],"wp:term":[{"taxonomy":"product_brand","embeddable":true,"href":"https:\/\/smartyplantsnursery.com\/es\/wp-json\/wp\/v2\/product_brand?post=46061"},{"taxonomy":"product_cat","embeddable":true,"href":"https:\/\/smartyplantsnursery.com\/es\/wp-json\/wp\/v2\/product_cat?post=46061"},{"taxonomy":"product_tag","embeddable":true,"href":"https:\/\/smartyplantsnursery.com\/es\/wp-json\/wp\/v2\/product_tag?post=46061"}],"curies":[{"name":"wp","href":"https:\/\/api.w.org\/{rel}","templated":true}]}}