{"id":46063,"date":"2023-11-01T21:50:18","date_gmt":"2023-11-01T21:50:18","guid":{"rendered":"https:\/\/smartyplantsnursery.com\/product\/hibisco-tropical-hibiscus-rosa-sinensis-melocoton-doble\/"},"modified":"2026-03-07T14:04:59","modified_gmt":"2026-03-07T14:04:59","slug":"hibisco-tropical-hibiscus-rosa-sinensis-melocoton-doble","status":"publish","type":"product","link":"https:\/\/smartyplantsnursery.com\/es\/product\/hibisco-tropical-hibiscus-rosa-sinensis-melocoton-doble\/","title":{"rendered":"Hibisco tropical &#8211; hibiscus rosa-sinensis \u201cmelocot\u00f3n doble\u201d"},"content":{"rendered":"<p class=\"\"><b class=\"\">Usos generales en el paisaje:<\/b> Borde o seto tropical, arbusto ornamental, plantaci\u00f3n en contenedor, jard\u00edn de polinizadores<\/p>\n<p class=\"\"><b class=\"\">Notas sobre la restauraci\u00f3n ecol\u00f3gica:<\/b> No recomendado<\/p>\n<p class=\"\"><b class=\"\">Descripci\u00f3n:<\/b> Flores dobles de color melocot\u00f3n, muy grandes y abundantes, florecen intensamente durante un per\u00edodo prolongado. Una selecci\u00f3n excepcional para un color llamativo en jardines perennes o tropicales. Destaca por s\u00ed sola en plantaciones de cimentaci\u00f3n. Es una excelente planta de seto o pantalla de fondo. Esta planta de hoja perenne prefiere suelos bien drenados.    <\/p>\n<p class=\"\"><b class=\"\">Dimensiones:<\/b> Altura: 2,4 m; Extensi\u00f3n: 1,8 m<\/p>\n<p class=\"\"><b class=\"\">Tasa de crecimiento:<\/b> De moderada a r\u00e1pida<\/p>\n<p class=\"\"><b class=\"\">Distribuci\u00f3n nativa:<\/b> Asia<\/p>\n<p class=\"\"><b class=\"\">H\u00e1bitats nativos:<\/b> n\/a<\/p>\n<p class=\"\"><b class=\"\">Suelos:<\/b> Bien drenados, f\u00e9rtiles, de neutros a ligeramente \u00e1cidos<\/p>\n<p class=\"\"><b class=\"\">Requisitos nutricionales:<\/b> De moderados a altos<\/p>\n<p class=\"\"><b class=\"\">Tolerancia al agua salada:<\/b> De baja a moderada<\/p>\n<p class=\"\"><b class=\"\">Tolerancia al viento salado:<\/b> moderada<\/p>\n<p class=\"\"><b class=\"\">Tolerancia a la sequ\u00eda:<\/b> moderada<\/p>\n<p class=\"\"><b class=\"\">Requisitos de luz:<\/b> pleno sol<\/p>\n<p class=\"\"><b class=\"\">Color de la flor:<\/b> melocot\u00f3n<\/p>\n<p class=\"\"><b class=\"\">Caracter\u00edsticas de la flor:<\/b> Grandes, duran 1 &#8211; 2 d\u00edas<\/p>\n<p class=\"\"><b class=\"\">Temporada de floraci\u00f3n:<\/b> De primavera a oto\u00f1o<\/p>\n<p class=\"\"><b class=\"\">Fruto:<\/b> C\u00e1psula seca, marr\u00f3n<\/p>\n<p class=\"\"><b class=\"\">Fauna y ecolog\u00eda:<\/b> Atracci\u00f3n de polinizadores, valor m\u00ednimo de alimento o h\u00e1bitat para la fauna aut\u00f3ctona<\/p>\n<p class=\"\"><b class=\"\">Notas de horticultura:<\/b> Se cultiva a partir de esquejes<\/p>\n<p class=\"\"><b class=\"\">Comentarios:<\/b><\/p>\n","protected":false},"excerpt":{"rendered":"<p><img decoding=\"async\" class=\"alignnone size-medium wp-image-31863\" src=\"https:\/\/smartyplantsnursery.com\/wp-content\/uploads\/2023\/04\/Screen-Shot-2023-04-22-at-11.28.02-PM-300x134.png\" alt=\"Compre con confianza en el vivero Smarty Plants.\" width=\"300\" height=\"134\"><\/p>\n<div class=\"container\">\n<div class=\"table-container\">\n<table>\n<thead>\n<tr>\n<th>Tama\u00f1o de la maceta<\/th>\n<th>Altura media plantada (desde la tierra hasta la parte superior de la planta)<\/th>\n<\/tr>\n<\/thead>\n<tbody>\n<tr>\n<td>3 galones\/10&#8243;<\/td>\n<td>1 &#8211; 2 pies<\/td>\n<\/tr>\n<tr>\n<td>7 galones\/14&#8243;<\/td>\n<td>0,6 &#8211; 0,9 m<\/td>\n<\/tr>\n<\/tbody>\n<\/table>\n<\/div>\n<\/div>\n","protected":false},"featured_media":52772,"comment_status":"open","ping_status":"closed","template":"","meta":[],"product_brand":[],"product_cat":[343,348,304,311,310,375,317,315,302,368,309,313,361,360,326,345,308,314,358,335,323,322,332,307],"product_tag":[403],"class_list":{"0":"post-46063","1":"product","2":"type-product","3":"status-publish","4":"has-post-thumbnail","6":"product_cat-acido","7":"product_cat-alta-es","8":"product_cat-arbusto","9":"product_cat-baja","10":"product_cat-bien-drenado","11":"product_cat-borde","12":"product_cat-contenedor","13":"product_cat-esquejes","14":"product_cat-exotica","15":"product_cat-grande","16":"product_cat-moderada","17":"product_cat-moderada-es","18":"product_cat-moderada-es-4","19":"product_cat-moderada-es-3","20":"product_cat-moderada-es-2","21":"product_cat-neutro","22":"product_cat-otono","23":"product_cat-planta-de-especimen","24":"product_cat-plantas-para-mariposas-plantas-para-polinizadores","25":"product_cat-pleno-sol","26":"product_cat-primavera","27":"product_cat-rapido","28":"product_cat-seto","29":"product_cat-verano","30":"product_tag-melocoton","31":"pa_pot-size-3-galones-10","32":"pa_pot-size-7-galones-14","35":"first","36":"instock","37":"taxable","38":"shipping-taxable","39":"purchasable","40":"product-type-variable"},"aioseo_notices":[],"_links":{"self":[{"href":"https:\/\/smartyplantsnursery.com\/es\/wp-json\/wp\/v2\/product\/46063","targetHints":{"allow":["GET"]}}],"collection":[{"href":"https:\/\/smartyplantsnursery.com\/es\/wp-json\/wp\/v2\/product"}],"about":[{"href":"https:\/\/smartyplantsnursery.com\/es\/wp-json\/wp\/v2\/types\/product"}],"replies":[{"embeddable":true,"href":"https:\/\/smartyplantsnursery.com\/es\/wp-json\/wp\/v2\/comments?post=46063"}],"wp:featuredmedia":[{"embeddable":true,"href":"https:\/\/smartyplantsnursery.com\/es\/wp-json\/wp\/v2\/media\/52772"}],"wp:attachment":[{"href":"https:\/\/smartyplantsnursery.com\/es\/wp-json\/wp\/v2\/media?parent=46063"}],"wp:term":[{"taxonomy":"product_brand","embeddable":true,"href":"https:\/\/smartyplantsnursery.com\/es\/wp-json\/wp\/v2\/product_brand?post=46063"},{"taxonomy":"product_cat","embeddable":true,"href":"https:\/\/smartyplantsnursery.com\/es\/wp-json\/wp\/v2\/product_cat?post=46063"},{"taxonomy":"product_tag","embeddable":true,"href":"https:\/\/smartyplantsnursery.com\/es\/wp-json\/wp\/v2\/product_tag?post=46063"}],"curies":[{"name":"wp","href":"https:\/\/api.w.org\/{rel}","templated":true}]}}