{"id":46072,"date":"2023-11-08T15:43:11","date_gmt":"2023-11-08T15:43:11","guid":{"rendered":"https:\/\/smartyplantsnursery.com\/product\/texas-sage-cenizo-arbusto-barometro-hoja-de-plata-ranger-de-texas-salvia-purpura-leucophyllum-frutescens-nube-verde\/"},"modified":"2025-12-13T15:49:20","modified_gmt":"2025-12-13T15:49:20","slug":"texas-sage-cenizo-arbusto-barometro-hoja-de-plata-ranger-de-texas-salvia-purpura-leucophyllum-frutescens-nube-verde","status":"publish","type":"product","link":"https:\/\/smartyplantsnursery.com\/es\/product\/texas-sage-cenizo-arbusto-barometro-hoja-de-plata-ranger-de-texas-salvia-purpura-leucophyllum-frutescens-nube-verde\/","title":{"rendered":"Texas Sage, cenizo, arbusto bar\u00f3metro, hoja de plata, ranger de Texas, salvia p\u00farpura &#8211; leucophyllum frutescens \u201cNube verde\u201d"},"content":{"rendered":"<p class=\"\"><b class=\"\">Usos generales en el paisaje:<\/b> seto o pantalla, plantaciones masivas, arbusto de acento, borde<\/p>\n<p class=\"\"><b class=\"\">Notas sobre la restauraci\u00f3n ecol\u00f3gica:<\/b> restauraci\u00f3n de tierras secas y desiertos, rehabilitaci\u00f3n de pastizales, control de la erosi\u00f3n, mejora del h\u00e1bitat de los polinizadores<\/p>\n<p class=\"\"><b class=\"\">Descripci\u00f3n:<\/b> Un cultivar de Texas Sage, seleccionado por su follaje verde vivo y su abundante floraci\u00f3n p\u00farpura.<\/p>\n<p class=\"\"><b class=\"\">Dimensiones:<\/b> Altura 1,8 m; Extensi\u00f3n 1,8 m.<\/p>\n<p class=\"\"><b class=\"\">Tasa de crecimiento:<\/b> De moderada a r\u00e1pida<\/p>\n<p class=\"\"><b class=\"\">Distribuci\u00f3n nativa:<\/b> Texas, Nuevo M\u00e9xico, norte de M\u00e9xico<\/p>\n<p class=\"\"><b class=\"\">H\u00e1bitats nativos:<\/b> Desierto y matorral des\u00e9rtico, laderas y ca\u00f1ones rocosos secos, llanuras calc\u00e1reas, pastizales y matorrales semi\u00e1ridos<\/p>\n<p class=\"\"><b class=\"\">Suelos:<\/b> Bien drenados, arenosos, rocosos, pedregosos, alcalinos<\/p>\n<p class=\"\"><b class=\"\">Requisitos nutricionales:<\/b> bajos<\/p>\n<p class=\"\"><b class=\"\">Tolerancia al agua salada:<\/b> baja<\/p>\n<p class=\"\"><b class=\"\">Tolerancia al viento salado:<\/b> moderada<\/p>\n<p class=\"\"><b class=\"\">Tolerancia a la sequ\u00eda:<\/b> alta<\/p>\n<p class=\"\"><b class=\"\">Requisitos de luz:<\/b> pleno sol, sol parcial<\/p>\n<p class=\"\"><b class=\"\">Color de la flor:<\/b> p\u00farpura<\/p>\n<p class=\"\"><b class=\"\">Caracter\u00edsticas de la flor:<\/b> En forma de campana<\/p>\n<p class=\"\"><b class=\"\">Temporada de floraci\u00f3n:<\/b> De primavera a oto\u00f1o<\/p>\n<p class=\"\"><b class=\"\">Fruto:<\/b> C\u00e1psula de semilla peque\u00f1a y seca, verde cuando es inmadura y marr\u00f3n cuando est\u00e1 madura<\/p>\n<p class=\"\"><b class=\"\">Vida silvestre y ecolog\u00eda:<\/b> Atrae a los polinizadores, estructura del h\u00e1bitat<\/p>\n<p class=\"\"><b class=\"\">Notas de horticultura:<\/b> Se cultiva a partir de esquejes<\/p>\n<p class=\"\"><b class=\"\">Comentarios:<\/b><\/p>\n","protected":false},"excerpt":{"rendered":"<p><img decoding=\"async\" class=\"alignnone size-medium wp-image-31863\" src=\"https:\/\/smartyplantsnursery.com\/wp-content\/uploads\/2023\/04\/Screen-Shot-2023-04-22-at-11.28.02-PM-300x134.png\" alt=\"Compre con confianza en el vivero Smarty Plants.\" width=\"300\" height=\"134\"><\/p>\n<p><a href=\"https:\/\/smartyplantsnursery.com\/wp-content\/uploads\/2023\/04\/Screen-Shot-2024-03-23-at-11.29.25-AM.png\"><img fetchpriority=\"high\" decoding=\"async\" class=\"alignnone size-medium wp-image-36420\" src=\"https:\/\/smartyplantsnursery.com\/wp-content\/uploads\/2023\/04\/Screen-Shot-2024-03-23-at-11.29.25-AM-246x300.png\" alt=\"\" width=\"246\" height=\"300\"><\/a><\/p>\n","protected":false},"featured_media":51605,"comment_status":"open","ping_status":"closed","template":"","meta":[],"product_brand":[],"product_cat":[380,340,304,359,311,357,310,375,315,302,361,326,308,378,334,335,323,322,332,303,307],"product_tag":[338],"class_list":{"0":"post-46072","1":"product","2":"type-product","3":"status-publish","4":"has-post-thumbnail","6":"product_cat-alcalino","7":"product_cat-alta","8":"product_cat-arbusto","9":"product_cat-arena","10":"product_cat-baja","11":"product_cat-baja-es-3","12":"product_cat-bien-drenado","13":"product_cat-borde","14":"product_cat-esquejes","15":"product_cat-exotica","16":"product_cat-moderada-es-4","17":"product_cat-moderada-es-2","18":"product_cat-otono","19":"product_cat-pantalla","20":"product_cat-planta-de-acento","21":"product_cat-pleno-sol","22":"product_cat-primavera","23":"product_cat-rapido","24":"product_cat-seto","25":"product_cat-sol-parcial","26":"product_cat-verano","27":"product_tag-morado","28":"pa_pot-size-3-galones-10","31":"first","32":"instock","33":"taxable","34":"shipping-taxable","35":"purchasable","36":"product-type-variable"},"aioseo_notices":[],"_links":{"self":[{"href":"https:\/\/smartyplantsnursery.com\/es\/wp-json\/wp\/v2\/product\/46072","targetHints":{"allow":["GET"]}}],"collection":[{"href":"https:\/\/smartyplantsnursery.com\/es\/wp-json\/wp\/v2\/product"}],"about":[{"href":"https:\/\/smartyplantsnursery.com\/es\/wp-json\/wp\/v2\/types\/product"}],"replies":[{"embeddable":true,"href":"https:\/\/smartyplantsnursery.com\/es\/wp-json\/wp\/v2\/comments?post=46072"}],"wp:featuredmedia":[{"embeddable":true,"href":"https:\/\/smartyplantsnursery.com\/es\/wp-json\/wp\/v2\/media\/51605"}],"wp:attachment":[{"href":"https:\/\/smartyplantsnursery.com\/es\/wp-json\/wp\/v2\/media?parent=46072"}],"wp:term":[{"taxonomy":"product_brand","embeddable":true,"href":"https:\/\/smartyplantsnursery.com\/es\/wp-json\/wp\/v2\/product_brand?post=46072"},{"taxonomy":"product_cat","embeddable":true,"href":"https:\/\/smartyplantsnursery.com\/es\/wp-json\/wp\/v2\/product_cat?post=46072"},{"taxonomy":"product_tag","embeddable":true,"href":"https:\/\/smartyplantsnursery.com\/es\/wp-json\/wp\/v2\/product_tag?post=46072"}],"curies":[{"name":"wp","href":"https:\/\/api.w.org\/{rel}","templated":true}]}}