{"id":46078,"date":"2023-11-01T21:31:23","date_gmt":"2023-11-01T21:31:23","guid":{"rendered":"https:\/\/smartyplantsnursery.com\/product\/viburum-dulce-awabuki-viburnum-odoratissimum-awabuki\/"},"modified":"2026-03-07T14:55:30","modified_gmt":"2026-03-07T14:55:30","slug":"viburum-dulce-awabuki-viburnum-odoratissimum-awabuki","status":"publish","type":"product","link":"https:\/\/smartyplantsnursery.com\/es\/product\/viburum-dulce-awabuki-viburnum-odoratissimum-awabuki\/","title":{"rendered":"Viburum dulce Awabuki &#8211; viburnum odoratissimum awabuki"},"content":{"rendered":"<div>\n<p><b>Usos generales en el paisaje:<\/b> seto, planta ornamental, control de la erosi\u00f3n, jard\u00edn de vida silvestre<\/p>\n<p><b>Notas sobre la restauraci\u00f3n ecol\u00f3gica:<\/b> control de la erosi\u00f3n, creaci\u00f3n de h\u00e1bitat para la vida silvestre, restauraci\u00f3n costera, sistemas agroforestales mixtos<\/p>\n<p><b>Descripci\u00f3n:<\/b> Arbusto o \u00e1rbol peque\u00f1o de hoja perenne<\/p>\n<p><b>Dimensiones:<\/b> Altura 12 &#8211; 18 pies; Extensi\u00f3n 12 &#8211; 18 pies<\/p>\n<p><b>Tasa de crecimiento:<\/b> r\u00e1pida<\/p>\n<p><b>Distribuci\u00f3n nativa:<\/b> India, Birmania, China a Jap\u00f3n y Filipinas<\/p>\n<p><b>H\u00e1bitats nativos:<\/b> bosques y bordes de bosques, laderas y pendientes, zonas costeras, elevaciones<\/p>\n<p><b>Suelos:<\/b> suelo f\u00e9rtil y bien drenado; tolera una variedad de tipos de suelo<\/p>\n<p><b>Requisitos nutricionales:<\/b> altos<\/p>\n<p><b>Tolerancia al agua salada:<\/b> moderada<\/p>\n<p><b>Tolerancia al viento salado:<\/b> moderada<\/p>\n<p><b>Tolerancia a la sequ\u00eda:<\/b> moderada<\/p>\n<p><b>Requisitos de luz:<\/b> Pleno sol a sol parcial<\/p>\n<p><b>Color de la flor:<\/b> Blanco<\/p>\n<p><b>Caracter\u00edsticas de la flor:<\/b> vistosas, fragantes<\/p>\n<p><b>Temporada de floraci\u00f3n:<\/b> mayo a julio<\/p>\n<p><b>Fruto:<\/b> bayas rojas que maduran a negro a finales del verano<\/p>\n<p><b>Vida silvestre y ecolog\u00eda:<\/b> apoyo a los polinizadores, h\u00e1bitat de aves y fuente de alimento, refugio de vida silvestre, control de la erosi\u00f3n y mejora del suelo, secuestro de carbono<\/p>\n<p><b>Notas de horticultura:<\/b> propagaci\u00f3n por esquejes, acodo y semillas<\/p>\n<p><b>Comentarios:<\/b><\/p>\n<\/div>\n","protected":false},"excerpt":{"rendered":"<p><img fetchpriority=\"high\" decoding=\"async\" class=\"alignnone size-medium wp-image-54744\" src=\"https:\/\/smartyplantsnursery.com\/wp-content\/uploads\/2023\/04\/Screenshot-2026-03-03-at-2.22.47-PM-300x185.png\" alt=\"\" width=\"300\" height=\"185\"><\/p>\n<div class=\"container\">\n<div class=\"table-container\">\n<table>\n<thead>\n<tr>\n<th>Tama\u00f1o de la maceta<\/th>\n<th>Altura media plantada (desde la tierra hasta la parte superior de la planta)<\/th>\n<\/tr>\n<\/thead>\n<tbody>\n<tr>\n<td>3 galones\/10&#8243;<\/td>\n<td>1 &#8211; 2 pies<\/td>\n<\/tr>\n<tr>\n<td>7 galones\/14&#8243;<\/td>\n<td>0,6 &#8211; 0,9 m<\/td>\n<\/tr>\n<tr>\n<td>15 galones\/17&#8243;<\/td>\n<td>0,9 &#8211; 1,2 m<\/td>\n<\/tr>\n<tr>\n<td>25 galones\/21&#8243;<\/td>\n<td>4 &#8211; 6 pies<\/td>\n<\/tr>\n<\/tbody>\n<\/table>\n<\/div>\n<\/div>\n","protected":false},"featured_media":54512,"comment_status":"open","ping_status":"closed","template":"","meta":[],"product_brand":[],"product_cat":[336,348,304,310,315,302,374,324,313,360,361,314,335,322,330,332,303],"product_tag":[318],"class_list":{"0":"post-46078","1":"product","2":"type-product","3":"status-publish","4":"has-post-thumbnail","6":"product_cat-acodo-aereo","7":"product_cat-alta-es","8":"product_cat-arbusto","9":"product_cat-bien-drenado","10":"product_cat-esquejes","11":"product_cat-exotica","12":"product_cat-fragante-2","13":"product_cat-llamativo","14":"product_cat-moderada-es","15":"product_cat-moderada-es-3","16":"product_cat-moderada-es-4","17":"product_cat-planta-de-especimen","18":"product_cat-pleno-sol","19":"product_cat-rapido","20":"product_cat-semilla","21":"product_cat-seto","22":"product_cat-sol-parcial","23":"product_tag-blanco","24":"pa_pot-size-15-galones-17","25":"pa_pot-size-25-galones-21","26":"pa_pot-size-3-galones-10","27":"pa_pot-size-7-galones-14","30":"first","31":"instock","32":"taxable","33":"shipping-taxable","34":"purchasable","35":"product-type-variable"},"aioseo_notices":[],"_links":{"self":[{"href":"https:\/\/smartyplantsnursery.com\/es\/wp-json\/wp\/v2\/product\/46078","targetHints":{"allow":["GET"]}}],"collection":[{"href":"https:\/\/smartyplantsnursery.com\/es\/wp-json\/wp\/v2\/product"}],"about":[{"href":"https:\/\/smartyplantsnursery.com\/es\/wp-json\/wp\/v2\/types\/product"}],"replies":[{"embeddable":true,"href":"https:\/\/smartyplantsnursery.com\/es\/wp-json\/wp\/v2\/comments?post=46078"}],"wp:featuredmedia":[{"embeddable":true,"href":"https:\/\/smartyplantsnursery.com\/es\/wp-json\/wp\/v2\/media\/54512"}],"wp:attachment":[{"href":"https:\/\/smartyplantsnursery.com\/es\/wp-json\/wp\/v2\/media?parent=46078"}],"wp:term":[{"taxonomy":"product_brand","embeddable":true,"href":"https:\/\/smartyplantsnursery.com\/es\/wp-json\/wp\/v2\/product_brand?post=46078"},{"taxonomy":"product_cat","embeddable":true,"href":"https:\/\/smartyplantsnursery.com\/es\/wp-json\/wp\/v2\/product_cat?post=46078"},{"taxonomy":"product_tag","embeddable":true,"href":"https:\/\/smartyplantsnursery.com\/es\/wp-json\/wp\/v2\/product_tag?post=46078"}],"curies":[{"name":"wp","href":"https:\/\/api.w.org\/{rel}","templated":true}]}}