{"id":46093,"date":"2023-11-01T20:02:19","date_gmt":"2023-11-01T20:02:19","guid":{"rendered":"https:\/\/smartyplantsnursery.com\/product\/falso-pitosporo-pittosporum-tobira-variegata\/"},"modified":"2025-12-31T16:49:20","modified_gmt":"2025-12-31T16:49:20","slug":"falso-pitosporo-pittosporum-tobira-variegata","status":"publish","type":"product","link":"https:\/\/smartyplantsnursery.com\/es\/product\/falso-pitosporo-pittosporum-tobira-variegata\/","title":{"rendered":"Falso pitosporo &#8211; pittosporum tobira \u201cvariegata\u201d"},"content":{"rendered":"<div id=\"MainContentPlaceHolder_TypeRow\" class=\"row\">\n<div>\n<p class=\"\"><b class=\"\">Usos generales en el paisajismo:<\/b> seto, borde, plantaciones de cimientos, jardines costeros, jardiner\u00eda en contenedores<\/p>\n<p class=\"\"><b class=\"\">Notas sobre la restauraci\u00f3n ecol\u00f3gica:<\/b> Estabilizaci\u00f3n costera, control de la erosi\u00f3n<\/p>\n<p class=\"\"><b class=\"\">Descripci\u00f3n:<\/b> Un arbusto de hoja perenne apreciado por su atractivo follaje, sus fragantes flores y su adaptabilidad a diversos paisajes.<\/p>\n<p class=\"\"><b class=\"\">Dimensiones:<\/b> Altura 3 &#8211; 4,5 m; Extensi\u00f3n 3 &#8211; 4,5 m<\/p>\n<p class=\"\"><b class=\"\">Tasa de crecimiento:<\/b> Moderada a lenta<\/p>\n<p class=\"\"><b class=\"\">Distribuci\u00f3n nativa:<\/b> China, Jap\u00f3n<\/p>\n<p class=\"\"><b class=\"\">H\u00e1bitats nativos:<\/b> Zonas costeras, matorrales de hoja perenne, m\u00e1rgenes de bosques, regiones subtropicales y templadas c\u00e1lidas, h\u00e1bitats rocosos y de laderas<\/p>\n<p class=\"\"><b class=\"\">Suelos:<\/b> Con buen drenaje<\/p>\n<p class=\"\"><b class=\"\">Requisitos nutricionales:<\/b> moderados<\/p>\n<p class=\"\"><b class=\"\">Tolerancia al agua salada:<\/b> moderada<\/p>\n<p class=\"\"><b class=\"\">Tolerancia al viento salado:<\/b> alta<\/p>\n<p class=\"\"><b class=\"\">Tolerancia a la sequ\u00eda:<\/b> moderada<\/p>\n<p class=\"\"><b class=\"\">Requisitos de luz:<\/b> Pleno sol a sol parcial<\/p>\n<p class=\"\"><b class=\"\">Color de la flor:<\/b> Blanco<\/p>\n<p class=\"\"><b class=\"\">Caracter\u00edsticas de la flor:<\/b> Llamativas, fragantes, peque\u00f1as<\/p>\n<p class=\"\"><b class=\"\">Temporada de floraci\u00f3n:<\/b> de abril a mayo<\/p>\n<p class=\"\"><b class=\"\">Fruto:<\/b> C\u00e1psulas peque\u00f1as y le\u00f1osas<\/p>\n<p class=\"\"><b class=\"\">Vida silvestre y ecolog\u00eda:<\/b> Apoyo a los polinizadores, h\u00e1bitat de la vida silvestre<\/p>\n<p class=\"\"><b class=\"\">Notas de horticultura:<\/b> Cultivado a partir de esquejes, semillas<\/p>\n<p class=\"\"><b class=\"\">Comentarios:<\/b><\/p>\n<\/div>\n<\/div>\n","protected":false},"excerpt":{"rendered":"<p><img decoding=\"async\" class=\"alignnone size-medium wp-image-31863\" src=\"https:\/\/smartyplantsnursery.com\/wp-content\/uploads\/2023\/04\/Screen-Shot-2023-04-22-at-11.28.02-PM-300x134.png\" alt=\"Compre con confianza en el vivero Smarty Plants.\" width=\"300\" height=\"134\"><\/p>\n<div class=\"container\">\n<div class=\"table-container\">\n<table>\n<thead>\n<tr>\n<th>Tama\u00f1o de la maceta<\/th>\n<th>Altura media plantada (desde la tierra hasta la parte superior de la planta)<\/th>\n<\/tr>\n<\/thead>\n<tbody>\n<tr>\n<td>3 galones\/10&#8243;<\/td>\n<td>0,3 &#8211; 0,45 m<\/td>\n<\/tr>\n<tr>\n<td>7 galones\/14&#8243;<\/td>\n<td>0,45 &#8211; 0,6 m<\/td>\n<\/tr>\n<\/tbody>\n<\/table>\n<\/div>\n<\/div>\n","protected":false},"featured_media":44217,"comment_status":"open","ping_status":"closed","template":"","meta":[],"product_brand":[],"product_cat":[362,304,310,375,317,384,315,302,374,306,324,326,360,313,309,316,335,323,330,332,303],"product_tag":[318],"class_list":{"0":"post-46093","1":"product","2":"type-product","3":"status-publish","4":"has-post-thumbnail","6":"product_cat-alta-es-2","7":"product_cat-arbusto","8":"product_cat-bien-drenado","9":"product_cat-borde","10":"product_cat-contenedor","11":"product_cat-costero","12":"product_cat-esquejes","13":"product_cat-exotica","14":"product_cat-fragante-2","15":"product_cat-lenta","16":"product_cat-llamativo","17":"product_cat-moderada-es-2","18":"product_cat-moderada-es-3","19":"product_cat-moderada-es","20":"product_cat-moderada","21":"product_cat-pequena","22":"product_cat-pleno-sol","23":"product_cat-primavera","24":"product_cat-semilla","25":"product_cat-seto","26":"product_cat-sol-parcial","27":"product_tag-blanco","28":"pa_pot-size-3-galones-10","29":"pa_pot-size-7-galones-14","32":"first","33":"instock","34":"taxable","35":"shipping-taxable","36":"purchasable","37":"product-type-variable"},"aioseo_notices":[],"_links":{"self":[{"href":"https:\/\/smartyplantsnursery.com\/es\/wp-json\/wp\/v2\/product\/46093","targetHints":{"allow":["GET"]}}],"collection":[{"href":"https:\/\/smartyplantsnursery.com\/es\/wp-json\/wp\/v2\/product"}],"about":[{"href":"https:\/\/smartyplantsnursery.com\/es\/wp-json\/wp\/v2\/types\/product"}],"replies":[{"embeddable":true,"href":"https:\/\/smartyplantsnursery.com\/es\/wp-json\/wp\/v2\/comments?post=46093"}],"wp:featuredmedia":[{"embeddable":true,"href":"https:\/\/smartyplantsnursery.com\/es\/wp-json\/wp\/v2\/media\/44217"}],"wp:attachment":[{"href":"https:\/\/smartyplantsnursery.com\/es\/wp-json\/wp\/v2\/media?parent=46093"}],"wp:term":[{"taxonomy":"product_brand","embeddable":true,"href":"https:\/\/smartyplantsnursery.com\/es\/wp-json\/wp\/v2\/product_brand?post=46093"},{"taxonomy":"product_cat","embeddable":true,"href":"https:\/\/smartyplantsnursery.com\/es\/wp-json\/wp\/v2\/product_cat?post=46093"},{"taxonomy":"product_tag","embeddable":true,"href":"https:\/\/smartyplantsnursery.com\/es\/wp-json\/wp\/v2\/product_tag?post=46093"}],"curies":[{"name":"wp","href":"https:\/\/api.w.org\/{rel}","templated":true}]}}