{"id":46094,"date":"2023-11-01T15:11:24","date_gmt":"2023-11-01T15:11:24","guid":{"rendered":"https:\/\/smartyplantsnursery.com\/product\/aspidistra-aspidistra-elatior\/"},"modified":"2026-03-31T18:08:30","modified_gmt":"2026-03-31T18:08:30","slug":"aspidistra-aspidistra-elatior","status":"publish","type":"product","link":"https:\/\/smartyplantsnursery.com\/es\/product\/aspidistra-aspidistra-elatior\/","title":{"rendered":"Aspidistra &#8211; aspidistra elatior"},"content":{"rendered":"<div>\n<p class=\"\"><b class=\"\">Usos generales en el paisajismo:<\/b> Jardines de sombra y cobertura del suelo, jardiner\u00eda en macetas, plantaci\u00f3n de bordes y sotobosque, control de la erosi\u00f3n<\/p>\n<p class=\"\"><b class=\"\">Notas sobre la restauraci\u00f3n ecol\u00f3gica:<\/b> Estabilizaci\u00f3n del suelo y control de la erosi\u00f3n, restauraci\u00f3n del h\u00e1bitat del sotobosque<\/p>\n<p class=\"\"><b class=\"\">Descripci\u00f3n:<\/b> Una planta perenne resistente, de hoja perenne y amante de la sombra, valorada por su durabilidad, bajo mantenimiento y exuberante follaje verde.<\/p>\n<p class=\"\"><b class=\"\">Dimensiones:<\/b> Altura 2 &#8211; 3 pies; Extensi\u00f3n 1 &#8211; 2 pies.<\/p>\n<p class=\"\"><b class=\"\">Tasa de crecimiento:<\/b> Lento a moderado<\/p>\n<p class=\"\"><b class=\"\">Distribuci\u00f3n nativa:<\/b> China, Jap\u00f3n<\/p>\n<p class=\"\"><b class=\"\">H\u00e1bitats nativos:<\/b> Sotobosques forestales y ambientes sombreados y h\u00famedos<\/p>\n<p class=\"\"><b class=\"\">Suelos:<\/b> Ricos, bien drenados, org\u00e1nicos<\/p>\n<p class=\"\"><b class=\"\">Requisitos nutricionales:<\/b> bajos<\/p>\n<p class=\"\"><b class=\"\">Tolerancia al agua salada:<\/b> De baja a moderada<\/p>\n<p class=\"\"><b class=\"\">Tolerancia al viento salado:<\/b> De baja a moderada<\/p>\n<p class=\"\"><b class=\"\">Tolerancia a la sequ\u00eda:<\/b> alta<\/p>\n<p class=\"\"><b class=\"\">Requisitos de luz:<\/b> Sol parcial a sombra total<\/p>\n<p class=\"\"><b class=\"\">Color de la flor:<\/b> P\u00farpura cremoso<\/p>\n<p class=\"\"><b class=\"\">Caracter\u00edsticas de la flor:<\/b> Insignificante, en forma de campana<\/p>\n<p class=\"\"><b class=\"\">Temporada de floraci\u00f3n:<\/b> De finales de invierno a principios de primavera<\/p>\n<p class=\"\"><b class=\"\">Fruto:<\/b> Peque\u00f1o, redondo, parecido a una baya, que comienza verde y madura a p\u00farpura o marr\u00f3n oscuro<\/p>\n<p class=\"\"><b class=\"\">Vida silvestre y ecolog\u00eda:<\/b> Proporciona cobertura del suelo y refugio para la vida silvestre, las flores son polinizadas por insectos que viven en el suelo<\/p>\n<p class=\"\"><b class=\"\">Notas de horticultura:<\/b> Se cultiva por divisi\u00f3n o semilla<\/p>\n<p class=\"\"><b class=\"\">Comentarios:<\/b><\/p>\n<\/div>\n<div id=\"MainContentPlaceHolder_FamilyRow\" class=\"row\"><\/div>\n<div id=\"MainContentPlaceHolder_ZoneRow\" class=\"row\"><\/div>\n<div id=\"MainContentPlaceHolder_BloomTimeRow\" class=\"row\"><\/div>\n<div class=\"row\"><\/div>\n","protected":false},"excerpt":{"rendered":"<p><img fetchpriority=\"high\" decoding=\"async\" class=\"alignnone size-medium wp-image-54744\" src=\"https:\/\/smartyplantsnursery.com\/wp-content\/uploads\/2023\/04\/Screenshot-2026-03-03-at-2.22.47-PM-300x185.webp\" alt=\"\" width=\"300\" height=\"185\"><\/p>\n<div class=\"container\">\n<div class=\"table-container\">\n<table>\n<thead>\n<tr>\n<th>Tama\u00f1o de la maceta<\/th>\n<th>Altura media plantada (desde la tierra hasta la parte superior de la planta)<\/th>\n<\/tr>\n<\/thead>\n<tbody>\n<tr>\n<td>1 gal\u00f3n\/6&#8243;<\/td>\n<td>0,3 &#8211; 0,6 m<\/td>\n<\/tr>\n<tr>\n<td>3 galones\/10&#8243;<\/td>\n<td>2 &#8211; 3 pies<\/td>\n<\/tr>\n<tr>\n<td>7 galones\/14&#8243;<\/td>\n<td>3 &#8211; 4 pies<\/td>\n<\/tr>\n<\/tbody>\n<\/table>\n<\/div>\n<\/div>\n","protected":false},"featured_media":43575,"comment_status":"open","ping_status":"closed","template":"","meta":[],"product_brand":[],"product_cat":[340,304,312,357,311,310,375,321,317,331,302,365,355,306,326,361,360,323,330,303,349],"product_tag":[338],"class_list":{"0":"post-46094","1":"product","2":"type-product","3":"status-publish","4":"has-post-thumbnail","6":"product_cat-alta","7":"product_cat-arbusto","8":"product_cat-baja-es","9":"product_cat-baja-es-3","10":"product_cat-baja","11":"product_cat-bien-drenado","12":"product_cat-borde","13":"product_cat-cobertura-del-suelo","14":"product_cat-contenedor","15":"product_cat-division-es","16":"product_cat-exotica","17":"product_cat-inconspicuo","18":"product_cat-invierno","19":"product_cat-lenta","20":"product_cat-moderada-es-2","21":"product_cat-moderada-es-4","22":"product_cat-moderada-es-3","23":"product_cat-primavera","24":"product_cat-semilla","25":"product_cat-sol-parcial","26":"product_cat-sombra","27":"product_tag-morado","28":"pa_pot-size-1-galon-6","29":"pa_pot-size-3-galones-10","30":"pa_pot-size-7-galones-14","33":"first","34":"instock","35":"taxable","36":"shipping-taxable","37":"purchasable","38":"product-type-variable"},"aioseo_notices":[],"_links":{"self":[{"href":"https:\/\/smartyplantsnursery.com\/es\/wp-json\/wp\/v2\/product\/46094","targetHints":{"allow":["GET"]}}],"collection":[{"href":"https:\/\/smartyplantsnursery.com\/es\/wp-json\/wp\/v2\/product"}],"about":[{"href":"https:\/\/smartyplantsnursery.com\/es\/wp-json\/wp\/v2\/types\/product"}],"replies":[{"embeddable":true,"href":"https:\/\/smartyplantsnursery.com\/es\/wp-json\/wp\/v2\/comments?post=46094"}],"wp:featuredmedia":[{"embeddable":true,"href":"https:\/\/smartyplantsnursery.com\/es\/wp-json\/wp\/v2\/media\/43575"}],"wp:attachment":[{"href":"https:\/\/smartyplantsnursery.com\/es\/wp-json\/wp\/v2\/media?parent=46094"}],"wp:term":[{"taxonomy":"product_brand","embeddable":true,"href":"https:\/\/smartyplantsnursery.com\/es\/wp-json\/wp\/v2\/product_brand?post=46094"},{"taxonomy":"product_cat","embeddable":true,"href":"https:\/\/smartyplantsnursery.com\/es\/wp-json\/wp\/v2\/product_cat?post=46094"},{"taxonomy":"product_tag","embeddable":true,"href":"https:\/\/smartyplantsnursery.com\/es\/wp-json\/wp\/v2\/product_tag?post=46094"}],"curies":[{"name":"wp","href":"https:\/\/api.w.org\/{rel}","templated":true}]}}