{"id":46103,"date":"2023-11-01T19:51:52","date_gmt":"2023-11-01T19:51:52","guid":{"rendered":"https:\/\/smartyplantsnursery.com\/product\/enebro-rastrero-juniperus-conferta-blue-pacific\/"},"modified":"2026-02-06T15:27:52","modified_gmt":"2026-02-06T15:27:52","slug":"enebro-rastrero-juniperus-conferta-blue-pacific","status":"publish","type":"product","link":"https:\/\/smartyplantsnursery.com\/es\/product\/enebro-rastrero-juniperus-conferta-blue-pacific\/","title":{"rendered":"Enebro rastrero &#8211; juniperus conferta \u201cblue pacific\u201d"},"content":{"rendered":"<p class=\"\"><b class=\"\">Usos generales en el paisajismo:<\/b> Jardines costeros, xerojardiner\u00eda, bordes<\/p>\n<p class=\"\"><b class=\"\">Notas sobre restauraci\u00f3n ecol\u00f3gica:<\/b> Restauraci\u00f3n de dunas, control de la erosi\u00f3n en laderas costeras<\/p>\n<p class=\"\"><b class=\"\">Descripci\u00f3n:<\/b> Esta maravillosa forma baja y extendida es una excelente cobertura del suelo, plantaci\u00f3n en grupo o esp\u00e9cimen \u00fanico. El denso follaje azul verdoso le da a esta selecci\u00f3n una apariencia atractiva y es mejor cuando no se poda, sino que se deja en su forma natural. Una variedad notablemente tolerante al calor. De hoja perenne.   <\/p>\n<p class=\"\"><b class=\"\">Dimensiones:<\/b> Altura 30 cm; Extensi\u00f3n 1,8 &#8211; 2,1 m<\/p>\n<p class=\"\"><b class=\"\">Tasa de crecimiento:<\/b> lenta<\/p>\n<p class=\"\"><b class=\"\">Distribuci\u00f3n nativa:<\/b> costa de Jap\u00f3n<\/p>\n<p class=\"\"><b class=\"\">H\u00e1bitats nativos:<\/b> Dunas costeras arenosas, acantilados marinos y laderas rocosas secas cerca del oc\u00e9ano<\/p>\n<p class=\"\"><b class=\"\">Suelos:<\/b> Bien drenados, arenosos o limosos<\/p>\n<p class=\"\"><b class=\"\">Requisitos nutricionales:<\/b> bajos<\/p>\n<p class=\"\"><b class=\"\">Tolerancia al agua salada:<\/b> alta<\/p>\n<p class=\"\"><b class=\"\">Tolerancia al viento salado:<\/b> alta<\/p>\n<p class=\"\"><b class=\"\">Tolerancia a la sequ\u00eda:<\/b> alta<\/p>\n<p class=\"\"><b class=\"\">Requisitos de luz:<\/b> Pleno sol<\/p>\n<p class=\"\"><b class=\"\">Color de la flor:<\/b> n\/a<\/p>\n<p class=\"\"><b class=\"\">Caracter\u00edsticas de la flor:<\/b> Conos masculinos y femeninos peque\u00f1os, discretos<\/p>\n<p class=\"\"><b class=\"\">Temporada de floraci\u00f3n:<\/b> n\/a<\/p>\n<p class=\"\"><b class=\"\">Fruto:<\/b> Cono de semilla carnoso<\/p>\n<p class=\"\"><b class=\"\">Vida silvestre y ecolog\u00eda:<\/b> Proporciona cobertura para la peque\u00f1a fauna silvestre<\/p>\n<p class=\"\"><b class=\"\">Notas de horticultura: <\/b>Se propaga por esquejes<\/p>\n<p class=\"\"><b class=\"\">Comentarios:<\/b><\/p>\n","protected":false},"excerpt":{"rendered":"<p><img decoding=\"async\" class=\"alignnone size-medium wp-image-31863\" src=\"https:\/\/smartyplantsnursery.com\/wp-content\/uploads\/2023\/04\/Screen-Shot-2023-04-22-at-11.28.02-PM-300x134.png\" alt=\"Compre con confianza en el vivero Smarty Plants.\" width=\"300\" height=\"134\"><\/p>\n<div class=\"container\">\n<div class=\"table-container\">\n<table>\n<thead>\n<tr>\n<th>Tama\u00f1o de la maceta<\/th>\n<th>Altura media plantada (desde la tierra hasta la parte superior de la planta)<\/th>\n<\/tr>\n<\/thead>\n<tbody>\n<tr>\n<td>3 galones\/10&#8243;<\/td>\n<td>0 &#8211; 1 pie<\/td>\n<\/tr>\n<\/tbody>\n<\/table>\n<\/div>\n<\/div>\n","protected":false},"featured_media":51470,"comment_status":"open","ping_status":"closed","template":"","meta":[],"product_brand":[],"product_cat":[362,340,376,359,357,310,375,321,384,315,302,369,365,306,316,335,342],"product_tag":[],"class_list":{"0":"post-46103","1":"product","2":"type-product","3":"status-publish","4":"has-post-thumbnail","6":"product_cat-alta-es-2","7":"product_cat-alta","8":"product_cat-alta-es-3","9":"product_cat-arena","10":"product_cat-baja-es-3","11":"product_cat-bien-drenado","12":"product_cat-borde","13":"product_cat-cobertura-del-suelo","14":"product_cat-costero","15":"product_cat-esquejes","16":"product_cat-exotica","17":"product_cat-franco","18":"product_cat-inconspicuo","19":"product_cat-lenta","20":"product_cat-pequena","21":"product_cat-pleno-sol","22":"product_cat-xerojardin","23":"pa_pot-size-1-galon-6","24":"pa_pot-size-3-galones-10","27":"first","28":"instock","29":"taxable","30":"shipping-taxable","31":"purchasable","32":"product-type-variable"},"aioseo_notices":[],"_links":{"self":[{"href":"https:\/\/smartyplantsnursery.com\/es\/wp-json\/wp\/v2\/product\/46103","targetHints":{"allow":["GET"]}}],"collection":[{"href":"https:\/\/smartyplantsnursery.com\/es\/wp-json\/wp\/v2\/product"}],"about":[{"href":"https:\/\/smartyplantsnursery.com\/es\/wp-json\/wp\/v2\/types\/product"}],"replies":[{"embeddable":true,"href":"https:\/\/smartyplantsnursery.com\/es\/wp-json\/wp\/v2\/comments?post=46103"}],"wp:featuredmedia":[{"embeddable":true,"href":"https:\/\/smartyplantsnursery.com\/es\/wp-json\/wp\/v2\/media\/51470"}],"wp:attachment":[{"href":"https:\/\/smartyplantsnursery.com\/es\/wp-json\/wp\/v2\/media?parent=46103"}],"wp:term":[{"taxonomy":"product_brand","embeddable":true,"href":"https:\/\/smartyplantsnursery.com\/es\/wp-json\/wp\/v2\/product_brand?post=46103"},{"taxonomy":"product_cat","embeddable":true,"href":"https:\/\/smartyplantsnursery.com\/es\/wp-json\/wp\/v2\/product_cat?post=46103"},{"taxonomy":"product_tag","embeddable":true,"href":"https:\/\/smartyplantsnursery.com\/es\/wp-json\/wp\/v2\/product_tag?post=46103"}],"curies":[{"name":"wp","href":"https:\/\/api.w.org\/{rel}","templated":true}]}}