{"id":46112,"date":"2023-11-01T14:31:59","date_gmt":"2023-11-01T14:31:59","guid":{"rendered":"https:\/\/smartyplantsnursery.com\/product\/ruellia-brittoniana-campanilla-mexicana-petunia-mexicana-purple-showers\/"},"modified":"2026-01-26T19:30:29","modified_gmt":"2026-01-26T19:30:29","slug":"ruellia-brittoniana-campanilla-mexicana-petunia-mexicana-purple-showers","status":"publish","type":"product","link":"https:\/\/smartyplantsnursery.com\/es\/product\/ruellia-brittoniana-campanilla-mexicana-petunia-mexicana-purple-showers\/","title":{"rendered":"Ruellia brittoniana (Campanilla mexicana, petunia mexicana) \u201cpurple showers\u201d"},"content":{"rendered":"<p class=\"\"><b class=\"\">Usos generales en el paisaje:<\/b> Cobertura de suelo y bordes, jardines de humedales y de lluvia, control de la erosi\u00f3n, plantaci\u00f3n en contenedores, jard\u00edn de polinizadores<\/p>\n<p class=\"\"><b class=\"\">Notas sobre la restauraci\u00f3n ecol\u00f3gica:<\/b> Estabilizaci\u00f3n del suelo y control de la erosi\u00f3n, restauraci\u00f3n de humedales, apoyo a polinizadores y vida silvestre, resistencia a la sequ\u00eda y a las inundaciones<\/p>\n<p class=\"\"><b class=\"\">Descripci\u00f3n:<\/b> Planta perenne apreciada por sus vibrantes flores p\u00farpuras.<\/p>\n<p class=\"\"><b class=\"\">Dimensiones:<\/b> Altura 3 &#8211; 4 pies; Extensi\u00f3n 3 &#8211; 5 pies.<\/p>\n<p class=\"\"><b class=\"\">Tasa de crecimiento:<\/b> r\u00e1pida<\/p>\n<p class=\"\"><b class=\"\">Distribuci\u00f3n nativa:<\/b> M\u00e9xico, Sudam\u00e9rica<\/p>\n<p class=\"\"><b class=\"\">H\u00e1bitats nativos:<\/b> Humedales, riberas de r\u00edos<\/p>\n<p class=\"\"><b class=\"\">Suelos:<\/b> H\u00famedos, con buen drenaje, ligeramente \u00e1cidos a neutros (pH 5.5 &#8211; 7.5)<\/p>\n<p class=\"\"><b class=\"\">Requisitos nutricionales:<\/b> moderados<\/p>\n<p class=\"\"><b class=\"\">Tolerancia al agua salada:<\/b> moderada<\/p>\n<p class=\"\"><b class=\"\">Tolerancia al viento salado:<\/b> moderada<\/p>\n<p class=\"\"><b class=\"\">Tolerancia a la sequ\u00eda:<\/b> alta<\/p>\n<p class=\"\"><b class=\"\">Requisitos de luz:<\/b> pleno sol, sol parcial<\/p>\n<p class=\"\"><b class=\"\">Color de la flor:<\/b> p\u00farpura<\/p>\n<p class=\"\"><b class=\"\">Caracter\u00edsticas de la flor:<\/b> Grandes, en forma de trompeta<\/p>\n<p class=\"\"><b class=\"\">Temporada de floraci\u00f3n:<\/b> De primavera a oto\u00f1o<\/p>\n<p class=\"\"><b class=\"\">Fruto:<\/b> n\/a<\/p>\n<p class=\"\"><b class=\"\">Vida silvestre y ecolog\u00eda:<\/b> Atrae a los polinizadores, proporciona refugio a peque\u00f1os insectos<\/p>\n<p class=\"\"><b class=\"\">Notas de horticultura:<\/b> Se propaga por esquejes, divisi\u00f3n, esquejes de rizoma<\/p>\n<p class=\"\"><b class=\"\">Comentarios:<\/b><\/p>\n<p>&nbsp;<\/p>\n","protected":false},"excerpt":{"rendered":"<p><img decoding=\"async\" class=\"alignnone size-medium wp-image-31863\" src=\"https:\/\/smartyplantsnursery.com\/wp-content\/uploads\/2023\/04\/Screen-Shot-2023-04-22-at-11.28.02-PM-300x134.png\" alt=\"Compre con confianza en el vivero Smarty Plants.\" width=\"300\" height=\"134\"><\/p>\n<div class=\"container\">\n<div class=\"table-container\">\n<table>\n<thead>\n<tr>\n<th>Tama\u00f1o de la maceta<\/th>\n<th>Altura media plantada (desde la tierra hasta la parte superior de la planta)<\/th>\n<\/tr>\n<\/thead>\n<tbody>\n<tr>\n<td>1 gal\u00f3n\/6&#8243;<\/td>\n<td>0 &#8211; 1 ft.<\/td>\n<\/tr>\n<tr>\n<td>3 galones\/10&#8243;<\/td>\n<td>1 &#8211; 2 pies<\/td>\n<\/tr>\n<\/tbody>\n<\/table>\n<\/div>\n<\/div>\n","protected":false},"featured_media":44424,"comment_status":"open","ping_status":"closed","template":"","meta":[],"product_brand":[],"product_cat":[343,340,304,310,375,321,317,331,315,302,368,309,361,360,345,308,358,335,323,322,303],"product_tag":[338],"class_list":{"0":"post-46112","1":"product","2":"type-product","3":"status-publish","4":"has-post-thumbnail","6":"product_cat-acido","7":"product_cat-alta","8":"product_cat-arbusto","9":"product_cat-bien-drenado","10":"product_cat-borde","11":"product_cat-cobertura-del-suelo","12":"product_cat-contenedor","13":"product_cat-division-es","14":"product_cat-esquejes","15":"product_cat-exotica","16":"product_cat-grande","17":"product_cat-moderada","18":"product_cat-moderada-es-4","19":"product_cat-moderada-es-3","20":"product_cat-neutro","21":"product_cat-otono","22":"product_cat-plantas-para-mariposas-plantas-para-polinizadores","23":"product_cat-pleno-sol","24":"product_cat-primavera","25":"product_cat-rapido","26":"product_cat-sol-parcial","27":"product_tag-morado","28":"pa_pot-size-1-galon-6","29":"pa_pot-size-3-galones-10","32":"first","33":"instock","34":"taxable","35":"shipping-taxable","36":"purchasable","37":"product-type-variable"},"aioseo_notices":[],"_links":{"self":[{"href":"https:\/\/smartyplantsnursery.com\/es\/wp-json\/wp\/v2\/product\/46112","targetHints":{"allow":["GET"]}}],"collection":[{"href":"https:\/\/smartyplantsnursery.com\/es\/wp-json\/wp\/v2\/product"}],"about":[{"href":"https:\/\/smartyplantsnursery.com\/es\/wp-json\/wp\/v2\/types\/product"}],"replies":[{"embeddable":true,"href":"https:\/\/smartyplantsnursery.com\/es\/wp-json\/wp\/v2\/comments?post=46112"}],"wp:featuredmedia":[{"embeddable":true,"href":"https:\/\/smartyplantsnursery.com\/es\/wp-json\/wp\/v2\/media\/44424"}],"wp:attachment":[{"href":"https:\/\/smartyplantsnursery.com\/es\/wp-json\/wp\/v2\/media?parent=46112"}],"wp:term":[{"taxonomy":"product_brand","embeddable":true,"href":"https:\/\/smartyplantsnursery.com\/es\/wp-json\/wp\/v2\/product_brand?post=46112"},{"taxonomy":"product_cat","embeddable":true,"href":"https:\/\/smartyplantsnursery.com\/es\/wp-json\/wp\/v2\/product_cat?post=46112"},{"taxonomy":"product_tag","embeddable":true,"href":"https:\/\/smartyplantsnursery.com\/es\/wp-json\/wp\/v2\/product_tag?post=46112"}],"curies":[{"name":"wp","href":"https:\/\/api.w.org\/{rel}","templated":true}]}}