{"id":46150,"date":"2023-08-15T22:41:37","date_gmt":"2023-08-15T22:41:37","guid":{"rendered":"https:\/\/smartyplantsnursery.com\/product\/olivo-negro-shady-lady-bucida-buceras-shady-lady\/"},"modified":"2026-03-11T15:05:55","modified_gmt":"2026-03-11T15:05:55","slug":"olivo-negro-shady-lady-bucida-buceras-shady-lady","status":"publish","type":"product","link":"https:\/\/smartyplantsnursery.com\/es\/product\/olivo-negro-shady-lady-bucida-buceras-shady-lady\/","title":{"rendered":"Olivo Negro \u201cShady Lady\u201d &#8211; bucida buceras \u201cShady Lady\u201d"},"content":{"rendered":"<p><b>Usos generales en el paisaje:<\/b> \u00c1rbol de sombra, \u00e1rbol de calle, \u00e1rbol ornamental, paisajes costeros<\/p>\n<p><b>Notas sobre la restauraci\u00f3n ecol\u00f3gica:<\/b> Estabilizaci\u00f3n del suelo y control de la erosi\u00f3n, tolerancia a la sequ\u00eda y la sal, creaci\u00f3n de h\u00e1bitat y apoyo a la biodiversidad, secuestro de carbono, restauraci\u00f3n ribere\u00f1a, resiliencia clim\u00e1tica<\/p>\n<p><b>Descripci\u00f3n:<\/b> Un \u00e1rbol tropical de hoja perenne muy apreciado por su copa densa y sim\u00e9trica y sus elegantes ramas en capas.<\/p>\n<p><b>Dimensiones:<\/b> altura 9 &#8211; 15 m; extensi\u00f3n 9 &#8211; 12 m<\/p>\n<p><b>Tasa de crecimiento:<\/b> moderada<\/p>\n<p><b>Distribuci\u00f3n nativa:<\/b> Am\u00e9rica Central, el Caribe, el norte de Sudam\u00e9rica y el sur de Florida.<\/p>\n<p><b>H\u00e1bitats nativos:<\/b> Zonas costeras, bosques secos y a lo largo de las riberas de los r\u00edos<\/p>\n<p><b>Suelos:<\/b> Con buen drenaje, pero muy adaptable a diversos tipos de suelo, incluidos los arenosos y ligeramente alcalinos<\/p>\n<p><b>Requisitos nutricionales:<\/b> moderados<\/p>\n<p><b>Tolerancia al agua salada:<\/b> De alta a moderada<\/p>\n<p><b>Tolerancia al viento salado:<\/b> alta<\/p>\n<p><b>Tolerancia a la sequ\u00eda:<\/b> moderada<\/p>\n<p><b>Requisitos de luz:<\/b> pleno sol a sol parcial<\/p>\n<p><b>Color de la flor:<\/b> amarillo<\/p>\n<p><b>Caracter\u00edsticas de la flor:<\/b> Diminutas, discretas<\/p>\n<p><b>Temporada de floraci\u00f3n:<\/b> Primavera, Verano<\/p>\n<p><b>Fruto:<\/b> Peque\u00f1o, discreto, de color verde cuando es joven y que madura a marr\u00f3n oscuro o negro<\/p>\n<p><b>Vida silvestre y ecolog\u00eda:<\/b> H\u00e1bitat de vida silvestre, control de la erosi\u00f3n<\/p>\n<p><b>Notas de horticultura:<\/b> Se cultiva a partir de semillas, esquejes y acodo a\u00e9reo<\/p>\n<p><b>Comentarios:<\/b><\/p>\n<p>&nbsp;<\/p>\n","protected":false},"excerpt":{"rendered":"<p><img fetchpriority=\"high\" decoding=\"async\" class=\"alignnone size-medium wp-image-54744\" src=\"https:\/\/smartyplantsnursery.com\/wp-content\/uploads\/2023\/04\/Screenshot-2026-03-03-at-2.22.47-PM-300x185.webp\" alt=\"\" width=\"300\" height=\"185\"><\/p>\n<div class=\"container\">\n<div class=\"table-container\">\n<table>\n<thead>\n<tr>\n<th>Tama\u00f1o de la maceta<\/th>\n<th>Altura media plantada (desde la tierra hasta la parte superior de la planta)<\/th>\n<th>Calibre<\/th>\n<\/tr>\n<\/thead>\n<tbody>\n<tr>\n<td>25 galones\/21&#8243;<\/td>\n<td>2,4 &#8211; 3 m<\/td>\n<td>3,8 &#8211; 5 cm<\/td>\n<\/tr>\n<tr>\n<td>45 galones\/28&#8243;<\/td>\n<td>3 &#8211; 3,6 m<\/td>\n<td>5 &#8211; 7,6 cm<\/td>\n<\/tr>\n<\/tbody>\n<\/table>\n<\/div>\n<\/div>\n","protected":false},"featured_media":43799,"comment_status":"open","ping_status":"closed","template":"","meta":[],"product_brand":[],"product_cat":[336,380,376,362,344,371,359,310,384,315,302,365,309,313,326,360,335,323,330,303,307],"product_tag":[319],"class_list":{"0":"post-46150","1":"product","2":"type-product","3":"status-publish","4":"has-post-thumbnail","6":"product_cat-acodo-aereo","7":"product_cat-alcalino","8":"product_cat-alta-es-3","9":"product_cat-alta-es-2","10":"product_cat-arbol","11":"product_cat-arbol-de-sombra","12":"product_cat-arena","13":"product_cat-bien-drenado","14":"product_cat-costero","15":"product_cat-esquejes","16":"product_cat-exotica","17":"product_cat-inconspicuo","18":"product_cat-moderada","19":"product_cat-moderada-es","20":"product_cat-moderada-es-2","21":"product_cat-moderada-es-3","22":"product_cat-pleno-sol","23":"product_cat-primavera","24":"product_cat-semilla","25":"product_cat-sol-parcial","26":"product_cat-verano","27":"product_tag-amarillo","28":"pa_pot-size-25-galones-21","29":"pa_pot-size-45-galones-28","30":"pa_pot-size-7-galones-14","33":"first","34":"instock","35":"taxable","36":"shipping-taxable","37":"purchasable","38":"product-type-variable"},"aioseo_notices":[],"_links":{"self":[{"href":"https:\/\/smartyplantsnursery.com\/es\/wp-json\/wp\/v2\/product\/46150","targetHints":{"allow":["GET"]}}],"collection":[{"href":"https:\/\/smartyplantsnursery.com\/es\/wp-json\/wp\/v2\/product"}],"about":[{"href":"https:\/\/smartyplantsnursery.com\/es\/wp-json\/wp\/v2\/types\/product"}],"replies":[{"embeddable":true,"href":"https:\/\/smartyplantsnursery.com\/es\/wp-json\/wp\/v2\/comments?post=46150"}],"wp:featuredmedia":[{"embeddable":true,"href":"https:\/\/smartyplantsnursery.com\/es\/wp-json\/wp\/v2\/media\/43799"}],"wp:attachment":[{"href":"https:\/\/smartyplantsnursery.com\/es\/wp-json\/wp\/v2\/media?parent=46150"}],"wp:term":[{"taxonomy":"product_brand","embeddable":true,"href":"https:\/\/smartyplantsnursery.com\/es\/wp-json\/wp\/v2\/product_brand?post=46150"},{"taxonomy":"product_cat","embeddable":true,"href":"https:\/\/smartyplantsnursery.com\/es\/wp-json\/wp\/v2\/product_cat?post=46150"},{"taxonomy":"product_tag","embeddable":true,"href":"https:\/\/smartyplantsnursery.com\/es\/wp-json\/wp\/v2\/product_tag?post=46150"}],"curies":[{"name":"wp","href":"https:\/\/api.w.org\/{rel}","templated":true}]}}