{"id":46155,"date":"2023-09-02T00:30:37","date_gmt":"2023-09-02T00:30:37","guid":{"rendered":"https:\/\/smartyplantsnursery.com\/product\/eugenia-foetida-arbol-eugenia-foetida\/"},"modified":"2026-03-07T14:03:24","modified_gmt":"2026-03-07T14:03:24","slug":"eugenia-foetida-arbol-eugenia-foetida","status":"publish","type":"product","link":"https:\/\/smartyplantsnursery.com\/es\/product\/eugenia-foetida-arbol-eugenia-foetida\/","title":{"rendered":"Eugenia foetida (\u00e1rbol) &#8211; Eugenia foetida"},"content":{"rendered":"<p><b>Usos generales en el paisajismo:<\/b> Un arbusto o \u00e1rbol peque\u00f1o vers\u00e1til y atractivo. Se puede utilizar como elemento decorativo, como arbusto recortado y en paisajes naturalistas. Tambi\u00e9n es una gran adici\u00f3n a las plantaciones mixtas de amortiguaci\u00f3n.  <\/p>\n<p><b>Notas sobre la restauraci\u00f3n ecol\u00f3gica:<\/b> Un elemento relativamente com\u00fan de los m\u00e1rgenes y matorrales de las hamacas costeras.<\/p>\n<p><b>Descripci\u00f3n:<\/b> \u00c1rbol peque\u00f1o o arbusto columnar grande, generalmente con una copa redondeada densa formada por varios troncos delgados y erectos y peque\u00f1as ramas erectas. Corteza de color marr\u00f3n rojizo claro, delgada, lisa cuando es joven, luego dividida en peque\u00f1as escamas gruesas que forman anillos conc\u00e9ntricos alrededor del tronco de los \u00e1rboles m\u00e1s viejos. Hojas abundantes y persistentes, cori\u00e1ceas, de 3\/4 a 1 1\/2 pulgadas de largo.  <\/p>\n<p><b>Dimensiones:<\/b> Por lo general, de 8 a 15 pies de altura. M\u00e1s alto que ancho. <\/p>\n<p><b>Tasa de crecimiento:<\/b> De moderada a lenta.<\/p>\n<p><b>Distribuci\u00f3n:<\/b> Cayos del condado de Monroe, principalmente a lo largo de la costa norte hasta los condados de Brevard y Manatee; Indias Occidentales, M\u00e9xico y Am\u00e9rica Central.<\/p>\n<p><b>H\u00e1bitats:<\/b> Hamacas y bordes de hamacas; matorrales costeros.<\/p>\n<p><b>Suelos:<\/b> Suelos arenosos o calizos h\u00famedos y bien drenados, con una capa superior rica en humus.<\/p>\n<p><b>Requisitos nutricionales:<\/b> De moderados a altos; crece mejor con cierto contenido org\u00e1nico y puede languidecer en suelos pobres en nutrientes.<\/p>\n<p><b>Tolerancia al agua salada:<\/b> Moderadamente baja; no tolera las inundaciones a largo plazo por agua salada o salobre, pero tolera la inundaci\u00f3n a corto plazo por agua salada de la marejada cicl\u00f3nica con da\u00f1os m\u00ednimos.<\/p>\n<p><b>Tolerancia al viento salado:<\/b> Alta; puede tolerar cantidades moderadas de viento salado sin da\u00f1os significativos.<\/p>\n<p><b>Tolerancia a la sequ\u00eda:<\/b> Moderada; generalmente requiere suelos h\u00famedos, pero es tolerante a cortos per\u00edodos de sequ\u00eda una vez establecido.<\/p>\n<p><b>Requisitos de luz:<\/b> Pleno sol a sombra ligera.<\/p>\n<p><b>Color de la flor:<\/b> Blanco.<\/p>\n<p><b>Caracter\u00edsticas de la flor:<\/b> Semillamativa.<\/p>\n<p><b>Temporada de floraci\u00f3n:<\/b> Todo el a\u00f1o; pico en verano.<\/p>\n<p><b>Fruto:<\/b> Baya negra o marr\u00f3n.<\/p>\n<p><b>Vida silvestre y ecolog\u00eda:<\/b> Proporciona alimento y refugio para la vida silvestre. Atrae a las abejas polinizadoras y a las aves que comen fruta. <\/p>\n<p><b>Notas de horticultura:<\/b> Se puede cultivar a partir de semillas despulpadas. Colocar en sombra ligera. La germinaci\u00f3n suele ocurrir en 1 mes.  <\/p>\n<p><b>Comentarios:<\/b><\/p>\n","protected":false},"excerpt":{"rendered":"<p><img decoding=\"async\" class=\"alignnone size-medium wp-image-31863\" src=\"https:\/\/smartyplantsnursery.com\/wp-content\/uploads\/2023\/04\/Screen-Shot-2023-04-22-at-11.28.02-PM-300x134.png\" alt=\"\" width=\"300\" height=\"134\"><\/p>\n<div class=\"container\">\n<div class=\"table-container\">\n<table>\n<thead>\n<tr>\n<th>Tama\u00f1o de la maceta<\/th>\n<th>Altura media plantada (desde la tierra hasta la parte superior de la planta)<\/th>\n<th>Calibre<\/th>\n<\/tr>\n<\/thead>\n<tbody>\n<tr>\n<td>25 galones\/21&#8243;<\/td>\n<td>8 &#8211; 10 pies<\/td>\n<td><\/td>\n<\/tr>\n<tr>\n<td>45 galones\/28&#8243;<\/td>\n<td>10 &#8211; 12 pies<\/td>\n<td><\/td>\n<\/tr>\n<tr>\n<td>65 galones\/32&#8243;<\/td>\n<td>12 &#8211; 14<\/td>\n<td>3 &#8211; 4 pulg.<\/td>\n<\/tr>\n<tr>\n<td>100 galones\/36&#8243;<\/td>\n<td>14 &#8211; 18 pies<\/td>\n<td>4 &#8211; 5 pulg.<\/td>\n<\/tr>\n<\/tbody>\n<\/table>\n<\/div>\n<\/div>\n","protected":false},"featured_media":48212,"comment_status":"open","ping_status":"closed","template":"","meta":[],"product_brand":[],"product_cat":[348,362,344,359,311,346,310,355,306,324,326,360,313,309,341,308,334,358,335,323,303,307],"product_tag":[318],"class_list":{"0":"post-46155","1":"product","2":"type-product","3":"status-publish","4":"has-post-thumbnail","6":"product_cat-alta-es","7":"product_cat-alta-es-2","8":"product_cat-arbol","9":"product_cat-arena","10":"product_cat-baja","11":"product_cat-bajo-mantenimiento","12":"product_cat-bien-drenado","13":"product_cat-invierno","14":"product_cat-lenta","15":"product_cat-llamativo","16":"product_cat-moderada-es-2","17":"product_cat-moderada-es-3","18":"product_cat-moderada-es","19":"product_cat-moderada","20":"product_cat-nativo","21":"product_cat-otono","22":"product_cat-planta-de-acento","23":"product_cat-plantas-para-mariposas-plantas-para-polinizadores","24":"product_cat-pleno-sol","25":"product_cat-primavera","26":"product_cat-sol-parcial","27":"product_cat-verano","28":"product_tag-blanco","29":"pa_pot-size-100-galones-36","30":"pa_pot-size-25-galones-21","31":"pa_pot-size-45-galones-28","32":"pa_pot-size-65-galones-32","35":"first","36":"instock","37":"taxable","38":"shipping-taxable","39":"purchasable","40":"product-type-variable"},"aioseo_notices":[],"_links":{"self":[{"href":"https:\/\/smartyplantsnursery.com\/es\/wp-json\/wp\/v2\/product\/46155","targetHints":{"allow":["GET"]}}],"collection":[{"href":"https:\/\/smartyplantsnursery.com\/es\/wp-json\/wp\/v2\/product"}],"about":[{"href":"https:\/\/smartyplantsnursery.com\/es\/wp-json\/wp\/v2\/types\/product"}],"replies":[{"embeddable":true,"href":"https:\/\/smartyplantsnursery.com\/es\/wp-json\/wp\/v2\/comments?post=46155"}],"wp:featuredmedia":[{"embeddable":true,"href":"https:\/\/smartyplantsnursery.com\/es\/wp-json\/wp\/v2\/media\/48212"}],"wp:attachment":[{"href":"https:\/\/smartyplantsnursery.com\/es\/wp-json\/wp\/v2\/media?parent=46155"}],"wp:term":[{"taxonomy":"product_brand","embeddable":true,"href":"https:\/\/smartyplantsnursery.com\/es\/wp-json\/wp\/v2\/product_brand?post=46155"},{"taxonomy":"product_cat","embeddable":true,"href":"https:\/\/smartyplantsnursery.com\/es\/wp-json\/wp\/v2\/product_cat?post=46155"},{"taxonomy":"product_tag","embeddable":true,"href":"https:\/\/smartyplantsnursery.com\/es\/wp-json\/wp\/v2\/product_tag?post=46155"}],"curies":[{"name":"wp","href":"https:\/\/api.w.org\/{rel}","templated":true}]}}