{"id":46164,"date":"2023-08-27T14:01:42","date_gmt":"2023-08-27T14:01:42","guid":{"rendered":"https:\/\/smartyplantsnursery.com\/product\/jazmin-pinwheel-tabernaemontana-divaricata-jazmin-pinwheel\/"},"modified":"2026-03-07T13:56:37","modified_gmt":"2026-03-07T13:56:37","slug":"jazmin-pinwheel-tabernaemontana-divaricata-jazmin-pinwheel","status":"publish","type":"product","link":"https:\/\/smartyplantsnursery.com\/es\/product\/jazmin-pinwheel-tabernaemontana-divaricata-jazmin-pinwheel\/","title":{"rendered":"Jazm\u00edn Pinwheel &#8211; tabernaemontana divaricata \u201cJazm\u00edn Pinwheel\u201d"},"content":{"rendered":"<p class=\"\"><b class=\"\">Usos generales en el paisajismo: <\/b>plantaci\u00f3n masiva; esp\u00e9cimen; contenedor o jardinera elevada; seto; cimentaci\u00f3n; entrenado como est\u00e1ndar<\/p>\n<p class=\"\"><b class=\"\">Notas de restauraci\u00f3n ecol\u00f3gica: <\/b>Apoyo a polinizadores, estabilizaci\u00f3n del suelo<\/p>\n<p class=\"\"><b class=\"\">Descripci\u00f3n: <\/b>Un hermoso arbusto de hoja perenne conocido por sus fragantes flores blancas en forma de estrella que se asemejan a un molinillo de viento.<\/p>\n<p class=\"\"><b class=\"\">Dimensiones: <\/b>Altura 1,2 &#8211; 1,8 m<\/p>\n<p class=\"\"><b class=\"\">Tasa de crecimiento:<\/b> moderada<\/p>\n<p class=\"\"><b class=\"\">Distribuci\u00f3n nativa: <\/b>sur y sudeste de Asia<\/p>\n<p class=\"\"><b class=\"\">H\u00e1bitats nativos: <\/b>Bordes de bosques, bosques tropicales de tierras bajas<\/p>\n<p class=\"\"><b class=\"\">Suelos: <\/b>alcalino; arcilloso; arenoso; \u00e1cido; franco, bien drenado, f\u00e9rtil<\/p>\n<p class=\"\"><b class=\"\">Requisitos nutricionales:<\/b> moderados<\/p>\n<p class=\"\"><b class=\"\">Tolerancia al agua salada:<\/b> baja<\/p>\n<p class=\"\"><b class=\"\">Tolerancia al viento salado:<\/b> baja<\/p>\n<p class=\"\"><b class=\"\">Tolerancia a la sequ\u00eda:<\/b> moderada<\/p>\n<p class=\"\"><b class=\"\">Requisitos de luz:<\/b> sol parcial<\/p>\n<p class=\"\"><b class=\"\">Color de la flor:<\/b> Blanco<\/p>\n<p class=\"\"><b class=\"\">Caracter\u00edsticas de la flor: <\/b>Con forma de molinillo, fragante<\/p>\n<p class=\"\"><b class=\"\">Temporada de floraci\u00f3n:<\/b> Todo el a\u00f1o<\/p>\n<p class=\"\"><b class=\"\">Fruto: <\/b>Un fol\u00edculo doble que es verde cuando es joven y que madura a marr\u00f3n o gris oscuro<\/p>\n<p class=\"\"><b class=\"\">Vida silvestre y ecolog\u00eda: <\/b>Apoyo a los polinizadores, refugio para la vida silvestre, defensa basada en toxinas<\/p>\n<p class=\"\"><b class=\"\">Notas de horticultura:<\/b> Cultivado a partir de esquejes, semillas<\/p>\n<p class=\"\"><b class=\"\">Comentarios: <\/b>Todas las partes de la planta contienen l\u00e1tex lechoso y pueden ser t\u00f3xicas si se ingieren; mant\u00e9ngase alejado de mascotas y ni\u00f1os peque\u00f1os.<\/p>\n","protected":false},"excerpt":{"rendered":"<p><img decoding=\"async\" class=\"alignnone size-medium wp-image-31863\" src=\"https:\/\/smartyplantsnursery.com\/wp-content\/uploads\/2023\/04\/Screen-Shot-2023-04-22-at-11.28.02-PM-300x134.png\" alt=\"Compre con confianza en el vivero Smarty Plants.\" width=\"300\" height=\"134\"><\/p>\n<div class=\"container\">\n<div class=\"table-container\">\n<table>\n<thead>\n<tr>\n<th>Tama\u00f1o de la maceta<\/th>\n<th>Altura media plantada (desde la tierra hasta la parte superior de la planta)<\/th>\n<\/tr>\n<\/thead>\n<tbody>\n<tr>\n<td>3 galones\/10&#8243;<\/td>\n<td>1 &#8211; 2 pies<\/td>\n<\/tr>\n<tr>\n<td>7 galones\/14&#8243;<\/td>\n<td>0,6 &#8211; 0,9 m<\/td>\n<\/tr>\n<\/tbody>\n<\/table>\n<\/div>\n<\/div>\n","protected":false},"featured_media":44632,"comment_status":"open","ping_status":"closed","template":"","meta":[],"product_brand":[],"product_cat":[343,380,304,382,312,311,310,317,315,302,374,369,355,309,313,326,308,314,323,330,332,303,307],"product_tag":[318],"class_list":{"0":"post-46164","1":"product","2":"type-product","3":"status-publish","4":"has-post-thumbnail","6":"product_cat-acido","7":"product_cat-alcalino","8":"product_cat-arbusto","9":"product_cat-arcilla","10":"product_cat-baja-es","11":"product_cat-baja","12":"product_cat-bien-drenado","13":"product_cat-contenedor","14":"product_cat-esquejes","15":"product_cat-exotica","16":"product_cat-fragante-2","17":"product_cat-franco","18":"product_cat-invierno","19":"product_cat-moderada","20":"product_cat-moderada-es","21":"product_cat-moderada-es-2","22":"product_cat-otono","23":"product_cat-planta-de-especimen","24":"product_cat-primavera","25":"product_cat-semilla","26":"product_cat-seto","27":"product_cat-sol-parcial","28":"product_cat-verano","29":"product_tag-blanco","30":"pa_pot-size-3-galones-10","31":"pa_pot-size-7-galones-14","34":"first","35":"instock","36":"taxable","37":"shipping-taxable","38":"purchasable","39":"product-type-variable"},"aioseo_notices":[],"_links":{"self":[{"href":"https:\/\/smartyplantsnursery.com\/es\/wp-json\/wp\/v2\/product\/46164","targetHints":{"allow":["GET"]}}],"collection":[{"href":"https:\/\/smartyplantsnursery.com\/es\/wp-json\/wp\/v2\/product"}],"about":[{"href":"https:\/\/smartyplantsnursery.com\/es\/wp-json\/wp\/v2\/types\/product"}],"replies":[{"embeddable":true,"href":"https:\/\/smartyplantsnursery.com\/es\/wp-json\/wp\/v2\/comments?post=46164"}],"wp:featuredmedia":[{"embeddable":true,"href":"https:\/\/smartyplantsnursery.com\/es\/wp-json\/wp\/v2\/media\/44632"}],"wp:attachment":[{"href":"https:\/\/smartyplantsnursery.com\/es\/wp-json\/wp\/v2\/media?parent=46164"}],"wp:term":[{"taxonomy":"product_brand","embeddable":true,"href":"https:\/\/smartyplantsnursery.com\/es\/wp-json\/wp\/v2\/product_brand?post=46164"},{"taxonomy":"product_cat","embeddable":true,"href":"https:\/\/smartyplantsnursery.com\/es\/wp-json\/wp\/v2\/product_cat?post=46164"},{"taxonomy":"product_tag","embeddable":true,"href":"https:\/\/smartyplantsnursery.com\/es\/wp-json\/wp\/v2\/product_tag?post=46164"}],"curies":[{"name":"wp","href":"https:\/\/api.w.org\/{rel}","templated":true}]}}