{"id":46171,"date":"2023-08-13T07:21:58","date_gmt":"2023-08-13T07:21:58","guid":{"rendered":"https:\/\/smartyplantsnursery.com\/product\/palmera-licuala-grandis-palmera-de-abanico-de-vanuatu-licuala-grandis\/"},"modified":"2026-01-08T15:53:53","modified_gmt":"2026-01-08T15:53:53","slug":"palmera-licuala-grandis-palmera-de-abanico-de-vanuatu-licuala-grandis","status":"publish","type":"product","link":"https:\/\/smartyplantsnursery.com\/es\/product\/palmera-licuala-grandis-palmera-de-abanico-de-vanuatu-licuala-grandis\/","title":{"rendered":"Palmera Licuala grandis, palmera de abanico de Vanuatu &#8211; licuala grandis"},"content":{"rendered":"<p class=\"\"><b class=\"\">Usos generales en el paisajismo:<\/b> Punto focal ornamental, plantaci\u00f3n en jardines de sombra, plantaci\u00f3n en contenedores, jardines de patio<\/p>\n<p class=\"\"><b class=\"\">Notas sobre la restauraci\u00f3n ecol\u00f3gica:<\/b> Rehabilitaci\u00f3n del sotobosque, estabilizaci\u00f3n del suelo y control de la erosi\u00f3n, apoyo a la biodiversidad, purificaci\u00f3n del aire y del agua<\/p>\n<p class=\"\"><b class=\"\">Descripci\u00f3n:<\/b> Palmera peque\u00f1a con hojas en forma de abanico.<\/p>\n<p class=\"\"><b class=\"\">Dimensiones:<\/b> Altura 13 pies; Extensi\u00f3n 6 &#8211; 8 pies.<\/p>\n<p class=\"\"><b class=\"\">Tasa de crecimiento:<\/b> lenta<\/p>\n<p class=\"\"><b class=\"\">Distribuci\u00f3n nativa:<\/b> Islas Vanuatu, frente a la costa de Australia<\/p>\n<p class=\"\"><b class=\"\">H\u00e1bitats nativos:<\/b> Selvas tropicales, riberas, suelos forestales<\/p>\n<p class=\"\"><b class=\"\">Suelos:<\/b> Suelo h\u00famedo pero tambi\u00e9n bien drenado, limoso, de \u00e1cido a neutro (pH 6 &#8211; 7,5)<\/p>\n<p class=\"\"><b class=\"\">Requisitos nutricionales:<\/b> moderados<\/p>\n<p class=\"\"><b class=\"\">Tolerancia al agua salada:<\/b> De baja a moderada<\/p>\n<p class=\"\"><b class=\"\">Tolerancia al viento salado:<\/b> baja<\/p>\n<p class=\"\"><b class=\"\">Tolerancia a la sequ\u00eda:<\/b> De baja a moderada<\/p>\n<p class=\"\"><b class=\"\">Requisitos de luz:<\/b> sol parcial a sombra<\/p>\n<p class=\"\"><b class=\"\">Color de la flor:<\/b> Blanco crema a amarillo p\u00e1lido<\/p>\n<p class=\"\"><b class=\"\">Caracter\u00edsticas de la flor:<\/b> peque\u00f1a, discreta<\/p>\n<p class=\"\"><b class=\"\">Temporada de floraci\u00f3n:<\/b> Desde finales de primavera hasta verano<\/p>\n<p class=\"\"><b class=\"\">Fruto:<\/b> Rojo brillante<\/p>\n<p class=\"\"><b class=\"\">Fauna y ecolog\u00eda:<\/b> El fruto atrae a las aves, proporciona sombra y refugio para la peque\u00f1a fauna<\/p>\n<p class=\"\"><b class=\"\">Notas de horticultura:<\/b> Se propaga por semilla, divisi\u00f3n<\/p>\n<p class=\"\"><b class=\"\">Comentarios:<\/b><\/p>\n<p>&nbsp;<\/p>\n","protected":false},"excerpt":{"rendered":"<p><img decoding=\"async\" class=\"alignnone size-medium wp-image-31863\" src=\"https:\/\/smartyplantsnursery.com\/wp-content\/uploads\/2023\/04\/Screen-Shot-2023-04-22-at-11.28.02-PM-300x134.png\" alt=\"Compre con confianza en el vivero de plantas inteligentes\" width=\"300\" height=\"134\"><\/p>\n<div class=\"container\">\n<div class=\"table-container\">\n<table>\n<thead>\n<tr>\n<th>Tama\u00f1o de la maceta<\/th>\n<th>Altura media plantada (desde la tierra hasta la parte superior de la planta)<\/th>\n<\/tr>\n<\/thead>\n<tbody>\n<tr>\n<td>1 gal\u00f3n\/6&#8243;<\/td>\n<td>0 &#8211; 1 ft.<\/td>\n<\/tr>\n<tr>\n<td>3 galones\/10&#8243;<\/td>\n<td>1 &#8211; 2 pies<\/td>\n<\/tr>\n<tr>\n<td>7 galones\/14&#8243;<\/td>\n<td>2 &#8211; 2,5 pies<\/td>\n<\/tr>\n<tr>\n<td>15 galones\/17&#8243;<\/td>\n<td>2,5 &#8211; 3 pies<\/td>\n<\/tr>\n<tr>\n<td>25 galones\/21&#8243;<\/td>\n<td>3 &#8211; 4 pies<\/td>\n<\/tr>\n<\/tbody>\n<\/table>\n<\/div>\n<\/div>\n","protected":false},"featured_media":53140,"comment_status":"open","ping_status":"closed","template":"","meta":[],"product_brand":[],"product_cat":[343,344,329,312,311,310,317,331,302,369,365,305,306,309,313,360,345,370,316,314,323,330,303,349,307],"product_tag":[319,318],"class_list":{"0":"post-46171","1":"product","2":"type-product","3":"status-publish","4":"has-post-thumbnail","6":"product_cat-acido","7":"product_cat-arbol","8":"product_cat-baja-es-2","9":"product_cat-baja-es","10":"product_cat-baja","11":"product_cat-bien-drenado","12":"product_cat-contenedor","13":"product_cat-division-es","14":"product_cat-exotica","15":"product_cat-franco","16":"product_cat-inconspicuo","17":"product_cat-interior","18":"product_cat-lenta","19":"product_cat-moderada","20":"product_cat-moderada-es","21":"product_cat-moderada-es-3","22":"product_cat-neutro","23":"product_cat-palma","24":"product_cat-pequena","25":"product_cat-planta-de-especimen","26":"product_cat-primavera","27":"product_cat-semilla","28":"product_cat-sol-parcial","29":"product_cat-sombra","30":"product_cat-verano","31":"product_tag-amarillo","32":"product_tag-blanco","33":"pa_pot-size-1-galon-6","34":"pa_pot-size-15-galones-17","35":"pa_pot-size-25-galones-21","36":"pa_pot-size-3-galones-10","37":"pa_pot-size-7-galones-14","40":"first","41":"instock","42":"taxable","43":"shipping-taxable","44":"purchasable","45":"product-type-variable"},"aioseo_notices":[],"_links":{"self":[{"href":"https:\/\/smartyplantsnursery.com\/es\/wp-json\/wp\/v2\/product\/46171","targetHints":{"allow":["GET"]}}],"collection":[{"href":"https:\/\/smartyplantsnursery.com\/es\/wp-json\/wp\/v2\/product"}],"about":[{"href":"https:\/\/smartyplantsnursery.com\/es\/wp-json\/wp\/v2\/types\/product"}],"replies":[{"embeddable":true,"href":"https:\/\/smartyplantsnursery.com\/es\/wp-json\/wp\/v2\/comments?post=46171"}],"wp:featuredmedia":[{"embeddable":true,"href":"https:\/\/smartyplantsnursery.com\/es\/wp-json\/wp\/v2\/media\/53140"}],"wp:attachment":[{"href":"https:\/\/smartyplantsnursery.com\/es\/wp-json\/wp\/v2\/media?parent=46171"}],"wp:term":[{"taxonomy":"product_brand","embeddable":true,"href":"https:\/\/smartyplantsnursery.com\/es\/wp-json\/wp\/v2\/product_brand?post=46171"},{"taxonomy":"product_cat","embeddable":true,"href":"https:\/\/smartyplantsnursery.com\/es\/wp-json\/wp\/v2\/product_cat?post=46171"},{"taxonomy":"product_tag","embeddable":true,"href":"https:\/\/smartyplantsnursery.com\/es\/wp-json\/wp\/v2\/product_tag?post=46171"}],"curies":[{"name":"wp","href":"https:\/\/api.w.org\/{rel}","templated":true}]}}