{"id":46186,"date":"2023-08-20T16:16:17","date_gmt":"2023-08-20T16:16:17","guid":{"rendered":"https:\/\/smartyplantsnursery.com\/product\/arbol-de-jupiter-japones-lagerstroemia-fauriei-muskogee\/"},"modified":"2026-01-06T23:45:57","modified_gmt":"2026-01-06T23:45:57","slug":"arbol-de-jupiter-japones-lagerstroemia-fauriei-muskogee","status":"publish","type":"product","link":"https:\/\/smartyplantsnursery.com\/es\/product\/arbol-de-jupiter-japones-lagerstroemia-fauriei-muskogee\/","title":{"rendered":"\u00c1rbol de J\u00fapiter japon\u00e9s &#8211; lagerstroemia fauriei \u201cMuskogee\u201d"},"content":{"rendered":"<div>\n<p class=\"\"><b class=\"\">Usos generales en el paisaje:<\/b> \u00c1rbol de calle, \u00e1rbol ornamental, pantalla de privacidad y seto, atracci\u00f3n de polinizadores<\/p>\n<p class=\"\"><b class=\"\">Notas sobre la restauraci\u00f3n ecol\u00f3gica:<\/b> Reducci\u00f3n del calor, estabilizaci\u00f3n del suelo y control de la erosi\u00f3n, apoyo a polinizadores e insectos beneficiosos, tolerancia a la sequ\u00eda y la contaminaci\u00f3n<\/p>\n<p class=\"\"><b class=\"\">Descripci\u00f3n:<\/b> Un h\u00edbrido conocido por sus flores de color p\u00farpura lavanda, su corteza lisa y su excelente resistencia a las enfermedades.<\/p>\n<p class=\"\"><b class=\"\">Dimensiones:<\/b> Altura 1,2 &#8211; 3,6 m; Extensi\u00f3n 1,2 &#8211; 3,6 m<\/p>\n<p class=\"\"><b class=\"\">Tasa de crecimiento:<\/b> r\u00e1pida<\/p>\n<p class=\"\"><b class=\"\">Distribuci\u00f3n nativa:<\/b> Jap\u00f3n<\/p>\n<p class=\"\"><b class=\"\">H\u00e1bitats nativos:<\/b> Bosques h\u00famedos, riberas de r\u00edos, zonas monta\u00f1osas<\/p>\n<p class=\"\"><b class=\"\">Suelos:<\/b> Con buen drenaje<\/p>\n<p class=\"\"><b class=\"\">Requisitos nutricionales:<\/b> moderados<\/p>\n<p class=\"\"><b class=\"\">Tolerancia al agua salada:<\/b> moderada<\/p>\n<p class=\"\"><b class=\"\">Tolerancia al viento salino:<\/b> de moderada a alta<\/p>\n<p class=\"\"><b class=\"\">Tolerancia a la sequ\u00eda:<\/b> alta<\/p>\n<p class=\"\"><b class=\"\">Requisitos de luz:<\/b> Pleno sol<\/p>\n<p class=\"\"><b class=\"\">Color de la flor:<\/b> Rosa lavanda<\/p>\n<p class=\"\"><b class=\"\">Caracter\u00edsticas de la flor:<\/b> llamativa<\/p>\n<p class=\"\"><b class=\"\">Temporada de floraci\u00f3n:<\/b> De julio a septiembre<\/p>\n<p class=\"\"><b class=\"\">Fruto:<\/b> C\u00e1psulas de semillas peque\u00f1as y secas, verdes cuando son inmaduras y se vuelven marrones y le\u00f1osas a medida que maduran<\/p>\n<p class=\"\"><b class=\"\">Vida silvestre y ecolog\u00eda:<\/b> Atracci\u00f3n de polinizadores, h\u00e1bitat de vida silvestre<\/p>\n<p class=\"\"><b class=\"\">Notas de horticultura:<\/b> Cultivado a partir de esquejes, semillas<\/p>\n<p class=\"\"><b class=\"\">Comentarios:<\/b><\/p>\n<\/div>\n","protected":false},"excerpt":{"rendered":"<p><img decoding=\"async\" class=\"alignnone size-medium wp-image-31863\" src=\"https:\/\/smartyplantsnursery.com\/wp-content\/uploads\/2023\/04\/Screen-Shot-2023-04-22-at-11.28.02-PM-300x134.png\" alt=\"Compre con confianza en el vivero Smarty Plants.\" width=\"300\" height=\"134\"><\/p>\n<div class=\"container\">\n<div class=\"table-container\">\n<table>\n<thead>\n<tr>\n<th>Tama\u00f1o de la maceta<\/th>\n<th>Altura media plantada (desde la tierra hasta la parte superior de la planta)<\/th>\n<th>Calibre<\/th>\n<\/tr>\n<\/thead>\n<tbody>\n<tr>\n<td>25 galones\/21&#8243;<\/td>\n<td>3 &#8211; 3,6 m<\/td>\n<td>3,2 &#8211; 3,8 cm<\/td>\n<\/tr>\n<tr>\n<td>45 galones\/28&#8243;<\/td>\n<td>3,6 &#8211; 4,3 m<\/td>\n<td>3,8 &#8211; 5 cm<\/td>\n<\/tr>\n<\/tbody>\n<\/table>\n<\/div>\n","protected":false},"featured_media":44220,"comment_status":"open","ping_status":"closed","template":"","meta":[],"product_brand":[],"product_cat":[362,340,344,310,315,302,324,309,361,360,308,314,358,335,322,330,307],"product_tag":[337,352],"class_list":{"0":"post-46186","1":"product","2":"type-product","3":"status-publish","4":"has-post-thumbnail","6":"product_cat-alta-es-2","7":"product_cat-alta","8":"product_cat-arbol","9":"product_cat-bien-drenado","10":"product_cat-esquejes","11":"product_cat-exotica","12":"product_cat-llamativo","13":"product_cat-moderada","14":"product_cat-moderada-es-4","15":"product_cat-moderada-es-3","16":"product_cat-otono","17":"product_cat-planta-de-especimen","18":"product_cat-plantas-para-mariposas-plantas-para-polinizadores","19":"product_cat-pleno-sol","20":"product_cat-rapido","21":"product_cat-semilla","22":"product_cat-verano","23":"product_tag-lavanda","24":"product_tag-rosa","25":"pa_pot-size-25-galones-21","26":"pa_pot-size-45-galones-28","29":"first","30":"instock","31":"taxable","32":"shipping-taxable","33":"purchasable","34":"product-type-variable"},"aioseo_notices":[],"_links":{"self":[{"href":"https:\/\/smartyplantsnursery.com\/es\/wp-json\/wp\/v2\/product\/46186","targetHints":{"allow":["GET"]}}],"collection":[{"href":"https:\/\/smartyplantsnursery.com\/es\/wp-json\/wp\/v2\/product"}],"about":[{"href":"https:\/\/smartyplantsnursery.com\/es\/wp-json\/wp\/v2\/types\/product"}],"replies":[{"embeddable":true,"href":"https:\/\/smartyplantsnursery.com\/es\/wp-json\/wp\/v2\/comments?post=46186"}],"wp:featuredmedia":[{"embeddable":true,"href":"https:\/\/smartyplantsnursery.com\/es\/wp-json\/wp\/v2\/media\/44220"}],"wp:attachment":[{"href":"https:\/\/smartyplantsnursery.com\/es\/wp-json\/wp\/v2\/media?parent=46186"}],"wp:term":[{"taxonomy":"product_brand","embeddable":true,"href":"https:\/\/smartyplantsnursery.com\/es\/wp-json\/wp\/v2\/product_brand?post=46186"},{"taxonomy":"product_cat","embeddable":true,"href":"https:\/\/smartyplantsnursery.com\/es\/wp-json\/wp\/v2\/product_cat?post=46186"},{"taxonomy":"product_tag","embeddable":true,"href":"https:\/\/smartyplantsnursery.com\/es\/wp-json\/wp\/v2\/product_tag?post=46186"}],"curies":[{"name":"wp","href":"https:\/\/api.w.org\/{rel}","templated":true}]}}