{"id":46187,"date":"2023-08-13T07:03:22","date_gmt":"2023-08-13T07:03:22","guid":{"rendered":"https:\/\/smartyplantsnursery.com\/product\/philodendron-micans-philodendron-micans\/"},"modified":"2026-01-29T17:06:03","modified_gmt":"2026-01-29T17:06:03","slug":"philodendron-micans-philodendron-micans","status":"publish","type":"product","link":"https:\/\/smartyplantsnursery.com\/es\/product\/philodendron-micans-philodendron-micans\/","title":{"rendered":"Philodendron micans &#8211; philodendron micans"},"content":{"rendered":"<p class=\"\"><b class=\"\">Usos generales en el paisajismo:<\/b> Cobertura del suelo en \u00e1reas sombreadas, acento trepador en estructuras, planta de contenedor<\/p>\n<p class=\"\"><b class=\"\">Notas sobre la restauraci\u00f3n ecol\u00f3gica:<\/b> Plantaciones de sotobosque para la reforestaci\u00f3n, cobertura del suelo en sombra, imitaci\u00f3n del h\u00e1bitat<\/p>\n<p class=\"\"><b class=\"\">Descripci\u00f3n:<\/b> Una impresionante planta de interior trepadora conocida por sus hojas suaves, aterciopeladas y en forma de coraz\u00f3n que brillan con tonos de verde oscuro, bronce y burdeos seg\u00fan la luz.<\/p>\n<p class=\"\"><b class=\"\">Dimensiones:<\/b> altura 20 cm.<\/p>\n<p class=\"\"><b class=\"\">Tasa de crecimiento:<\/b> De moderada a r\u00e1pida<\/p>\n<p class=\"\"><b class=\"\">Distribuci\u00f3n nativa:<\/b> Am\u00e9rica del Norte, Am\u00e9rica Central<\/p>\n<p class=\"\"><b class=\"\">H\u00e1bitats nativos:<\/b> Selvas tropicales<\/p>\n<p class=\"\"><b class=\"\">Suelos:<\/b> Franco, h\u00famedo pero bien drenado, \u00e1cido<\/p>\n<p class=\"\"><b class=\"\">Requisitos nutricionales:<\/b> moderados<\/p>\n<p class=\"\"><b class=\"\">Tolerancia al agua salada:<\/b> baja<\/p>\n<p class=\"\"><b class=\"\">Tolerancia al viento salado:<\/b> baja<\/p>\n<p class=\"\"><b class=\"\">Tolerancia a la sequ\u00eda:<\/b> De baja a moderada<\/p>\n<p class=\"\"><b class=\"\">Requisitos de luz:<\/b> sol parcial<\/p>\n<p class=\"\"><b class=\"\">Color de la flor:<\/b> Verde, blanco<\/p>\n<p class=\"\"><b class=\"\">Caracter\u00edsticas de la flor:<\/b> Produce una inflorescencia compuesta por una espata (vaina similar a una hoja) y un esp\u00e1dice (una espiga de flores diminutas).<\/p>\n<p class=\"\"><b class=\"\">Temporada de floraci\u00f3n:<\/b> Primavera, verano<\/p>\n<p class=\"\"><b class=\"\">Fruto:<\/b> Similar a una baya, de color blanco a naranja cuando est\u00e1 maduro<\/p>\n<p class=\"\"><b class=\"\">Vida silvestre y ecolog\u00eda:<\/b> Microh\u00e1bitats, interacciones aroid-insecto<\/p>\n<p class=\"\"><b class=\"\">Notas de horticultura:<\/b> Se cultiva a partir de esquejes<\/p>\n<p class=\"\"><b class=\"\">Comentarios:<\/b><\/p>\n<p>&nbsp;<\/p>\n","protected":false},"excerpt":{"rendered":"<p><img decoding=\"async\" class=\"alignnone size-medium wp-image-31863\" src=\"https:\/\/smartyplantsnursery.com\/wp-content\/uploads\/2023\/04\/Screen-Shot-2023-04-22-at-11.28.02-PM-300x134.png\" alt=\"Compre con confianza en el vivero de plantas inteligentes\" width=\"300\" height=\"134\"><\/p>\n<div class=\"container\">\n<div class=\"table-container\">\n<table>\n<thead>\n<tr>\n<th>Tama\u00f1o de la maceta<\/th>\n<th>Altura media plantada (desde la tierra hasta la parte superior de la planta)<\/th>\n<\/tr>\n<\/thead>\n<tbody>\n<tr>\n<td>1 gal\u00f3n\/6&#8243;<\/td>\n<td>0 &#8211; 15 cm<\/td>\n<\/tr>\n<\/tbody>\n<\/table>\n<\/div>\n<\/div>\n","protected":false},"featured_media":44593,"comment_status":"open","ping_status":"closed","template":"","meta":[],"product_brand":[],"product_cat":[343,304,329,312,311,310,321,317,325,315,302,369,305,309,313,326,334,323,322,303,307],"product_tag":[318,327],"class_list":{"0":"post-46187","1":"product","2":"type-product","3":"status-publish","4":"has-post-thumbnail","6":"product_cat-acido","7":"product_cat-arbusto","8":"product_cat-baja-es-2","9":"product_cat-baja-es","10":"product_cat-baja","11":"product_cat-bien-drenado","12":"product_cat-cobertura-del-suelo","13":"product_cat-contenedor","14":"product_cat-espata-y-espadice","15":"product_cat-esquejes","16":"product_cat-exotica","17":"product_cat-franco","18":"product_cat-interior","19":"product_cat-moderada","20":"product_cat-moderada-es","21":"product_cat-moderada-es-2","22":"product_cat-planta-de-acento","23":"product_cat-primavera","24":"product_cat-rapido","25":"product_cat-sol-parcial","26":"product_cat-verano","27":"product_tag-blanco","28":"product_tag-verde","29":"pa_pot-size-1-galon-6","32":"first","33":"instock","34":"taxable","35":"shipping-taxable","36":"purchasable","37":"product-type-variable"},"aioseo_notices":[],"_links":{"self":[{"href":"https:\/\/smartyplantsnursery.com\/es\/wp-json\/wp\/v2\/product\/46187","targetHints":{"allow":["GET"]}}],"collection":[{"href":"https:\/\/smartyplantsnursery.com\/es\/wp-json\/wp\/v2\/product"}],"about":[{"href":"https:\/\/smartyplantsnursery.com\/es\/wp-json\/wp\/v2\/types\/product"}],"replies":[{"embeddable":true,"href":"https:\/\/smartyplantsnursery.com\/es\/wp-json\/wp\/v2\/comments?post=46187"}],"wp:featuredmedia":[{"embeddable":true,"href":"https:\/\/smartyplantsnursery.com\/es\/wp-json\/wp\/v2\/media\/44593"}],"wp:attachment":[{"href":"https:\/\/smartyplantsnursery.com\/es\/wp-json\/wp\/v2\/media?parent=46187"}],"wp:term":[{"taxonomy":"product_brand","embeddable":true,"href":"https:\/\/smartyplantsnursery.com\/es\/wp-json\/wp\/v2\/product_brand?post=46187"},{"taxonomy":"product_cat","embeddable":true,"href":"https:\/\/smartyplantsnursery.com\/es\/wp-json\/wp\/v2\/product_cat?post=46187"},{"taxonomy":"product_tag","embeddable":true,"href":"https:\/\/smartyplantsnursery.com\/es\/wp-json\/wp\/v2\/product_tag?post=46187"}],"curies":[{"name":"wp","href":"https:\/\/api.w.org\/{rel}","templated":true}]}}