{"id":46192,"date":"2023-08-13T06:49:38","date_gmt":"2023-08-13T06:49:38","guid":{"rendered":"https:\/\/smartyplantsnursery.com\/product\/dracena-marginata-dracaena-marginata-colorama\/"},"modified":"2026-02-03T16:49:43","modified_gmt":"2026-02-03T16:49:43","slug":"dracena-marginata-dracaena-marginata-colorama","status":"publish","type":"product","link":"https:\/\/smartyplantsnursery.com\/es\/product\/dracena-marginata-dracaena-marginata-colorama\/","title":{"rendered":"Dr\u00e1cena marginata &#8211; dracaena marginata \u201ccolorama\u201d"},"content":{"rendered":"<table id=\" summary=\" border=\"0\"\">\n<tbody>\n<tr>\n<td>\n<p class=\"\"><b class=\"\">Usos generales en el paisajismo:<\/b> Planta de acento en jardines tropicales, planta de contenedor, planta de borde y seto, xerojardiner\u00eda y jardines tolerantes a la sequ\u00eda, macizos de plantas mixtas<\/p>\n<p class=\"\"><b class=\"\">Notas sobre la restauraci\u00f3n ecol\u00f3gica:<\/b> Purificaci\u00f3n del aire, control de la erosi\u00f3n, paisajismo tolerante a la sequ\u00eda<\/p>\n<p class=\"\"><b class=\"\">Descripci\u00f3n:<\/b> Apreciada por sus vibrantes hojas en forma de espada con una mezcla de rayas verdes, rosas y blancas cremosas.<\/p>\n<p class=\"\"><b class=\"\">Dimensiones:<\/b> Altura 1,8 m; Extensi\u00f3n 0,6 m<\/p>\n<p class=\"\"><b class=\"\">Tasa de crecimiento:<\/b> lenta<\/p>\n<p class=\"\"><b class=\"\">Distribuci\u00f3n nativa:<\/b> Madagascar<\/p>\n<p class=\"\"><b class=\"\">H\u00e1bitats nativos:<\/b> Bosques secos, matorrales, afloramientos rocosos<\/p>\n<p class=\"\"><b class=\"\">Suelos:<\/b> Bien drenados, arenosos o limosos, ligeramente \u00e1cidos a neutros (pH 6 &#8211; 7,5)<\/p>\n<p class=\"\"><b class=\"\">Requisitos nutricionales:<\/b> moderados<\/p>\n<p class=\"\"><b class=\"\">Tolerancia al agua salada:<\/b> baja<\/p>\n<p class=\"\"><b class=\"\">Tolerancia al viento salino:<\/b> baja<\/p>\n<p class=\"\"><b class=\"\">Tolerancia a la sequ\u00eda:<\/b> alta<\/p>\n<p class=\"\"><b class=\"\">Requisitos de luz:<\/b> Sol parcial<\/p>\n<p class=\"\"><b class=\"\">Color de la flor:<\/b> Blanco a rosa p\u00e1lido<\/p>\n<p class=\"\"><b class=\"\">Caracter\u00edsticas de la flor:<\/b> Diminutas, crecen en racimos sobre tallos largos<\/p>\n<p class=\"\"><b class=\"\">Temporada de floraci\u00f3n:<\/b> Desde finales de primavera hasta verano<\/p>\n<p class=\"\"><b class=\"\">Fruto:<\/b> Bayas peque\u00f1as y redondas<\/p>\n<p class=\"\"><b class=\"\">Fauna y ecolog\u00eda:<\/b> Proporciona refugio a los insectos<\/p>\n<p class=\"\"><b class=\"\">Notas de horticultura:<\/b> Se cultiva a partir de esquejes, acodo a\u00e9reo<\/p>\n<p class=\"\"><b class=\"\">Comentarios:<\/b><\/p>\n<p>&nbsp;<\/p>\n<p>&nbsp;<\/td>\n<\/tr>\n<tr>\n<td><\/td>\n<\/tr>\n<tr>\n<td><\/td>\n<\/tr>\n<tr>\n<td><\/td>\n<\/tr>\n<tr>\n<td><\/td>\n<\/tr>\n<tr>\n<td><\/td>\n<\/tr>\n<tr>\n<td><\/td>\n<\/tr>\n<tr>\n<td><\/td>\n<\/tr>\n<tr>\n<td><\/td>\n<\/tr>\n<tr>\n<td><\/td>\n<\/tr>\n<tr>\n<td><\/td>\n<\/tr>\n<tr>\n<td><\/td>\n<\/tr>\n<tr>\n<td><\/td>\n<\/tr>\n<tr>\n<td><\/td>\n<\/tr>\n<tr>\n<td><\/td>\n<\/tr>\n<tr>\n<td><\/td>\n<\/tr>\n<tr>\n<td><\/td>\n<\/tr>\n<tr>\n<td><\/td>\n<\/tr>\n<tr>\n<td><\/td>\n<\/tr>\n<\/tbody>\n<\/table>\n","protected":false},"excerpt":{"rendered":"<p><img decoding=\"async\" class=\"alignnone size-medium wp-image-31863\" src=\"https:\/\/smartyplantsnursery.com\/wp-content\/uploads\/2023\/04\/Screen-Shot-2023-04-22-at-11.28.02-PM-300x134.png\" alt=\"Compre con confianza en el vivero de plantas inteligentes\" width=\"300\" height=\"134\"><\/p>\n<div class=\"container\">\n<div class=\"table-container\">\n<table>\n<thead>\n<tr>\n<th>Tama\u00f1o de la maceta<\/th>\n<th>Altura media plantada (desde la tierra hasta la parte superior de la planta)<\/th>\n<\/tr>\n<\/thead>\n<tbody>\n<tr>\n<td>3 galones\/10&#8243;<\/td>\n<td>1 &#8211; 2 pies<\/td>\n<\/tr>\n<tr>\n<td>7 galones\/14&#8243;<\/td>\n<td>2 &#8211; 4 pies<\/td>\n<\/tr>\n<tr>\n<td>15 galones\/17&#8243;<\/td>\n<td>4 &#8211; 6 pies<\/td>\n<\/tr>\n<\/tbody>\n<\/table>\n<\/div>\n<\/div>\n","protected":false},"featured_media":53475,"comment_status":"open","ping_status":"closed","template":"","meta":[],"product_brand":[],"product_cat":[343,336,340,304,359,312,311,310,375,317,315,302,369,305,306,309,345,316,334,323,372,332,303,307,342],"product_tag":[318,352],"class_list":{"0":"post-46192","1":"product","2":"type-product","3":"status-publish","4":"has-post-thumbnail","6":"product_cat-acido","7":"product_cat-acodo-aereo","8":"product_cat-alta","9":"product_cat-arbusto","10":"product_cat-arena","11":"product_cat-baja-es","12":"product_cat-baja","13":"product_cat-bien-drenado","14":"product_cat-borde","15":"product_cat-contenedor","16":"product_cat-esquejes","17":"product_cat-exotica","18":"product_cat-franco","19":"product_cat-interior","20":"product_cat-lenta","21":"product_cat-moderada","22":"product_cat-neutro","23":"product_cat-pequena","24":"product_cat-planta-de-acento","25":"product_cat-primavera","26":"product_cat-racimo","27":"product_cat-seto","28":"product_cat-sol-parcial","29":"product_cat-verano","30":"product_cat-xerojardin","31":"product_tag-blanco","32":"product_tag-rosa","33":"pa_pot-size-15-galones-17","34":"pa_pot-size-3-galones-10","35":"pa_pot-size-7-galones-14","38":"first","39":"instock","40":"taxable","41":"shipping-taxable","42":"purchasable","43":"product-type-variable"},"aioseo_notices":[],"_links":{"self":[{"href":"https:\/\/smartyplantsnursery.com\/es\/wp-json\/wp\/v2\/product\/46192","targetHints":{"allow":["GET"]}}],"collection":[{"href":"https:\/\/smartyplantsnursery.com\/es\/wp-json\/wp\/v2\/product"}],"about":[{"href":"https:\/\/smartyplantsnursery.com\/es\/wp-json\/wp\/v2\/types\/product"}],"replies":[{"embeddable":true,"href":"https:\/\/smartyplantsnursery.com\/es\/wp-json\/wp\/v2\/comments?post=46192"}],"wp:featuredmedia":[{"embeddable":true,"href":"https:\/\/smartyplantsnursery.com\/es\/wp-json\/wp\/v2\/media\/53475"}],"wp:attachment":[{"href":"https:\/\/smartyplantsnursery.com\/es\/wp-json\/wp\/v2\/media?parent=46192"}],"wp:term":[{"taxonomy":"product_brand","embeddable":true,"href":"https:\/\/smartyplantsnursery.com\/es\/wp-json\/wp\/v2\/product_brand?post=46192"},{"taxonomy":"product_cat","embeddable":true,"href":"https:\/\/smartyplantsnursery.com\/es\/wp-json\/wp\/v2\/product_cat?post=46192"},{"taxonomy":"product_tag","embeddable":true,"href":"https:\/\/smartyplantsnursery.com\/es\/wp-json\/wp\/v2\/product_tag?post=46192"}],"curies":[{"name":"wp","href":"https:\/\/api.w.org\/{rel}","templated":true}]}}