{"id":46197,"date":"2023-08-12T17:04:51","date_gmt":"2023-08-12T17:04:51","guid":{"rendered":"https:\/\/smartyplantsnursery.com\/product\/castana-de-agua-castana-de-guayana-arbol-del-dinero-pachira-aquatica\/"},"modified":"2026-03-07T14:46:08","modified_gmt":"2026-03-07T14:46:08","slug":"castana-de-agua-castana-de-guayana-arbol-del-dinero-pachira-aquatica","status":"publish","type":"product","link":"https:\/\/smartyplantsnursery.com\/es\/product\/castana-de-agua-castana-de-guayana-arbol-del-dinero-pachira-aquatica\/","title":{"rendered":"Casta\u00f1a de agua, casta\u00f1a de Guayana, \u00e1rbol del dinero &#8211; pachira aquatica"},"content":{"rendered":"<div>\n<p class=\"\"><b class=\"\">Usos generales en el paisajismo:<\/b> \u00c1rbol ornamental para jardines tropicales\/subtropicales, esp\u00e9cimen en contenedor, bons\u00e1i o decoraci\u00f3n de interiores (a menudo trenzado).<\/p>\n<p class=\"\"><b class=\"\">Notas sobre la restauraci\u00f3n ecol\u00f3gica:<\/b> Restauraci\u00f3n de riberas o humedales en tierras bajas tropicales.<\/p>\n<p class=\"\"><b class=\"\">Descripci\u00f3n:<\/b> Un \u00e1rbol tropical de humedal.<\/p>\n<p class=\"\"><b class=\"\">Dimensiones:<\/b> Altura 20 &#8211; 30 pies; Extensi\u00f3n 20 &#8211; 30 pies.<\/p>\n<p class=\"\"><b class=\"\">Tasa de crecimiento:<\/b> r\u00e1pida<\/p>\n<p class=\"\"><b class=\"\">Distribuci\u00f3n nativa:<\/b> M\u00e9xico, norte de Sudam\u00e9rica<\/p>\n<p class=\"\"><b class=\"\">H\u00e1bitats nativos:<\/b> Pantanos y riberas de r\u00edos<\/p>\n<p class=\"\"><b class=\"\">Suelos:<\/b> H\u00famedos, bien drenados, francos, pH ligeramente \u00e1cido a neutro<\/p>\n<p class=\"\"><b class=\"\">Requisitos nutricionales:<\/b> moderados<\/p>\n<p class=\"\"><b class=\"\">Tolerancia al agua salada:<\/b> baja<\/p>\n<p class=\"\"><b class=\"\">Tolerancia al viento salado:<\/b> baja<\/p>\n<p class=\"\"><b class=\"\">Tolerancia a la sequ\u00eda:<\/b> De moderada a baja<\/p>\n<p class=\"\"><b class=\"\">Requisitos de luz:<\/b> Pleno sol a sol parcial<\/p>\n<p class=\"\"><b class=\"\">Color de la flor:<\/b> Blanco amarillento con estambres de punta roja<\/p>\n<p class=\"\"><b class=\"\">Caracter\u00edsticas de la flor:<\/b> vistosas, fragantes<\/p>\n<p class=\"\"><b class=\"\">Temporada de floraci\u00f3n:<\/b> Primavera a verano<\/p>\n<p class=\"\"><b class=\"\">Fruto:<\/b> Llamativo, comestible, c\u00e1psula le\u00f1osa grande, el verde se vuelve marr\u00f3n a medida que madura<\/p>\n<p class=\"\"><b class=\"\">Vida silvestre y ecolog\u00eda:<\/b> Las flores atraen a murci\u00e9lagos e insectos, los mam\u00edferos y las aves consumen el fruto.<\/p>\n<p class=\"\"><b class=\"\">Notas de horticultura:<\/b> Se cultiva a partir de semillas, esquejes<\/p>\n<p class=\"\"><b class=\"\">Comentarios:<\/b><\/p>\n<\/div>\n","protected":false},"excerpt":{"rendered":"<p><img decoding=\"async\" class=\"alignnone size-medium wp-image-31863\" src=\"https:\/\/smartyplantsnursery.com\/wp-content\/uploads\/2023\/04\/Screen-Shot-2023-04-22-at-11.28.02-PM-300x134.png\" alt=\"Compre con confianza en el vivero de plantas inteligentes\" width=\"300\" height=\"134\"><\/p>\n<div class=\"container\">\n<div class=\"table-container\">\n<table>\n<thead>\n<tr>\n<th>Tama\u00f1o de la maceta<\/th>\n<th>Altura media plantada (desde la tierra hasta la parte superior de la planta)<\/th>\n<\/tr>\n<\/thead>\n<tbody>\n<tr>\n<td>3,8 l\/15 cm<\/td>\n<td>0,6 &#8211; 0,9 m<\/td>\n<\/tr>\n<tr>\n<td>3 galones\/10&#8243;<\/td>\n<td>0,9 &#8211; 1,2 m<\/td>\n<\/tr>\n<tr>\n<td>7 galones\/14&#8243;<\/td>\n<td>1,2 &#8211; 1,8 m<\/td>\n<\/tr>\n<tr>\n<td>25 galones\/21&#8243;<\/td>\n<td>8 &#8211; 10 pies<\/td>\n<\/tr>\n<tr>\n<td>246 l\/81 cm<\/td>\n<td>4,9 &#8211; 5,5 m<\/td>\n<\/tr>\n<\/tbody>\n<\/table>\n<\/div>\n<\/div>\n","protected":false},"featured_media":48659,"comment_status":"open","ping_status":"closed","template":"","meta":[],"product_brand":[],"product_cat":[343,344,311,312,329,310,353,317,315,302,374,369,305,324,309,313,345,335,322,330,303],"product_tag":[319,318,350],"class_list":{"0":"post-46197","1":"product","2":"type-product","3":"status-publish","4":"has-post-thumbnail","6":"product_cat-acido","7":"product_cat-arbol","8":"product_cat-baja","9":"product_cat-baja-es","10":"product_cat-baja-es-2","11":"product_cat-bien-drenado","12":"product_cat-comestible","13":"product_cat-contenedor","14":"product_cat-esquejes","15":"product_cat-exotica","16":"product_cat-fragante-2","17":"product_cat-franco","18":"product_cat-interior","19":"product_cat-llamativo","20":"product_cat-moderada","21":"product_cat-moderada-es","22":"product_cat-neutro","23":"product_cat-pleno-sol","24":"product_cat-rapido","25":"product_cat-semilla","26":"product_cat-sol-parcial","27":"product_tag-amarillo","28":"product_tag-blanco","29":"product_tag-rojo","30":"pa_pot-size-1-galon-6","31":"pa_pot-size-25-galones-21","32":"pa_pot-size-3-galones-10","33":"pa_pot-size-65-galones-32","34":"pa_pot-size-7-galones-14","37":"first","38":"instock","39":"taxable","40":"shipping-taxable","41":"purchasable","42":"product-type-variable"},"aioseo_notices":[],"_links":{"self":[{"href":"https:\/\/smartyplantsnursery.com\/es\/wp-json\/wp\/v2\/product\/46197","targetHints":{"allow":["GET"]}}],"collection":[{"href":"https:\/\/smartyplantsnursery.com\/es\/wp-json\/wp\/v2\/product"}],"about":[{"href":"https:\/\/smartyplantsnursery.com\/es\/wp-json\/wp\/v2\/types\/product"}],"replies":[{"embeddable":true,"href":"https:\/\/smartyplantsnursery.com\/es\/wp-json\/wp\/v2\/comments?post=46197"}],"wp:featuredmedia":[{"embeddable":true,"href":"https:\/\/smartyplantsnursery.com\/es\/wp-json\/wp\/v2\/media\/48659"}],"wp:attachment":[{"href":"https:\/\/smartyplantsnursery.com\/es\/wp-json\/wp\/v2\/media?parent=46197"}],"wp:term":[{"taxonomy":"product_brand","embeddable":true,"href":"https:\/\/smartyplantsnursery.com\/es\/wp-json\/wp\/v2\/product_brand?post=46197"},{"taxonomy":"product_cat","embeddable":true,"href":"https:\/\/smartyplantsnursery.com\/es\/wp-json\/wp\/v2\/product_cat?post=46197"},{"taxonomy":"product_tag","embeddable":true,"href":"https:\/\/smartyplantsnursery.com\/es\/wp-json\/wp\/v2\/product_tag?post=46197"}],"curies":[{"name":"wp","href":"https:\/\/api.w.org\/{rel}","templated":true}]}}