{"id":46214,"date":"2023-08-13T06:21:21","date_gmt":"2023-08-13T06:21:21","guid":{"rendered":"https:\/\/smartyplantsnursery.com\/product\/filodendro-creeping-velvet-philodendron-gloriosum\/"},"modified":"2026-04-03T17:41:03","modified_gmt":"2026-04-03T17:41:03","slug":"filodendro-creeping-velvet-philodendron-gloriosum","status":"publish","type":"product","link":"https:\/\/smartyplantsnursery.com\/es\/product\/filodendro-creeping-velvet-philodendron-gloriosum\/","title":{"rendered":"Filodendro Creeping Velvet &#8211; philodendron gloriosum"},"content":{"rendered":"<p class=\"\"><b class=\"\">Usos generales en el paisaje:<\/b> Acento de jard\u00edn tropical, cobertura del suelo para \u00e1reas sombreadas, planta de sotobosque, planta de contenedor<\/p>\n<p class=\"\"><b class=\"\">Notas sobre la restauraci\u00f3n ecol\u00f3gica:<\/b> Regeneraci\u00f3n del sotobosque en bosques tropicales, salud del suelo y control de la erosi\u00f3n, secuestro de carbono, restauraci\u00f3n del h\u00e1bitat para la vida silvestre<\/p>\n<p class=\"\"><b class=\"\">Descripci\u00f3n:<\/b> Un ar\u00e1ceo terrestre rastrero conocido por sus grandes hojas aterciopeladas en forma de coraz\u00f3n con llamativas venas blancas.<\/p>\n<p class=\"\"><b class=\"\">Dimensiones:<\/b> Altura 2,5 pies<\/p>\n<p class=\"\"><b class=\"\">Tasa de crecimiento:<\/b> lenta<\/p>\n<p class=\"\"><b class=\"\">Distribuci\u00f3n nativa:<\/b> Sudam\u00e9rica<\/p>\n<p class=\"\"><b class=\"\">H\u00e1bitats nativos:<\/b> Selvas tropicales<\/p>\n<p class=\"\"><b class=\"\">Suelos:<\/b> Bien drenados, ar\u00e1ceas<\/p>\n<p class=\"\"><b class=\"\">Requisitos nutricionales:<\/b> moderados<\/p>\n<p class=\"\"><b class=\"\">Tolerancia al agua salada:<\/b> baja<\/p>\n<p class=\"\"><b class=\"\">Tolerancia al viento salado:<\/b> baja<\/p>\n<p class=\"\"><b class=\"\">Tolerancia a la sequ\u00eda:<\/b> baja<\/p>\n<p class=\"\"><b class=\"\">Requisitos de luz:<\/b> Sol parcial<\/p>\n<p class=\"\"><b class=\"\">Color de la flor:<\/b> De verde p\u00e1lido a blanco cremoso<\/p>\n<p class=\"\"><b class=\"\">Caracter\u00edsticas de la flor:<\/b> Una espata que suele ser de color verde claro, blanco o crema; Un esp\u00e1dice que es blanquecino a amarillo p\u00e1lido<\/p>\n<p class=\"\"><b class=\"\">Temporada de floraci\u00f3n:<\/b> Primavera y verano<\/p>\n<p class=\"\"><b class=\"\">Fruto:<\/b> Peque\u00f1o, carnoso y parecido a una baya, de verde a amarillo o naranja a medida que madura<\/p>\n<p class=\"\"><b class=\"\">Vida silvestre y ecolog\u00eda:<\/b> Estabilidad del suelo y ciclo de nutrientes, microh\u00e1bitat para la vida silvestre, polinizaci\u00f3n y reproducci\u00f3n<\/p>\n<p class=\"\"><b class=\"\">Notas de horticultura:<\/b> Se cultiva a partir de la divisi\u00f3n del rizoma.<\/p>\n<p class=\"\"><b class=\"\">Comentarios:<\/b><\/p>\n<p>&nbsp;<\/p>\n","protected":false},"excerpt":{"rendered":"<p><img fetchpriority=\"high\" decoding=\"async\" class=\"alignnone size-medium wp-image-54744\" src=\"https:\/\/smartyplantsnursery.com\/wp-content\/uploads\/2023\/04\/Screenshot-2026-03-03-at-2.22.47-PM-300x185.webp\" alt=\"\" width=\"300\" height=\"185\"><\/p>\n<div class=\"container\">\n<div class=\"table-container\">\n<table>\n<thead>\n<tr>\n<th>Tama\u00f1o de la maceta<\/th>\n<th>Altura media plantada (desde la tierra hasta la parte superior de la planta)<\/th>\n<\/tr>\n<\/thead>\n<tbody>\n<tr>\n<td>1 gal\u00f3n\/6&#8243;<\/td>\n<td>0 &#8211; 1 ft.<\/td>\n<\/tr>\n<tr>\n<td>3 galones\/10&#8243;<\/td>\n<td>1 &#8211; 2 pies<\/td>\n<\/tr>\n<tr>\n<td>7 galones\/14&#8243;<\/td>\n<td>0,6 &#8211; 0,9 m<\/td>\n<\/tr>\n<\/tbody>\n<\/table>\n<\/div>\n<\/div>\n","protected":false},"featured_media":43704,"comment_status":"open","ping_status":"closed","template":"","meta":[],"product_brand":[],"product_cat":[304,329,312,311,310,321,317,331,325,302,305,306,309,334,323,303,307],"product_tag":[318,327],"class_list":{"0":"post-46214","1":"product","2":"type-product","3":"status-publish","4":"has-post-thumbnail","6":"product_cat-arbusto","7":"product_cat-baja-es-2","8":"product_cat-baja-es","9":"product_cat-baja","10":"product_cat-bien-drenado","11":"product_cat-cobertura-del-suelo","12":"product_cat-contenedor","13":"product_cat-division-es","14":"product_cat-espata-y-espadice","15":"product_cat-exotica","16":"product_cat-interior","17":"product_cat-lenta","18":"product_cat-moderada","19":"product_cat-planta-de-acento","20":"product_cat-primavera","21":"product_cat-sol-parcial","22":"product_cat-verano","23":"product_tag-blanco","24":"product_tag-verde","25":"pa_pot-size-1-galon-6","26":"pa_pot-size-3-galones-10","27":"pa_pot-size-7-galones-14","30":"first","31":"instock","32":"taxable","33":"shipping-taxable","34":"purchasable","35":"product-type-variable"},"aioseo_notices":[],"_links":{"self":[{"href":"https:\/\/smartyplantsnursery.com\/es\/wp-json\/wp\/v2\/product\/46214","targetHints":{"allow":["GET"]}}],"collection":[{"href":"https:\/\/smartyplantsnursery.com\/es\/wp-json\/wp\/v2\/product"}],"about":[{"href":"https:\/\/smartyplantsnursery.com\/es\/wp-json\/wp\/v2\/types\/product"}],"replies":[{"embeddable":true,"href":"https:\/\/smartyplantsnursery.com\/es\/wp-json\/wp\/v2\/comments?post=46214"}],"wp:featuredmedia":[{"embeddable":true,"href":"https:\/\/smartyplantsnursery.com\/es\/wp-json\/wp\/v2\/media\/43704"}],"wp:attachment":[{"href":"https:\/\/smartyplantsnursery.com\/es\/wp-json\/wp\/v2\/media?parent=46214"}],"wp:term":[{"taxonomy":"product_brand","embeddable":true,"href":"https:\/\/smartyplantsnursery.com\/es\/wp-json\/wp\/v2\/product_brand?post=46214"},{"taxonomy":"product_cat","embeddable":true,"href":"https:\/\/smartyplantsnursery.com\/es\/wp-json\/wp\/v2\/product_cat?post=46214"},{"taxonomy":"product_tag","embeddable":true,"href":"https:\/\/smartyplantsnursery.com\/es\/wp-json\/wp\/v2\/product_tag?post=46214"}],"curies":[{"name":"wp","href":"https:\/\/api.w.org\/{rel}","templated":true}]}}