{"id":46217,"date":"2023-08-12T16:37:04","date_gmt":"2023-08-12T16:37:04","guid":{"rendered":"https:\/\/smartyplantsnursery.com\/product\/helecho-kimberly-queen-nephrolepis-obliterata-kimberly-queen\/"},"modified":"2026-01-07T01:15:17","modified_gmt":"2026-01-07T01:15:17","slug":"helecho-kimberly-queen-nephrolepis-obliterata-kimberly-queen","status":"publish","type":"product","link":"https:\/\/smartyplantsnursery.com\/es\/product\/helecho-kimberly-queen-nephrolepis-obliterata-kimberly-queen\/","title":{"rendered":"Helecho Kimberly Queen &#8211; nephrolepis obliterata \u201cKimberly Queen\u201d"},"content":{"rendered":"<p class=\"\"><b class=\"\">Usos generales en el paisajismo:<\/b> Plantaci\u00f3n en contenedores y decoraci\u00f3n de patios, bordes y ribetes, plantaciones masivas y cobertura del suelo, plantaciones mixtas y plantaci\u00f3n complementaria, control de la erosi\u00f3n y estabilizaci\u00f3n de taludes, jardines tropicales, jardines de sombra<\/p>\n<p class=\"\"><b class=\"\">Notas sobre restauraci\u00f3n ecol\u00f3gica:<\/b> Estabilizaci\u00f3n del suelo y control de la erosi\u00f3n, restauraci\u00f3n del h\u00e1bitat y apoyo a la biodiversidad, secuestro de carbono, restauraci\u00f3n de humedales y riberas, rehabilitaci\u00f3n de sitios perturbados<\/p>\n<p class=\"\"><b class=\"\">Descripci\u00f3n:<\/b> Helecho perenne conocido por sus frondas verticales en forma de espada.<\/p>\n<p class=\"\"><b class=\"\">Dimensiones:<\/b> Altura 2 &#8211; 3 pies; Extensi\u00f3n 2 &#8211; 4 pies.<\/p>\n<p class=\"\"><b class=\"\">Tasa de crecimiento:<\/b> De moderada a r\u00e1pida<\/p>\n<p class=\"\"><b class=\"\">Distribuci\u00f3n nativa:<\/b> Australia<\/p>\n<p class=\"\"><b class=\"\">H\u00e1bitats nativos:<\/b> Bosques tropicales y subtropicales, selvas tropicales y bosques, regiones costeras, zonas ribere\u00f1as<\/p>\n<p class=\"\"><b class=\"\">Suelos:<\/b> H\u00famedos, bien drenados, \u00e1cidos, neutros<\/p>\n<p class=\"\"><b class=\"\">Requisitos nutricionales:<\/b> moderados<\/p>\n<p class=\"\"><b class=\"\">Tolerancia al agua salada:<\/b> De baja a moderada<\/p>\n<p class=\"\"><b class=\"\">Tolerancia al viento salado:<\/b> baja<\/p>\n<p class=\"\"><b class=\"\">Tolerancia a la sequ\u00eda:<\/b> De baja a moderada<\/p>\n<p class=\"\"><b class=\"\">Requisitos de luz:<\/b> Parcial, sombra<\/p>\n<p class=\"\"><b class=\"\">Color de la flor:<\/b> n\/a<\/p>\n<p class=\"\"><b class=\"\">Caracter\u00edsticas de la flor:<\/b> n\/a<\/p>\n<p class=\"\"><b class=\"\">Temporada de floraci\u00f3n:<\/b> n\/a<\/p>\n<p class=\"\"><b class=\"\">Fruto:<\/b> n\/a<\/p>\n<p class=\"\"><b class=\"\">Vida silvestre y ecolog\u00eda:<\/b> Forma una densa cubierta vegetal, proporcionando h\u00e1bitat y refugio para peque\u00f1os animales, insectos y anfibios<\/p>\n<p class=\"\"><b class=\"\">Notas de horticultura:<\/b> Se propaga por divisi\u00f3n o esporas<\/p>\n<p class=\"\"><b class=\"\">Comentarios:<\/b><\/p>\n<p>&nbsp;<\/p>\n","protected":false},"excerpt":{"rendered":"<p><img decoding=\"async\" class=\"alignnone size-medium wp-image-31863\" src=\"https:\/\/smartyplantsnursery.com\/wp-content\/uploads\/2023\/04\/Screen-Shot-2023-04-22-at-11.28.02-PM-300x134.png\" alt=\"Compre con confianza en el vivero de plantas inteligentes\" width=\"300\" height=\"134\"><\/p>\n<div class=\"container\">\n<div class=\"table-container\">\n<table>\n<thead>\n<tr>\n<th>Tama\u00f1o de la maceta<\/th>\n<th>Altura media plantada (desde la tierra hasta la parte superior de la planta)<\/th>\n<\/tr>\n<\/thead>\n<tbody>\n<tr>\n<td>1 gal\u00f3n\/6&#8243;<\/td>\n<td>0 &#8211; 1 ft.<\/td>\n<\/tr>\n<tr>\n<td>3 galones\/10&#8243;<\/td>\n<td>1 &#8211; 2 pies<\/td>\n<\/tr>\n<tr>\n<td>7 galones\/14&#8243;<\/td>\n<td>0,6 &#8211; 0,9 m<\/td>\n<\/tr>\n<\/tbody>\n<\/table>\n<\/div>\n<\/div>\n","protected":false},"featured_media":54023,"comment_status":"open","ping_status":"closed","template":"","meta":[],"product_brand":[],"product_cat":[343,329,311,312,310,375,321,317,331,390,302,383,305,313,309,326,360,345,322,303,349],"product_tag":[],"class_list":{"0":"post-46217","1":"product","2":"type-product","3":"status-publish","4":"has-post-thumbnail","6":"product_cat-acido","7":"product_cat-baja-es-2","8":"product_cat-baja","9":"product_cat-baja-es","10":"product_cat-bien-drenado","11":"product_cat-borde","12":"product_cat-cobertura-del-suelo","13":"product_cat-contenedor","14":"product_cat-division-es","15":"product_cat-espora","16":"product_cat-exotica","17":"product_cat-helecho","18":"product_cat-interior","19":"product_cat-moderada-es","20":"product_cat-moderada","21":"product_cat-moderada-es-2","22":"product_cat-moderada-es-3","23":"product_cat-neutro","24":"product_cat-rapido","25":"product_cat-sol-parcial","26":"product_cat-sombra","27":"pa_pot-size-1-galon-6","28":"pa_pot-size-3-galones-10","29":"pa_pot-size-7-galones-14","32":"first","33":"instock","34":"taxable","35":"shipping-taxable","36":"purchasable","37":"product-type-variable"},"aioseo_notices":[],"_links":{"self":[{"href":"https:\/\/smartyplantsnursery.com\/es\/wp-json\/wp\/v2\/product\/46217","targetHints":{"allow":["GET"]}}],"collection":[{"href":"https:\/\/smartyplantsnursery.com\/es\/wp-json\/wp\/v2\/product"}],"about":[{"href":"https:\/\/smartyplantsnursery.com\/es\/wp-json\/wp\/v2\/types\/product"}],"replies":[{"embeddable":true,"href":"https:\/\/smartyplantsnursery.com\/es\/wp-json\/wp\/v2\/comments?post=46217"}],"wp:featuredmedia":[{"embeddable":true,"href":"https:\/\/smartyplantsnursery.com\/es\/wp-json\/wp\/v2\/media\/54023"}],"wp:attachment":[{"href":"https:\/\/smartyplantsnursery.com\/es\/wp-json\/wp\/v2\/media?parent=46217"}],"wp:term":[{"taxonomy":"product_brand","embeddable":true,"href":"https:\/\/smartyplantsnursery.com\/es\/wp-json\/wp\/v2\/product_brand?post=46217"},{"taxonomy":"product_cat","embeddable":true,"href":"https:\/\/smartyplantsnursery.com\/es\/wp-json\/wp\/v2\/product_cat?post=46217"},{"taxonomy":"product_tag","embeddable":true,"href":"https:\/\/smartyplantsnursery.com\/es\/wp-json\/wp\/v2\/product_tag?post=46217"}],"curies":[{"name":"wp","href":"https:\/\/api.w.org\/{rel}","templated":true}]}}