{"id":46237,"date":"2023-08-13T06:07:46","date_gmt":"2023-08-13T06:07:46","guid":{"rendered":"https:\/\/smartyplantsnursery.com\/product\/planta-de-serpiente-de-cascabel-calathea-lancifolia\/"},"modified":"2026-02-03T15:45:42","modified_gmt":"2026-02-03T15:45:42","slug":"planta-de-serpiente-de-cascabel-calathea-lancifolia","status":"publish","type":"product","link":"https:\/\/smartyplantsnursery.com\/es\/product\/planta-de-serpiente-de-cascabel-calathea-lancifolia\/","title":{"rendered":"Planta de serpiente de cascabel &#8211; calathea lancifolia"},"content":{"rendered":"<div>\n<p class=\"\"><b class=\"\">Usos generales en el paisaje:<\/b> Interior, jardines tropicales<\/p>\n<p class=\"\"><b class=\"\">Notas sobre la restauraci\u00f3n ecol\u00f3gica:<\/b> Microh\u00e1bitats de sotobosque de selva tropical, jardines de restauraci\u00f3n<\/p>\n<p class=\"\"><b class=\"\">Descripci\u00f3n:<\/b> Una planta de follaje tropical conocida por sus hojas lanceoladas y manchadas y sus partes inferiores de color p\u00farpura intenso.<\/p>\n<p class=\"\"><b class=\"\">Dimensiones:<\/b> Altura 0,75 &#8211; 1,5 pies; Extensi\u00f3n 0,75 &#8211; 1,5 pies.<\/p>\n<p class=\"\"><b class=\"\">Tasa de crecimiento:<\/b> moderada<\/p>\n<p class=\"\"><b class=\"\">Distribuci\u00f3n nativa:<\/b> Brasil<\/p>\n<p class=\"\"><b class=\"\">H\u00e1bitats nativos:<\/b> Sotobosque de la selva tropical<\/p>\n<p class=\"\"><b class=\"\">Suelos:<\/b> Con buen drenaje<\/p>\n<p class=\"\"><b class=\"\">Requisitos nutricionales:<\/b> moderados<\/p>\n<p class=\"\"><b class=\"\">Tolerancia al agua salada:<\/b> baja<\/p>\n<p class=\"\"><b class=\"\">Tolerancia al viento salado:<\/b> baja<\/p>\n<p class=\"\"><b class=\"\">Tolerancia a la sequ\u00eda:<\/b> moderada<\/p>\n<p class=\"\"><b class=\"\">Requisitos de luz:<\/b> Sol parcial a sombra total<\/p>\n<p class=\"\"><b class=\"\">Color de la flor:<\/b> Amarillo o blanco<\/p>\n<p class=\"\"><b class=\"\">Caracter\u00edsticas de la flor:<\/b> llamativa<\/p>\n<p class=\"\"><b class=\"\">Temporada de floraci\u00f3n:<\/b> Primavera a principios de verano<\/p>\n<p class=\"\"><b class=\"\">Fruto:<\/b> Una c\u00e1psula peque\u00f1a y seca, generalmente verde o marr\u00f3n<\/p>\n<p class=\"\"><b class=\"\">Vida silvestre y ecolog\u00eda:<\/b> Soporte de microh\u00e1bitat<\/p>\n<p class=\"\"><b class=\"\">Notas de horticultura:<\/b> Cultivada a partir de divisi\u00f3n<\/p>\n<p class=\"\"><b class=\"\">Comentarios:<\/b><\/p>\n<\/div>\n","protected":false},"excerpt":{"rendered":"<p><img decoding=\"async\" class=\"alignnone size-medium wp-image-31863\" src=\"https:\/\/smartyplantsnursery.com\/wp-content\/uploads\/2023\/04\/Screen-Shot-2023-04-22-at-11.28.02-PM-300x134.png\" alt=\"Compre con confianza en el vivero de plantas inteligentes\" width=\"300\" height=\"134\"><\/p>\n<div class=\"container\">\n<div class=\"table-container\">\n<table>\n<thead>\n<tr>\n<th>Tama\u00f1o de la maceta<\/th>\n<th>Altura media plantada (desde la tierra hasta la parte superior de la planta)<\/th>\n<\/tr>\n<\/thead>\n<tbody>\n<tr>\n<td>1 gal\u00f3n\/6&#8243;<\/td>\n<td>0 &#8211; 1 ft.<\/td>\n<\/tr>\n<\/tbody>\n<\/table>\n<\/div>\n<\/div>\n","protected":false},"featured_media":54033,"comment_status":"open","ping_status":"closed","template":"","meta":[],"product_brand":[],"product_cat":[311,312,310,331,302,381,305,324,326,309,313,323,303,349,307],"product_tag":[319,318],"class_list":{"0":"post-46237","1":"product","2":"type-product","3":"status-publish","4":"has-post-thumbnail","6":"product_cat-baja","7":"product_cat-baja-es","8":"product_cat-bien-drenado","9":"product_cat-division-es","10":"product_cat-exotica","11":"product_cat-hierba","12":"product_cat-interior","13":"product_cat-llamativo","14":"product_cat-moderada-es-2","15":"product_cat-moderada","16":"product_cat-moderada-es","17":"product_cat-primavera","18":"product_cat-sol-parcial","19":"product_cat-sombra","20":"product_cat-verano","21":"product_tag-amarillo","22":"product_tag-blanco","23":"pa_pot-size-1-galon-6","26":"first","27":"instock","28":"taxable","29":"shipping-taxable","30":"purchasable","31":"product-type-variable"},"aioseo_notices":[],"_links":{"self":[{"href":"https:\/\/smartyplantsnursery.com\/es\/wp-json\/wp\/v2\/product\/46237","targetHints":{"allow":["GET"]}}],"collection":[{"href":"https:\/\/smartyplantsnursery.com\/es\/wp-json\/wp\/v2\/product"}],"about":[{"href":"https:\/\/smartyplantsnursery.com\/es\/wp-json\/wp\/v2\/types\/product"}],"replies":[{"embeddable":true,"href":"https:\/\/smartyplantsnursery.com\/es\/wp-json\/wp\/v2\/comments?post=46237"}],"wp:featuredmedia":[{"embeddable":true,"href":"https:\/\/smartyplantsnursery.com\/es\/wp-json\/wp\/v2\/media\/54033"}],"wp:attachment":[{"href":"https:\/\/smartyplantsnursery.com\/es\/wp-json\/wp\/v2\/media?parent=46237"}],"wp:term":[{"taxonomy":"product_brand","embeddable":true,"href":"https:\/\/smartyplantsnursery.com\/es\/wp-json\/wp\/v2\/product_brand?post=46237"},{"taxonomy":"product_cat","embeddable":true,"href":"https:\/\/smartyplantsnursery.com\/es\/wp-json\/wp\/v2\/product_cat?post=46237"},{"taxonomy":"product_tag","embeddable":true,"href":"https:\/\/smartyplantsnursery.com\/es\/wp-json\/wp\/v2\/product_tag?post=46237"}],"curies":[{"name":"wp","href":"https:\/\/api.w.org\/{rel}","templated":true}]}}