{"id":46248,"date":"2023-08-12T17:18:06","date_gmt":"2023-08-12T17:18:06","guid":{"rendered":"https:\/\/smartyplantsnursery.com\/product\/arbol-paraguas-enano-schefflera-arboricola-compacta\/"},"modified":"2026-04-13T16:00:44","modified_gmt":"2026-04-13T16:00:44","slug":"arbol-paraguas-enano-schefflera-arboricola-compacta","status":"publish","type":"product","link":"https:\/\/smartyplantsnursery.com\/es\/product\/arbol-paraguas-enano-schefflera-arboricola-compacta\/","title":{"rendered":"\u00c1rbol paraguas enano &#8211; schefflera arboricola \u201ccompacta\u201d"},"content":{"rendered":"<p class=\"\"><b class=\"\">Usos generales en el paisaje:<\/b> jardines tropicales y subtropicales<\/p>\n<p class=\"\"><b class=\"\">Notas sobre la restauraci\u00f3n ecol\u00f3gica:<\/b> proveedor de h\u00e1bitat, estabilizaci\u00f3n del suelo, apoyo a los polinizadores, mejora de la biodiversidad<\/p>\n<p class=\"\"><b class=\"\">Descripci\u00f3n:<\/b> Arbusto o \u00e1rbol peque\u00f1o<\/p>\n<p class=\"\"><b class=\"\">Dimensiones:<\/b> Altura 1,8 &#8211; 2,7 m; Extensi\u00f3n 0,9 &#8211; 1,2 m<\/p>\n<p class=\"\"><b class=\"\">Tasa de crecimiento:<\/b> moderada<\/p>\n<p class=\"\"><b class=\"\">Distribuci\u00f3n nativa:<\/b> Asia oriental<\/p>\n<p class=\"\"><b class=\"\">H\u00e1bitats nativos:<\/b> Bosques subtropicales, regiones monta\u00f1osas, zonas ribere\u00f1as, \u00e1reas perturbadas<\/p>\n<p class=\"\"><b class=\"\">Suelos:<\/b> Prefiere suelo org\u00e1nico bien drenado, pH 6 &#8211; 6,5<\/p>\n<p class=\"\"><b class=\"\">Requisitos nutricionales:<\/b> moderados<\/p>\n<p class=\"\"><b class=\"\">Tolerancia al agua salada:<\/b> baja<\/p>\n<p class=\"\"><b class=\"\">Tolerancia al viento salado:<\/b> baja<\/p>\n<p class=\"\"><b class=\"\">Tolerancia a la sequ\u00eda:<\/b> moderada<\/p>\n<p class=\"\"><b class=\"\">Requisitos de luz:<\/b> Sol parcial a sombra<\/p>\n<p class=\"\"><b class=\"\">Color de la flor:<\/b> Rojo o blanco<\/p>\n<p class=\"\"><b class=\"\">Caracter\u00edsticas de la flor:<\/b> Peque\u00f1as, discretas en racimos<\/p>\n<p class=\"\"><b class=\"\">Temporada de floraci\u00f3n:<\/b> Desde finales de verano hasta principios de oto\u00f1o<\/p>\n<p class=\"\"><b class=\"\">Fruto:<\/b> Bayas peque\u00f1as, redondas, naranjas o rojas<\/p>\n<p class=\"\"><b class=\"\">Vida silvestre y ecolog\u00eda:<\/b> Planta de sotobosque, estabilizaci\u00f3n del suelo, apoyo a la vida silvestre, biodiversidad<\/p>\n<p class=\"\"><b class=\"\">Notas de horticultura:<\/b> Se propaga por esquejes o acodo a\u00e9reo<\/p>\n<p class=\"\"><b class=\"\">Comentarios:<\/b><\/p>\n<p>&nbsp;<\/p>\n","protected":false},"excerpt":{"rendered":"<p><img fetchpriority=\"high\" decoding=\"async\" class=\"alignnone size-medium wp-image-54744\" src=\"https:\/\/smartyplantsnursery.com\/wp-content\/uploads\/2023\/04\/Screenshot-2026-03-03-at-2.22.47-PM-300x185.webp\" alt=\"\" width=\"300\" height=\"185\"><\/p>\n<div class=\"container\">\n<div class=\"table-container\">\n<table>\n<thead>\n<tr>\n<th>Tama\u00f1o de la maceta<\/th>\n<th>Altura media plantada (desde la tierra hasta la parte superior de la planta)<\/th>\n<\/tr>\n<\/thead>\n<tbody>\n<tr>\n<td>3 galones\/10&#8243;<\/td>\n<td>1 &#8211; 2 pies<\/td>\n<\/tr>\n<\/tbody>\n<\/table>\n<\/div>\n<\/div>\n","protected":false},"featured_media":43832,"comment_status":"open","ping_status":"closed","template":"","meta":[],"product_brand":[],"product_cat":[343,336,304,311,312,310,315,302,365,305,309,313,326,308,316,372,303,349,307],"product_tag":[318,350],"class_list":{"0":"post-46248","1":"product","2":"type-product","3":"status-publish","4":"has-post-thumbnail","6":"product_cat-acido","7":"product_cat-acodo-aereo","8":"product_cat-arbusto","9":"product_cat-baja","10":"product_cat-baja-es","11":"product_cat-bien-drenado","12":"product_cat-esquejes","13":"product_cat-exotica","14":"product_cat-inconspicuo","15":"product_cat-interior","16":"product_cat-moderada","17":"product_cat-moderada-es","18":"product_cat-moderada-es-2","19":"product_cat-otono","20":"product_cat-pequena","21":"product_cat-racimo","22":"product_cat-sol-parcial","23":"product_cat-sombra","24":"product_cat-verano","25":"product_tag-blanco","26":"product_tag-rojo","27":"pa_pot-size-3-galones-10","30":"first","31":"instock","32":"taxable","33":"shipping-taxable","34":"purchasable","35":"product-type-variable"},"aioseo_notices":[],"_links":{"self":[{"href":"https:\/\/smartyplantsnursery.com\/es\/wp-json\/wp\/v2\/product\/46248","targetHints":{"allow":["GET"]}}],"collection":[{"href":"https:\/\/smartyplantsnursery.com\/es\/wp-json\/wp\/v2\/product"}],"about":[{"href":"https:\/\/smartyplantsnursery.com\/es\/wp-json\/wp\/v2\/types\/product"}],"replies":[{"embeddable":true,"href":"https:\/\/smartyplantsnursery.com\/es\/wp-json\/wp\/v2\/comments?post=46248"}],"wp:featuredmedia":[{"embeddable":true,"href":"https:\/\/smartyplantsnursery.com\/es\/wp-json\/wp\/v2\/media\/43832"}],"wp:attachment":[{"href":"https:\/\/smartyplantsnursery.com\/es\/wp-json\/wp\/v2\/media?parent=46248"}],"wp:term":[{"taxonomy":"product_brand","embeddable":true,"href":"https:\/\/smartyplantsnursery.com\/es\/wp-json\/wp\/v2\/product_brand?post=46248"},{"taxonomy":"product_cat","embeddable":true,"href":"https:\/\/smartyplantsnursery.com\/es\/wp-json\/wp\/v2\/product_cat?post=46248"},{"taxonomy":"product_tag","embeddable":true,"href":"https:\/\/smartyplantsnursery.com\/es\/wp-json\/wp\/v2\/product_tag?post=46248"}],"curies":[{"name":"wp","href":"https:\/\/api.w.org\/{rel}","templated":true}]}}