{"id":46255,"date":"2023-05-17T23:56:07","date_gmt":"2023-05-17T23:56:07","guid":{"rendered":"https:\/\/smartyplantsnursery.com\/product\/guayaba-psidium-guajava\/"},"modified":"2025-12-29T18:32:59","modified_gmt":"2025-12-29T18:32:59","slug":"guayaba-psidium-guajava","status":"publish","type":"product","link":"https:\/\/smartyplantsnursery.com\/es\/product\/guayaba-psidium-guajava\/","title":{"rendered":"Guayaba &#8211; psidium guajava"},"content":{"rendered":"<p class=\"\"><b class=\"\">Usos generales en el paisaje:<\/b> Huerto, jard\u00edn dom\u00e9stico, restauraci\u00f3n de riberas<\/p>\n<p class=\"\"><b class=\"\">Notas sobre restauraci\u00f3n ecol\u00f3gica:<\/b> Estabilizaci\u00f3n del suelo y control de la erosi\u00f3n, h\u00e1bitat de vida silvestre y apoyo a la biodiversidad, secuestro de carbono, resistencia a la sequ\u00eda y al fuego<\/p>\n<p class=\"\"><b class=\"\">Descripci\u00f3n:<\/b> \u00c1rbol de hoja perenne que da frutos.<\/p>\n<p class=\"\"><b class=\"\">Dimensiones:<\/b> Altura 20 pies.<\/p>\n<p class=\"\"><b class=\"\">Tasa de crecimiento:<\/b> r\u00e1pida<\/p>\n<p class=\"\"><b class=\"\">Distribuci\u00f3n nativa:<\/b> Tr\u00f3picos americanos<\/p>\n<p class=\"\"><b class=\"\">H\u00e1bitats nativos:<\/b> Bosques tropicales y subtropicales, sabanas, riberas de r\u00edos, bosques abiertos, \u00e1reas perturbadas<\/p>\n<p class=\"\"><b class=\"\">Suelos:<\/b> Con buen drenaje, arenosos, limosos o rocosos, ligeramente \u00e1cidos a neutros (pH 5,5 &#8211; 7)<\/p>\n<p class=\"\"><b class=\"\">Requisitos nutricionales:<\/b> moderados<\/p>\n<p class=\"\"><b class=\"\">Tolerancia al agua salada:<\/b> De baja a moderada<\/p>\n<p class=\"\"><b class=\"\">Tolerancia al viento salado:<\/b> baja<\/p>\n<p class=\"\"><b class=\"\">Tolerancia a la sequ\u00eda:<\/b> alta<\/p>\n<p class=\"\"><b class=\"\">Requisitos de luz:<\/b> pleno sol a sol parcial<\/p>\n<p class=\"\"><b class=\"\">Color de la flor:<\/b> Blanco<\/p>\n<p class=\"\"><b class=\"\">Caracter\u00edsticas de la flor:<\/b> Llamativas, fragantes<\/p>\n<p class=\"\"><b class=\"\">Temporada de floraci\u00f3n:<\/b> Primavera, verano<\/p>\n<p class=\"\"><b class=\"\">Fruto:<\/b> De forma redonda a forma de pera, piel de verde a amarillo, pulpa rosa o blanca<\/p>\n<p class=\"\"><b class=\"\">Vida silvestre y ecolog\u00eda:<\/b> Las flores atraen a los polinizadores, el fruto proporciona alimento para aves, monos, murci\u00e9lagos y peque\u00f1os mam\u00edferos, refugio para insectos y aves<\/p>\n<p class=\"\"><b class=\"\">Notas de horticultura:<\/b> Se propaga por semilla, esquejes<\/p>\n<p class=\"\"><b class=\"\">Comentarios:<\/b><\/p>\n","protected":false},"excerpt":{"rendered":"<p><img decoding=\"async\" class=\"alignnone size-medium wp-image-31863\" src=\"https:\/\/smartyplantsnursery.com\/wp-content\/uploads\/2023\/04\/Screen-Shot-2023-04-22-at-11.28.02-PM-300x134.png\" alt=\"\" width=\"300\" height=\"134\"><\/p>\n<div class=\"container\">\n<div class=\"table-container\">\n<table>\n<thead>\n<tr>\n<th>Tama\u00f1o de la maceta<\/th>\n<th>Altura media plantada (desde la tierra hasta la parte superior de la planta)<\/th>\n<\/tr>\n<\/thead>\n<tbody>\n<tr>\n<td>7 galones\/14&#8243;<\/td>\n<td>1,5 &#8211; 1,8 m<\/td>\n<\/tr>\n<tr>\n<td>15 galones\/17&#8243;<\/td>\n<td>1,8 &#8211; 2,1 m<\/td>\n<\/tr>\n<\/tbody>\n<\/table>\n<\/div>\n<\/div>\n","protected":false},"featured_media":44068,"comment_status":"open","ping_status":"closed","template":"","meta":[],"product_brand":[],"product_cat":[343,340,344,359,312,311,310,353,315,302,374,369,324,309,360,345,335,323,322,330,303,307],"product_tag":[318],"class_list":{"0":"post-46255","1":"product","2":"type-product","3":"status-publish","4":"has-post-thumbnail","6":"product_cat-acido","7":"product_cat-alta","8":"product_cat-arbol","9":"product_cat-arena","10":"product_cat-baja-es","11":"product_cat-baja","12":"product_cat-bien-drenado","13":"product_cat-comestible","14":"product_cat-esquejes","15":"product_cat-exotica","16":"product_cat-fragante-2","17":"product_cat-franco","18":"product_cat-llamativo","19":"product_cat-moderada","20":"product_cat-moderada-es-3","21":"product_cat-neutro","22":"product_cat-pleno-sol","23":"product_cat-primavera","24":"product_cat-rapido","25":"product_cat-semilla","26":"product_cat-sol-parcial","27":"product_cat-verano","28":"product_tag-blanco","29":"pa_pot-size-1-galon-6","30":"pa_pot-size-15-galones-17","31":"pa_pot-size-3-galones-10","32":"pa_pot-size-7-galones-14","35":"first","36":"instock","37":"taxable","38":"shipping-taxable","39":"purchasable","40":"product-type-variable"},"aioseo_notices":[],"_links":{"self":[{"href":"https:\/\/smartyplantsnursery.com\/es\/wp-json\/wp\/v2\/product\/46255","targetHints":{"allow":["GET"]}}],"collection":[{"href":"https:\/\/smartyplantsnursery.com\/es\/wp-json\/wp\/v2\/product"}],"about":[{"href":"https:\/\/smartyplantsnursery.com\/es\/wp-json\/wp\/v2\/types\/product"}],"replies":[{"embeddable":true,"href":"https:\/\/smartyplantsnursery.com\/es\/wp-json\/wp\/v2\/comments?post=46255"}],"wp:featuredmedia":[{"embeddable":true,"href":"https:\/\/smartyplantsnursery.com\/es\/wp-json\/wp\/v2\/media\/44068"}],"wp:attachment":[{"href":"https:\/\/smartyplantsnursery.com\/es\/wp-json\/wp\/v2\/media?parent=46255"}],"wp:term":[{"taxonomy":"product_brand","embeddable":true,"href":"https:\/\/smartyplantsnursery.com\/es\/wp-json\/wp\/v2\/product_brand?post=46255"},{"taxonomy":"product_cat","embeddable":true,"href":"https:\/\/smartyplantsnursery.com\/es\/wp-json\/wp\/v2\/product_cat?post=46255"},{"taxonomy":"product_tag","embeddable":true,"href":"https:\/\/smartyplantsnursery.com\/es\/wp-json\/wp\/v2\/product_tag?post=46255"}],"curies":[{"name":"wp","href":"https:\/\/api.w.org\/{rel}","templated":true}]}}