{"id":46263,"date":"2023-05-12T09:13:49","date_gmt":"2023-05-12T09:13:49","guid":{"rendered":"https:\/\/smartyplantsnursery.com\/product\/cereza-de-barbados-malpighia-glabra\/"},"modified":"2026-03-07T14:32:37","modified_gmt":"2026-03-07T14:32:37","slug":"cereza-de-barbados-malpighia-glabra","status":"publish","type":"product","link":"https:\/\/smartyplantsnursery.com\/es\/product\/cereza-de-barbados-malpighia-glabra\/","title":{"rendered":"Cereza de Barbados &#8211; malpighia glabra"},"content":{"rendered":"<p style=\"text-align: left;\"><b>Usos generales en el paisaje:<\/b> Producci\u00f3n de fruta, seto o pantalla, arbusto ornamental, jard\u00edn de polinizadores<\/p>\n<p><b>Notas sobre la restauraci\u00f3n ecol\u00f3gica:<\/b> H\u00e1bitat y fuente de alimento para la vida silvestre, estabilizaci\u00f3n del suelo y control de la erosi\u00f3n, tolerancia a la sequ\u00eda y a la costa, agrosilvicultura y uso sostenible de la tierra, reverdecimiento urbano y jardines de polinizadores<\/p>\n<p><b>Descripci\u00f3n:<\/b> Un arbusto o \u00e1rbol peque\u00f1o tropical y subtropical.<\/p>\n<p><b>Dimensiones:<\/b> Altura 1,8 &#8211; 3,6 m.<\/p>\n<p><b>Tasa de crecimiento:<\/b> de moderada a r\u00e1pida<\/p>\n<p><b>Distribuci\u00f3n nativa:<\/b> Am\u00e9rica Central, Am\u00e9rica del Sur (regiones del norte), el Caribe y partes de M\u00e9xico<\/p>\n<p><b>H\u00e1bitats nativos:<\/b> Bosques secos, \u00e1reas costeras y bosques abiertos, que prosperan en lugares c\u00e1lidos y soleados<\/p>\n<p><b>Suelos:<\/b> ligeramente alcalino; arcilla; arena; \u00e1cido; franco<\/p>\n<p><b>Requisitos nutricionales:<\/b> moderados<\/p>\n<p><b>Tolerancia al agua salada:<\/b> moderada<\/p>\n<p><b>Tolerancia al viento salado:<\/b> moderada<\/p>\n<p><b>Tolerancia a la sequ\u00eda:<\/b> alta<\/p>\n<p><b>Requisitos de luz:<\/b> sol parcial<\/p>\n<p><b>Color de la flor:<\/b> De rosa a morado claro<\/p>\n<p><b>Caracter\u00edsticas de la flor:<\/b> peque\u00f1a y con forma de estrella<\/p>\n<p><b>Temporada de floraci\u00f3n:<\/b> todo el a\u00f1o<\/p>\n<p><b>Fruta:<\/b> Rojo brillante, rico en vitamina C y con un sabor agridulce.<\/p>\n<p><b>Vida silvestre y ecolog\u00eda:<\/b> H\u00e1bitat de vida silvestre, atracci\u00f3n de polinizadores, fruta para la vida silvestre<\/p>\n<p><b>Notas de horticultura:<\/b> Se propaga por semilla, esquejes o acodo a\u00e9reo<\/p>\n<p><b>Comentarios: <\/b><\/p>\n","protected":false},"excerpt":{"rendered":"<p><img fetchpriority=\"high\" decoding=\"async\" class=\"alignnone size-medium wp-image-54744\" src=\"https:\/\/smartyplantsnursery.com\/wp-content\/uploads\/2023\/04\/Screenshot-2026-03-03-at-2.22.47-PM-300x185.png\" alt=\"\" width=\"300\" height=\"185\"><\/p>\n<div class=\"container\">\n<div class=\"table-container\">\n<table>\n<thead>\n<tr>\n<th>Tama\u00f1o de la maceta<\/th>\n<th>Altura media plantada (desde la tierra hasta la parte superior de la planta)<\/th>\n<\/tr>\n<\/thead>\n<tbody>\n<tr>\n<td>3 galones\/10&#8243;<\/td>\n<td>1 &#8211; 2 pies<\/td>\n<\/tr>\n<tr>\n<td>7 galones\/14&#8243;<\/td>\n<td>2 &#8211; 4 pies<\/td>\n<\/tr>\n<tr>\n<td>15 galones\/17&#8243;<\/td>\n<td>4 &#8211; 6 pies<\/td>\n<\/tr>\n<\/tbody>\n<\/table>\n<\/div>\n<\/div>\n","protected":false},"featured_media":53770,"comment_status":"open","ping_status":"closed","template":"","meta":[],"product_brand":[],"product_cat":[343,336,380,340,304,382,359,353,315,302,369,355,360,326,361,309,308,378,316,358,323,322,330,332,303,307],"product_tag":[338,352],"class_list":{"0":"post-46263","1":"product","2":"type-product","3":"status-publish","4":"has-post-thumbnail","6":"product_cat-acido","7":"product_cat-acodo-aereo","8":"product_cat-alcalino","9":"product_cat-alta","10":"product_cat-arbusto","11":"product_cat-arcilla","12":"product_cat-arena","13":"product_cat-comestible","14":"product_cat-esquejes","15":"product_cat-exotica","16":"product_cat-franco","17":"product_cat-invierno","18":"product_cat-moderada-es-3","19":"product_cat-moderada-es-2","20":"product_cat-moderada-es-4","21":"product_cat-moderada","22":"product_cat-otono","23":"product_cat-pantalla","24":"product_cat-pequena","25":"product_cat-plantas-para-mariposas-plantas-para-polinizadores","26":"product_cat-primavera","27":"product_cat-rapido","28":"product_cat-semilla","29":"product_cat-seto","30":"product_cat-sol-parcial","31":"product_cat-verano","32":"product_tag-morado","33":"product_tag-rosa","34":"pa_pot-size-1-galon-6","35":"pa_pot-size-15-galones-17","36":"pa_pot-size-3-galones-10","37":"pa_pot-size-7-galones-14","40":"first","41":"instock","42":"taxable","43":"shipping-taxable","44":"purchasable","45":"product-type-variable"},"aioseo_notices":[],"_links":{"self":[{"href":"https:\/\/smartyplantsnursery.com\/es\/wp-json\/wp\/v2\/product\/46263","targetHints":{"allow":["GET"]}}],"collection":[{"href":"https:\/\/smartyplantsnursery.com\/es\/wp-json\/wp\/v2\/product"}],"about":[{"href":"https:\/\/smartyplantsnursery.com\/es\/wp-json\/wp\/v2\/types\/product"}],"replies":[{"embeddable":true,"href":"https:\/\/smartyplantsnursery.com\/es\/wp-json\/wp\/v2\/comments?post=46263"}],"wp:featuredmedia":[{"embeddable":true,"href":"https:\/\/smartyplantsnursery.com\/es\/wp-json\/wp\/v2\/media\/53770"}],"wp:attachment":[{"href":"https:\/\/smartyplantsnursery.com\/es\/wp-json\/wp\/v2\/media?parent=46263"}],"wp:term":[{"taxonomy":"product_brand","embeddable":true,"href":"https:\/\/smartyplantsnursery.com\/es\/wp-json\/wp\/v2\/product_brand?post=46263"},{"taxonomy":"product_cat","embeddable":true,"href":"https:\/\/smartyplantsnursery.com\/es\/wp-json\/wp\/v2\/product_cat?post=46263"},{"taxonomy":"product_tag","embeddable":true,"href":"https:\/\/smartyplantsnursery.com\/es\/wp-json\/wp\/v2\/product_tag?post=46263"}],"curies":[{"name":"wp","href":"https:\/\/api.w.org\/{rel}","templated":true}]}}