{"id":46281,"date":"2023-05-12T09:40:26","date_gmt":"2023-05-12T09:40:26","guid":{"rendered":"https:\/\/smartyplantsnursery.com\/product\/mango-mangifera-indica-valencia-pride\/"},"modified":"2026-01-09T19:18:24","modified_gmt":"2026-01-09T19:18:24","slug":"mango-mangifera-indica-valencia-pride","status":"publish","type":"product","link":"https:\/\/smartyplantsnursery.com\/es\/product\/mango-mangifera-indica-valencia-pride\/","title":{"rendered":"Mango &#8211; mangifera indica \u201cValencia pride\u201d"},"content":{"rendered":"<p class=\"\"><b class=\"\">Usos generales en el paisaje:<\/b> \u00c1rbol de sombra, \u00e1rbol ornamental, huerto comestible, cortavientos o pantalla de privacidad<\/p>\n<p class=\"\"><b class=\"\">Notas sobre la restauraci\u00f3n ecol\u00f3gica:<\/b> Estabilizaci\u00f3n del suelo y control de la erosi\u00f3n, secuestro de carbono, h\u00e1bitat de vida silvestre y apoyo a la biodiversidad<\/p>\n<p class=\"\"><b class=\"\">Descripci\u00f3n:<\/b> Grande y erguido, con una copa densa.<\/p>\n<p class=\"\"><b class=\"\">Dimensiones:<\/b> Altura 20 &#8211; 25 pies; Extensi\u00f3n 10 &#8211; 15 pies.<\/p>\n<p class=\"\"><b class=\"\">Tasa de crecimiento:<\/b> moderada<\/p>\n<p class=\"\"><b class=\"\">Distribuci\u00f3n nativa: <\/b>sur de Asia<\/p>\n<p class=\"\"><b class=\"\">H\u00e1bitats nativos:<\/b> Bosques tropicales de tierras bajas, riberas de r\u00edos<\/p>\n<p class=\"\"><b class=\"\">Suelos:<\/b> Bien drenados, arenosos o limosos, con un pH ligeramente \u00e1cido a neutro<\/p>\n<p class=\"\"><b class=\"\">Requisitos nutricionales:<\/b> moderados<\/p>\n<p class=\"\"><b class=\"\">Tolerancia al agua salada:<\/b> De baja a moderada<\/p>\n<p class=\"\"><b class=\"\">Tolerancia al viento salado:<\/b> De baja a moderada<\/p>\n<p class=\"\"><b class=\"\">Tolerancia a la sequ\u00eda:<\/b> Moderada a alta<\/p>\n<p class=\"\"><b class=\"\">Requisitos de luz:<\/b> pleno sol<\/p>\n<p class=\"\"><b class=\"\">Color de la flor:<\/b> Amarillo cremoso a rosa p\u00e1lido<\/p>\n<p class=\"\"><b class=\"\">Caracter\u00edsticas de la flor:<\/b> Fragante, inflorescencia en pan\u00edcula<\/p>\n<p class=\"\"><b class=\"\">Temporada de floraci\u00f3n:<\/b> De finales de invierno a principios de primavera<\/p>\n<p class=\"\"><b class=\"\">Fruto:<\/b> Amarillo brillante con un rubor rojo intenso o carmes\u00ed cuando est\u00e1 maduro.<\/p>\n<p class=\"\"><b class=\"\">Vida silvestre y ecolog\u00eda:<\/b> Las flores atraen a los polinizadores, los frutos son una fuente de alimento para la vida silvestre<\/p>\n<p class=\"\"><b class=\"\">Notas de horticultura:<\/b> Propagaci\u00f3n por injerto, acodo a\u00e9reo, semilla<\/p>\n<p class=\"\"><b class=\"\">Comentarios:<\/b><\/p>\n<p>&nbsp;<\/p>\n","protected":false},"excerpt":{"rendered":"<p><img decoding=\"async\" class=\"alignnone size-medium wp-image-31863\" src=\"https:\/\/smartyplantsnursery.com\/wp-content\/uploads\/2023\/04\/Screen-Shot-2023-04-22-at-11.28.02-PM-300x134.png\" alt=\"\" width=\"300\" height=\"134\"><\/p>\n<div class=\"container\">\n<div class=\"table-container\">\n<table>\n<thead>\n<tr>\n<th>Tama\u00f1o de la maceta<\/th>\n<th>Altura media plantada (desde la tierra hasta la parte superior de la planta)<\/th>\n<\/tr>\n<\/thead>\n<tbody>\n<tr>\n<td>7 galones\/14&#8243;<\/td>\n<td>3 &#8211; 4 pies<\/td>\n<\/tr>\n<tr>\n<td>15 galones\/17&#8243;<\/td>\n<td>1,2 &#8211; 1,5 m<\/td>\n<\/tr>\n<tr>\n<td>Maceta de 95 L\/53 cm<\/td>\n<td>1,5 &#8211; 2,1 m<\/td>\n<\/tr>\n<\/tbody>\n<\/table>\n<\/div>\n<\/div>\n","protected":false},"featured_media":44412,"comment_status":"open","ping_status":"closed","template":"","meta":[],"product_brand":[],"product_cat":[343,336,340,344,371,359,312,311,310,353,302,374,369,379,355,326,313,361,309,360,345,378,335,323,330],"product_tag":[319,352],"class_list":{"0":"post-46281","1":"product","2":"type-product","3":"status-publish","4":"has-post-thumbnail","6":"product_cat-acido","7":"product_cat-acodo-aereo","8":"product_cat-alta","9":"product_cat-arbol","10":"product_cat-arbol-de-sombra","11":"product_cat-arena","12":"product_cat-baja-es","13":"product_cat-baja","14":"product_cat-bien-drenado","15":"product_cat-comestible","16":"product_cat-exotica","17":"product_cat-fragante-2","18":"product_cat-franco","19":"product_cat-injerto","20":"product_cat-invierno","21":"product_cat-moderada-es-2","22":"product_cat-moderada-es","23":"product_cat-moderada-es-4","24":"product_cat-moderada","25":"product_cat-moderada-es-3","26":"product_cat-neutro","27":"product_cat-pantalla","28":"product_cat-pleno-sol","29":"product_cat-primavera","30":"product_cat-semilla","31":"product_tag-amarillo","32":"product_tag-rosa","33":"pa_pot-size-1-galon-6","34":"pa_pot-size-15-galones-17","35":"pa_pot-size-25-galones-21","36":"pa_pot-size-3-galones-10","37":"pa_pot-size-7-galones-14","40":"first","41":"instock","42":"taxable","43":"shipping-taxable","44":"purchasable","45":"product-type-variable"},"aioseo_notices":[],"_links":{"self":[{"href":"https:\/\/smartyplantsnursery.com\/es\/wp-json\/wp\/v2\/product\/46281","targetHints":{"allow":["GET"]}}],"collection":[{"href":"https:\/\/smartyplantsnursery.com\/es\/wp-json\/wp\/v2\/product"}],"about":[{"href":"https:\/\/smartyplantsnursery.com\/es\/wp-json\/wp\/v2\/types\/product"}],"replies":[{"embeddable":true,"href":"https:\/\/smartyplantsnursery.com\/es\/wp-json\/wp\/v2\/comments?post=46281"}],"wp:featuredmedia":[{"embeddable":true,"href":"https:\/\/smartyplantsnursery.com\/es\/wp-json\/wp\/v2\/media\/44412"}],"wp:attachment":[{"href":"https:\/\/smartyplantsnursery.com\/es\/wp-json\/wp\/v2\/media?parent=46281"}],"wp:term":[{"taxonomy":"product_brand","embeddable":true,"href":"https:\/\/smartyplantsnursery.com\/es\/wp-json\/wp\/v2\/product_brand?post=46281"},{"taxonomy":"product_cat","embeddable":true,"href":"https:\/\/smartyplantsnursery.com\/es\/wp-json\/wp\/v2\/product_cat?post=46281"},{"taxonomy":"product_tag","embeddable":true,"href":"https:\/\/smartyplantsnursery.com\/es\/wp-json\/wp\/v2\/product_tag?post=46281"}],"curies":[{"name":"wp","href":"https:\/\/api.w.org\/{rel}","templated":true}]}}