{"id":46291,"date":"2023-05-12T09:31:37","date_gmt":"2023-05-12T09:31:37","guid":{"rendered":"https:\/\/smartyplantsnursery.com\/product\/pimienta-de-jamaica-pimenta-dioica\/"},"modified":"2026-03-04T17:55:30","modified_gmt":"2026-03-04T17:55:30","slug":"pimienta-de-jamaica-pimenta-dioica","status":"publish","type":"product","link":"https:\/\/smartyplantsnursery.com\/es\/product\/pimienta-de-jamaica-pimenta-dioica\/","title":{"rendered":"Pimienta de Jamaica &#8211; pimenta dioica"},"content":{"rendered":"<div>\n<p><b>Usos generales en el paisaje: <\/b>\u00e1rbol ornamental, \u00e1rbol de sombra, atractivo perenne, elemento de jard\u00edn de fragancias<\/p>\n<p><b>Notas de restauraci\u00f3n ecol\u00f3gica: <\/b>regeneraci\u00f3n y reforestaci\u00f3n de bosques, h\u00e1bitat de vida silvestre y apoyo a la polinizaci\u00f3n, estabilizaci\u00f3n del suelo y control de la erosi\u00f3n, adaptaci\u00f3n clim\u00e1tica y secuestro de carbono<\/p>\n<p><b>Descripci\u00f3n: <\/b>\u00c1rbol perenne con bayas utilizadas como especia.<\/p>\n<p><b>Dimensiones: <\/b>Altura: 20 &#8211; 40 pies; Extensi\u00f3n: 15 &#8211; 25 pies.<\/p>\n<p><b>Tasa de crecimiento:<\/b> Moderada a lenta<\/p>\n<p><b>Distribuci\u00f3n nativa: <\/b>Am\u00e9rica Central, Caribe, M\u00e9xico<\/p>\n<p><b>H\u00e1bitats nativos: <\/b>selvas tropicales y subtropicales<\/p>\n<p><b>Suelos: <\/b>caliza bien drenada<\/p>\n<p><b>Requisitos nutricionales: <\/b>suelos ricos en piedra caliza<\/p>\n<p><b>Tolerancia al agua salada: <\/b>De moderada a baja<\/p>\n<p><b>Tolerancia al viento salado:<\/b> moderada<\/p>\n<p><b>Tolerancia a la sequ\u00eda:<\/b> moderada<\/p>\n<p><b>Requisitos de luz:<\/b> Pleno sol<\/p>\n<p><b>Color de la flor:<\/b> Blanco cremoso<\/p>\n<p><b>Caracter\u00edsticas de la flor:<\/b> fragante<\/p>\n<p><b>Temporada de floraci\u00f3n:<\/b> Julio<\/p>\n<p><b>Fruta: <\/b>De color p\u00farpura a negro cuando est\u00e1 madura, se asemeja a una mezcla de canela, nuez moscada y clavo de olor<\/p>\n<p><b>Vida silvestre y ecolog\u00eda: <\/b>Las flores atraen a los polinizadores, las aves y los peque\u00f1os mam\u00edferos consumen las bayas, estabilizaci\u00f3n del suelo, secuestro de carbono<\/p>\n<p><b>Notas de horticultura:<\/b> Propagaci\u00f3n por semilla.<\/p>\n<p><b>Comentarios:<\/b><\/p>\n<\/div>\n<div id=\"MainContentPlaceHolder_FamilyRow\" class=\"row\"><\/div>\n<div id=\"MainContentPlaceHolder_ZoneRow\" class=\"row\"><\/div>\n<div id=\"MainContentPlaceHolder_HeightRow\" class=\"row\"><\/div>\n<div id=\"MainContentPlaceHolder_ColorTextRow\" class=\"row\"><\/div>\n<div class=\"row\"><\/div>\n","protected":false},"excerpt":{"rendered":"<p><img fetchpriority=\"high\" decoding=\"async\" class=\"alignnone size-medium wp-image-54744\" src=\"https:\/\/smartyplantsnursery.com\/wp-content\/uploads\/2023\/04\/Screenshot-2026-03-03-at-2.22.47-PM-300x185.png\" alt=\"\" width=\"300\" height=\"185\"><\/p>\n<div class=\"container\">\n<div class=\"table-container\">\n<table>\n<thead>\n<tr>\n<th>Tama\u00f1o de la maceta<\/th>\n<th>Altura media plantada (desde la tierra hasta la parte superior de la planta)<\/th>\n<th>Calibre<\/th>\n<\/tr>\n<\/thead>\n<tbody>\n<tr>\n<td>3 galones\/10&#8243;<\/td>\n<td>0,6 &#8211; 1,2 m<\/td>\n<td><\/td>\n<\/tr>\n<tr>\n<td>15 galones\/17&#8243;<\/td>\n<td>4 &#8211; 6 pies<\/td>\n<td><\/td>\n<\/tr>\n<tr>\n<td>25 galones\/21&#8243;<\/td>\n<td>1,8 &#8211; 3 m<\/td>\n<td>5 &#8211; 6 cm<\/td>\n<\/tr>\n<tr>\n<td>45 galones\/28&#8243;<\/td>\n<td>3 &#8211; 4,2 m<\/td>\n<td>5 &#8211; 7,6 cm<\/td>\n<\/tr>\n<\/tbody>\n<\/table>\n<\/div>\n<\/div>\n","protected":false},"featured_media":43379,"comment_status":"open","ping_status":"closed","template":"","meta":[],"product_brand":[],"product_cat":[344,371,311,310,353,302,374,306,326,360,361,314,335,330,307],"product_tag":[318],"class_list":{"0":"post-46291","1":"product","2":"type-product","3":"status-publish","4":"has-post-thumbnail","6":"product_cat-arbol","7":"product_cat-arbol-de-sombra","8":"product_cat-baja","9":"product_cat-bien-drenado","10":"product_cat-comestible","11":"product_cat-exotica","12":"product_cat-fragante-2","13":"product_cat-lenta","14":"product_cat-moderada-es-2","15":"product_cat-moderada-es-3","16":"product_cat-moderada-es-4","17":"product_cat-planta-de-especimen","18":"product_cat-pleno-sol","19":"product_cat-semilla","20":"product_cat-verano","21":"product_tag-blanco","22":"pa_pot-size-1-galon-6","23":"pa_pot-size-15-galones-17","24":"pa_pot-size-25-galones-21","25":"pa_pot-size-3-galones-10","26":"pa_pot-size-45-galones-28","27":"pa_pot-size-7-galones-14","30":"first","31":"instock","32":"taxable","33":"shipping-taxable","34":"purchasable","35":"product-type-variable"},"aioseo_notices":[],"_links":{"self":[{"href":"https:\/\/smartyplantsnursery.com\/es\/wp-json\/wp\/v2\/product\/46291","targetHints":{"allow":["GET"]}}],"collection":[{"href":"https:\/\/smartyplantsnursery.com\/es\/wp-json\/wp\/v2\/product"}],"about":[{"href":"https:\/\/smartyplantsnursery.com\/es\/wp-json\/wp\/v2\/types\/product"}],"replies":[{"embeddable":true,"href":"https:\/\/smartyplantsnursery.com\/es\/wp-json\/wp\/v2\/comments?post=46291"}],"wp:featuredmedia":[{"embeddable":true,"href":"https:\/\/smartyplantsnursery.com\/es\/wp-json\/wp\/v2\/media\/43379"}],"wp:attachment":[{"href":"https:\/\/smartyplantsnursery.com\/es\/wp-json\/wp\/v2\/media?parent=46291"}],"wp:term":[{"taxonomy":"product_brand","embeddable":true,"href":"https:\/\/smartyplantsnursery.com\/es\/wp-json\/wp\/v2\/product_brand?post=46291"},{"taxonomy":"product_cat","embeddable":true,"href":"https:\/\/smartyplantsnursery.com\/es\/wp-json\/wp\/v2\/product_cat?post=46291"},{"taxonomy":"product_tag","embeddable":true,"href":"https:\/\/smartyplantsnursery.com\/es\/wp-json\/wp\/v2\/product_tag?post=46291"}],"curies":[{"name":"wp","href":"https:\/\/api.w.org\/{rel}","templated":true}]}}