{"id":46302,"date":"2023-05-11T21:31:26","date_gmt":"2023-05-11T21:31:26","guid":{"rendered":"https:\/\/smartyplantsnursery.com\/product\/jazmin-confederado-enrejado-trachelospermum-jasminoides\/"},"modified":"2026-04-02T14:00:20","modified_gmt":"2026-04-02T14:00:20","slug":"jazmin-confederado-enrejado-trachelospermum-jasminoides","status":"publish","type":"product","link":"https:\/\/smartyplantsnursery.com\/es\/product\/jazmin-confederado-enrejado-trachelospermum-jasminoides\/","title":{"rendered":"Jazm\u00edn confederado (enrejado) &#8211; trachelospermum jasminoides"},"content":{"rendered":"<div>\n<p class=\"\"><b class=\"\">Usos generales en el paisajismo:<\/b> Cobertura del suelo, planta trepadora o de contenedor.<\/p>\n<p class=\"\"><b class=\"\">Notas sobre la restauraci\u00f3n ecol\u00f3gica:<\/b> Estabilizaci\u00f3n del suelo y control de la erosi\u00f3n, creaci\u00f3n de h\u00e1bitat para la vida silvestre<\/p>\n<p class=\"\"><b class=\"\">Descripci\u00f3n:<\/b> Una vigorosa enredadera de hoja perenne o arbusto trepador.<\/p>\n<p class=\"\"><b class=\"\">Dimensiones: <\/b>Altura 0,9 &#8211; 1,8 m; Extensi\u00f3n 0,9 &#8211; 1,8 m<\/p>\n<p class=\"\"><b class=\"\">Tasa de crecimiento:<\/b> moderada<\/p>\n<p class=\"\"><b class=\"\">Distribuci\u00f3n nativa:<\/b> China, Jap\u00f3n, Vietnam<\/p>\n<p class=\"\"><b class=\"\">H\u00e1bitats nativos:<\/b> Bosques, zonas costeras y sotobosques<\/p>\n<p class=\"\"><b class=\"\">Suelos: <\/b>Con buen drenaje, f\u00e9rtiles, ligeramente \u00e1cidos a neutros (pH 6 \u2013 7,5)<\/p>\n<p class=\"\"><b class=\"\">Requisitos nutricionales:<\/b> moderados<\/p>\n<p class=\"\"><b class=\"\">Tolerancia al agua salada:<\/b> baja a moderada<\/p>\n<p class=\"\"><b class=\"\">Tolerancia al viento salado:<\/b> moderada<\/p>\n<p class=\"\"><b class=\"\">Tolerancia a la sequ\u00eda:<\/b> moderada<\/p>\n<p class=\"\"><b class=\"\">Requisitos de luz:<\/b> Pleno sol a sol parcial<\/p>\n<p class=\"\"><b class=\"\">Color de la flor:<\/b> Blanco cremoso<\/p>\n<p class=\"\"><b class=\"\">Caracter\u00edsticas de la flor:<\/b> Llamativa, fragante, en forma de estrella<\/p>\n<p class=\"\"><b class=\"\">Temporada de floraci\u00f3n:<\/b> Mayo a junio<\/p>\n<p class=\"\"><b class=\"\">Fruto:<\/b> Bayas peque\u00f1as y carnosas<\/p>\n<p class=\"\"><b class=\"\">Vida silvestre y ecolog\u00eda:<\/b> Estabilizaci\u00f3n del suelo y control de la erosi\u00f3n, h\u00e1bitat para la vida silvestre y apoyo a los polinizadores<\/p>\n<p class=\"\"><b class=\"\">Notas de horticultura:<\/b> Se propaga por esquejes o acodo<\/p>\n<p class=\"\"><b class=\"\">Comentarios:<\/b><\/p>\n<\/div>\n","protected":false},"excerpt":{"rendered":"<p><img fetchpriority=\"high\" decoding=\"async\" class=\"alignnone size-medium wp-image-54744\" src=\"https:\/\/smartyplantsnursery.com\/wp-content\/uploads\/2023\/04\/Screenshot-2026-03-03-at-2.22.47-PM-300x185.webp\" alt=\"\" width=\"300\" height=\"185\"><\/p>\n<div class=\"container\">\n<div class=\"table-container\">\n<table>\n<thead>\n<tr>\n<th>Tama\u00f1o de la maceta<\/th>\n<th>Altura media plantada (desde la tierra hasta la parte superior de la planta)<\/th>\n<\/tr>\n<\/thead>\n<tbody>\n<tr>\n<td>3 galones\/10&#8243;<\/td>\n<td>2 &#8211; 3 pies<\/td>\n<\/tr>\n<tr>\n<td>7 galones\/14&#8243;<\/td>\n<td>3 &#8211; 4 pies<\/td>\n<\/tr>\n<tr>\n<td>15 galones\/17&#8243;<\/td>\n<td>4 &#8211; 6 pies<\/td>\n<\/tr>\n<tr>\n<td>25 galones\/21&#8243;<\/td>\n<td>6 &#8211; 8 pies<\/td>\n<\/tr>\n<\/tbody>\n<\/table>\n<\/div>\n<\/div>\n","protected":false},"featured_media":50633,"comment_status":"open","ping_status":"closed","template":"","meta":[],"product_brand":[],"product_cat":[343,336,311,310,317,320,315,302,374,324,313,309,360,361,326,345,335,323,303,307],"product_tag":[318],"class_list":{"0":"post-46302","1":"product","2":"type-product","3":"status-publish","4":"has-post-thumbnail","6":"product_cat-acido","7":"product_cat-acodo-aereo","8":"product_cat-baja","9":"product_cat-bien-drenado","10":"product_cat-contenedor","11":"product_cat-enredadera","12":"product_cat-esquejes","13":"product_cat-exotica","14":"product_cat-fragante-2","15":"product_cat-llamativo","16":"product_cat-moderada-es","17":"product_cat-moderada","18":"product_cat-moderada-es-3","19":"product_cat-moderada-es-4","20":"product_cat-moderada-es-2","21":"product_cat-neutro","22":"product_cat-pleno-sol","23":"product_cat-primavera","24":"product_cat-sol-parcial","25":"product_cat-verano","26":"product_tag-blanco","27":"pa_pot-size-1-galon-6","28":"pa_pot-size-15-galones-17","29":"pa_pot-size-25-galones-21","30":"pa_pot-size-3-galones-10","31":"pa_pot-size-7-galones-14","34":"first","35":"instock","36":"taxable","37":"shipping-taxable","38":"purchasable","39":"product-type-variable"},"aioseo_notices":[],"_links":{"self":[{"href":"https:\/\/smartyplantsnursery.com\/es\/wp-json\/wp\/v2\/product\/46302","targetHints":{"allow":["GET"]}}],"collection":[{"href":"https:\/\/smartyplantsnursery.com\/es\/wp-json\/wp\/v2\/product"}],"about":[{"href":"https:\/\/smartyplantsnursery.com\/es\/wp-json\/wp\/v2\/types\/product"}],"replies":[{"embeddable":true,"href":"https:\/\/smartyplantsnursery.com\/es\/wp-json\/wp\/v2\/comments?post=46302"}],"wp:featuredmedia":[{"embeddable":true,"href":"https:\/\/smartyplantsnursery.com\/es\/wp-json\/wp\/v2\/media\/50633"}],"wp:attachment":[{"href":"https:\/\/smartyplantsnursery.com\/es\/wp-json\/wp\/v2\/media?parent=46302"}],"wp:term":[{"taxonomy":"product_brand","embeddable":true,"href":"https:\/\/smartyplantsnursery.com\/es\/wp-json\/wp\/v2\/product_brand?post=46302"},{"taxonomy":"product_cat","embeddable":true,"href":"https:\/\/smartyplantsnursery.com\/es\/wp-json\/wp\/v2\/product_cat?post=46302"},{"taxonomy":"product_tag","embeddable":true,"href":"https:\/\/smartyplantsnursery.com\/es\/wp-json\/wp\/v2\/product_tag?post=46302"}],"curies":[{"name":"wp","href":"https:\/\/api.w.org\/{rel}","templated":true}]}}