{"id":46314,"date":"2023-05-03T23:52:15","date_gmt":"2023-05-03T23:52:15","guid":{"rendered":"https:\/\/smartyplantsnursery.com\/product\/viburnum-de-sandankwa-viburnum-suspensum\/"},"modified":"2026-02-05T14:26:19","modified_gmt":"2026-02-05T14:26:19","slug":"viburnum-de-sandankwa-viburnum-suspensum","status":"publish","type":"product","link":"https:\/\/smartyplantsnursery.com\/es\/product\/viburnum-de-sandankwa-viburnum-suspensum\/","title":{"rendered":"Viburnum de Sandankwa &#8211; viburnum suspensum"},"content":{"rendered":"<p class=\"\"><b class=\"\">Usos generales en el paisaje:<\/b> Setos, plantaciones de cimientos, bordes mixtos, arbusto de sotobosque<\/p>\n<p class=\"\"><b class=\"\">Notas sobre restauraci\u00f3n ecol\u00f3gica:<\/b> Paisajes urbanos, jardines costeros, setos gestionados<\/p>\n<p class=\"\"><b class=\"\">Descripci\u00f3n:<\/b> El Viburnum es un arbusto compacto con una textura \u00e1spera y un olor agradable en sus hojas. Se utiliza mejor como un seto de tama\u00f1o mediano, ya que crece bastante r\u00e1pido. <\/p>\n<p class=\"\"><b class=\"\">Dimensiones:<\/b> Altura 3 &#8211; 8 pies<\/p>\n<p class=\"\"><b class=\"\">Tasa de crecimiento:<\/b> moderada<\/p>\n<p class=\"\"><b class=\"\">Distribuci\u00f3n nativa:<\/b> Jap\u00f3n<\/p>\n<p class=\"\"><b class=\"\">H\u00e1bitats nativos:<\/b> Sotobosques de bosques subtropicales, matorrales y bordes<\/p>\n<p class=\"\"><b class=\"\">Suelos:<\/b> Bien drenados<\/p>\n<p class=\"\"><b class=\"\">Requisitos nutricionales:<\/b> moderados<\/p>\n<p class=\"\"><b class=\"\">Tolerancia al agua salada:<\/b> moderada<\/p>\n<p class=\"\"><b class=\"\">Tolerancia al viento salado:<\/b> alta<\/p>\n<p class=\"\"><b class=\"\">Tolerancia a la sequ\u00eda:<\/b> moderada<\/p>\n<p class=\"\"><b class=\"\">Requisitos de luz:<\/b> pleno sol<\/p>\n<p class=\"\"><b class=\"\">Color de la flor:<\/b> Blanco a blanco ros\u00e1ceo<\/p>\n<p class=\"\"><b class=\"\">Caracter\u00edsticas de la flor:<\/b> Peque\u00f1as, tubulares, fragantes<\/p>\n<p class=\"\"><b class=\"\">Temporada de floraci\u00f3n:<\/b> Primavera a principios de verano<\/p>\n<p class=\"\"><b class=\"\">Fruto:<\/b> Bayas rojas en oto\u00f1o que maduran a negro<\/p>\n<p class=\"\"><b class=\"\">Vida silvestre y ecolog\u00eda:<\/b> Proporciona n\u00e9ctar para los polinizadores y bayas para las aves.<\/p>\n<p class=\"\"><b class=\"\">Notas de horticultura:<\/b> Se propaga por esquejes, semillas<\/p>\n<p class=\"\"><b class=\"\">Comentarios:<\/b><\/p>\n","protected":false},"excerpt":{"rendered":"<p><img decoding=\"async\" class=\"alignnone size-medium wp-image-31863\" src=\"https:\/\/smartyplantsnursery.com\/wp-content\/uploads\/2023\/04\/Screen-Shot-2023-04-22-at-11.28.02-PM-300x134.png\" alt=\"\" width=\"300\" height=\"134\"><\/p>\n<div class=\"container\">\n<div class=\"table-container\">\n<table>\n<thead>\n<tr>\n<th>Tama\u00f1o de la maceta<\/th>\n<th>Altura media plantada (desde la tierra hasta la parte superior de la planta)<\/th>\n<\/tr>\n<\/thead>\n<tbody>\n<tr>\n<td>1 gal\u00f3n\/6&#8243;<\/td>\n<td>0 &#8211; 1 ft.<\/td>\n<\/tr>\n<tr>\n<td>3 galones\/10&#8243;<\/td>\n<td>1 &#8211; 2 pies<\/td>\n<\/tr>\n<tr>\n<td>7 galones\/14&#8243;<\/td>\n<td>0,6 &#8211; 0,9 m<\/td>\n<\/tr>\n<tr>\n<td>15 galones\/17&#8243;<\/td>\n<td>0,9 &#8211; 1,2 m<\/td>\n<\/tr>\n<tr>\n<td>25 galones\/21&#8243;<\/td>\n<td>4 &#8211; 6 pies<\/td>\n<\/tr>\n<\/tbody>\n<\/table>\n<\/div>\n<\/div>\n","protected":false},"featured_media":47880,"comment_status":"open","ping_status":"closed","template":"","meta":[],"product_brand":[],"product_cat":[362,304,310,375,315,302,374,360,326,313,309,316,335,323,330,332,377,333,307],"product_tag":[318],"class_list":{"0":"post-46314","1":"product","2":"type-product","3":"status-publish","4":"has-post-thumbnail","6":"product_cat-alta-es-2","7":"product_cat-arbusto","8":"product_cat-bien-drenado","9":"product_cat-borde","10":"product_cat-esquejes","11":"product_cat-exotica","12":"product_cat-fragante-2","13":"product_cat-moderada-es-3","14":"product_cat-moderada-es-2","15":"product_cat-moderada-es","16":"product_cat-moderada","17":"product_cat-pequena","18":"product_cat-pleno-sol","19":"product_cat-primavera","20":"product_cat-semilla","21":"product_cat-seto","22":"product_cat-sotobosque","23":"product_cat-tubular-es","24":"product_cat-verano","25":"product_tag-blanco","26":"pa_pot-size-1-galon-6","27":"pa_pot-size-15-galones-17","28":"pa_pot-size-25-galones-21","29":"pa_pot-size-3-galones-10","30":"pa_pot-size-7-galones-14","33":"first","34":"instock","35":"taxable","36":"shipping-taxable","37":"purchasable","38":"product-type-variable"},"aioseo_notices":[],"_links":{"self":[{"href":"https:\/\/smartyplantsnursery.com\/es\/wp-json\/wp\/v2\/product\/46314","targetHints":{"allow":["GET"]}}],"collection":[{"href":"https:\/\/smartyplantsnursery.com\/es\/wp-json\/wp\/v2\/product"}],"about":[{"href":"https:\/\/smartyplantsnursery.com\/es\/wp-json\/wp\/v2\/types\/product"}],"replies":[{"embeddable":true,"href":"https:\/\/smartyplantsnursery.com\/es\/wp-json\/wp\/v2\/comments?post=46314"}],"wp:featuredmedia":[{"embeddable":true,"href":"https:\/\/smartyplantsnursery.com\/es\/wp-json\/wp\/v2\/media\/47880"}],"wp:attachment":[{"href":"https:\/\/smartyplantsnursery.com\/es\/wp-json\/wp\/v2\/media?parent=46314"}],"wp:term":[{"taxonomy":"product_brand","embeddable":true,"href":"https:\/\/smartyplantsnursery.com\/es\/wp-json\/wp\/v2\/product_brand?post=46314"},{"taxonomy":"product_cat","embeddable":true,"href":"https:\/\/smartyplantsnursery.com\/es\/wp-json\/wp\/v2\/product_cat?post=46314"},{"taxonomy":"product_tag","embeddable":true,"href":"https:\/\/smartyplantsnursery.com\/es\/wp-json\/wp\/v2\/product_tag?post=46314"}],"curies":[{"name":"wp","href":"https:\/\/api.w.org\/{rel}","templated":true}]}}