{"id":46333,"date":"2023-05-04T13:37:29","date_gmt":"2023-05-04T13:37:29","guid":{"rendered":"https:\/\/smartyplantsnursery.com\/product\/instalacion-de-jardines\/"},"modified":"2026-01-07T20:12:55","modified_gmt":"2026-01-07T20:12:55","slug":"instalacion-de-jardines","status":"publish","type":"product","link":"https:\/\/smartyplantsnursery.com\/es\/product\/instalacion-de-jardines\/","title":{"rendered":"Instalaci\u00f3n de jardines"},"content":{"rendered":"<p>Las plantas se instalar\u00e1n cuando se entreguen.<\/p>\n<p>Debes tener a alguien en el lugar de la instalaci\u00f3n para mostrarle a Smarty Plants Nursery d\u00f3nde quieres que se instalen tus plantas o, si no puedes estar all\u00ed, puedes marcar d\u00f3nde se van a instalar.<\/p>\n<p>El \u00e1rea debe estar limpia para que Smarty Plants Nursery solo tenga que cavar el hoyo y colocar la planta en \u00e9l.<\/p>\n","protected":false},"excerpt":{"rendered":"<p><img decoding=\"async\" class=\"alignnone size-medium wp-image-31863\" src=\"https:\/\/smartyplantsnursery.com\/wp-content\/uploads\/2023\/04\/Screen-Shot-2023-04-22-at-11.28.02-PM-300x134.png\" alt=\"\" width=\"300\" height=\"134\"><\/p>\n","protected":false},"featured_media":42424,"comment_status":"open","ping_status":"closed","template":"","meta":[],"product_brand":[],"product_cat":[291],"product_tag":[],"class_list":{"0":"post-46333","1":"product","2":"type-product","3":"status-publish","4":"has-post-thumbnail","6":"product_cat-sin-categoria","7":"pa_pot-size-1-galon-6","8":"pa_pot-size-100-galones-36","9":"pa_pot-size-15-galones-17","10":"pa_pot-size-200-galones-48","11":"pa_pot-size-25-galones-21","12":"pa_pot-size-3-galones-10","13":"pa_pot-size-45-galones-28","14":"pa_pot-size-65-galones-32","15":"pa_pot-size-7-galones-14","18":"first","19":"instock","20":"taxable","21":"shipping-taxable","22":"purchasable","23":"product-type-variable"},"aioseo_notices":[],"_links":{"self":[{"href":"https:\/\/smartyplantsnursery.com\/es\/wp-json\/wp\/v2\/product\/46333","targetHints":{"allow":["GET"]}}],"collection":[{"href":"https:\/\/smartyplantsnursery.com\/es\/wp-json\/wp\/v2\/product"}],"about":[{"href":"https:\/\/smartyplantsnursery.com\/es\/wp-json\/wp\/v2\/types\/product"}],"replies":[{"embeddable":true,"href":"https:\/\/smartyplantsnursery.com\/es\/wp-json\/wp\/v2\/comments?post=46333"}],"wp:featuredmedia":[{"embeddable":true,"href":"https:\/\/smartyplantsnursery.com\/es\/wp-json\/wp\/v2\/media\/42424"}],"wp:attachment":[{"href":"https:\/\/smartyplantsnursery.com\/es\/wp-json\/wp\/v2\/media?parent=46333"}],"wp:term":[{"taxonomy":"product_brand","embeddable":true,"href":"https:\/\/smartyplantsnursery.com\/es\/wp-json\/wp\/v2\/product_brand?post=46333"},{"taxonomy":"product_cat","embeddable":true,"href":"https:\/\/smartyplantsnursery.com\/es\/wp-json\/wp\/v2\/product_cat?post=46333"},{"taxonomy":"product_tag","embeddable":true,"href":"https:\/\/smartyplantsnursery.com\/es\/wp-json\/wp\/v2\/product_tag?post=46333"}],"curies":[{"name":"wp","href":"https:\/\/api.w.org\/{rel}","templated":true}]}}