{"id":46348,"date":"2023-05-03T23:37:22","date_gmt":"2023-05-03T23:37:22","guid":{"rendered":"https:\/\/smartyplantsnursery.com\/product\/lluvia-de-oro-galphimia-gracilis-lluvia-de-oro-thryallis-dorado-thryallis-glauca-galphimia-glauca\/"},"modified":"2025-12-19T21:40:46","modified_gmt":"2025-12-19T21:40:46","slug":"lluvia-de-oro-galphimia-gracilis-lluvia-de-oro-thryallis-dorado-thryallis-glauca-galphimia-glauca","status":"publish","type":"product","link":"https:\/\/smartyplantsnursery.com\/es\/product\/lluvia-de-oro-galphimia-gracilis-lluvia-de-oro-thryallis-dorado-thryallis-glauca-galphimia-glauca\/","title":{"rendered":"Lluvia de oro, galphimia gracilis, lluvia de oro, thryallis dorado, thryallis glauca &#8211; galphimia glauca"},"content":{"rendered":"<p class=\"\"><b class=\"\">Usos generales en el paisaje:<\/b> Jardines, setos<\/p>\n<p class=\"\"><b class=\"\">Notas sobre restauraci\u00f3n ecol\u00f3gica:<\/b> Estabilizaci\u00f3n del suelo y control de la erosi\u00f3n, apoyo a los polinizadores y mejora de la biodiversidad, resistencia a la sequ\u00eda y adaptaci\u00f3n, restauraci\u00f3n del h\u00e1bitat<\/p>\n<p class=\"\"><b class=\"\">Descripci\u00f3n:<\/b> Thryallis es un arbusto que se vuelve frondoso y tiene una flor amarilla que cubre el arbusto durante todo el a\u00f1o. Se utiliza mejor como arbusto de fondo con color o para rellenar un \u00e1rea vac\u00eda f\u00e1cilmente. Necesita pleno sol o, de lo contrario, puede tender a ponerse \u201cpatilargo\u201d en la parte inferior. Es una planta muy resistente y f\u00e1cil de cultivar en Florida.   <\/p>\n<p class=\"\"><b class=\"\">Dimensiones:<\/b> Altura: 1,80 m<\/p>\n<p class=\"\"><b class=\"\">Tasa de crecimiento:<\/b> De moderada a r\u00e1pida<\/p>\n<p class=\"\"><b class=\"\">Distribuci\u00f3n nativa:<\/b> M\u00e9xico, Am\u00e9rica Central<\/p>\n<p class=\"\"><b class=\"\">H\u00e1bitats nativos:<\/b> Bosques secos, sabanas<\/p>\n<p class=\"\"><b class=\"\">Suelos:<\/b> Bien drenados, arenosos o limosos, pH 6 &#8211; 7,5 (neutro a ligeramente \u00e1cido)<\/p>\n<p class=\"\"><b class=\"\">Requisitos nutricionales:<\/b> moderados<\/p>\n<p class=\"\"><b class=\"\">Tolerancia al agua salada:<\/b> moderada<\/p>\n<p class=\"\"><b class=\"\">Tolerancia al viento salado:<\/b> moderada<\/p>\n<p class=\"\"><b class=\"\">Tolerancia a la sequ\u00eda:<\/b> moderada<\/p>\n<p class=\"\"><b class=\"\">Requisitos de luz:<\/b> pleno sol a sol parcial<\/p>\n<p class=\"\"><b class=\"\">Color de la flor:<\/b> amarillo<\/p>\n<p class=\"\"><b class=\"\">Caracter\u00edsticas de la flor:<\/b> peque\u00f1a<\/p>\n<p class=\"\"><b class=\"\">Temporada de floraci\u00f3n:<\/b> Todo el a\u00f1o<\/p>\n<p class=\"\"><b class=\"\">Fruto:<\/b> Peque\u00f1o, seco, dehiscente, verde y se vuelve marr\u00f3n a medida que madura<\/p>\n<p class=\"\"><b class=\"\">Vida silvestre y ecolog\u00eda:<\/b> Apoyo a los polinizadores, refugio y cobertura para insectos y animales peque\u00f1os, resistencia a la sequ\u00eda y al fuego<\/p>\n<p class=\"\"><b class=\"\">Notas de horticultura:<\/b> Se cultiva a partir de semillas, esquejes<\/p>\n<p class=\"\"><b class=\"\">Comentarios:<\/b><\/p>\n","protected":false},"excerpt":{"rendered":"<p><img decoding=\"async\" class=\"alignnone size-medium wp-image-31863\" src=\"https:\/\/smartyplantsnursery.com\/wp-content\/uploads\/2023\/04\/Screen-Shot-2023-04-22-at-11.28.02-PM-300x134.png\" alt=\"\" width=\"300\" height=\"134\"><\/p>\n<div class=\"container\">\n<div class=\"table-container\">\n<table>\n<thead>\n<tr>\n<th>Tama\u00f1o de la maceta<\/th>\n<th>Altura media plantada (desde la tierra hasta la parte superior de la planta)<\/th>\n<\/tr>\n<\/thead>\n<tbody>\n<tr>\n<td>3 galones\/10&#8243;<\/td>\n<td>1 &#8211; 2 pies<\/td>\n<\/tr>\n<tr>\n<td>7 galones\/14&#8243;<\/td>\n<td>0,6 &#8211; 0,9 m<\/td>\n<\/tr>\n<\/tbody>\n<\/table>\n<\/div>\n<\/div>\n","protected":false},"featured_media":44003,"comment_status":"open","ping_status":"closed","template":"","meta":[],"product_brand":[],"product_cat":[343,304,359,310,315,302,369,355,309,361,326,360,345,308,316,335,323,322,330,332,307],"product_tag":[319],"class_list":{"0":"post-46348","1":"product","2":"type-product","3":"status-publish","4":"has-post-thumbnail","6":"product_cat-acido","7":"product_cat-arbusto","8":"product_cat-arena","9":"product_cat-bien-drenado","10":"product_cat-esquejes","11":"product_cat-exotica","12":"product_cat-franco","13":"product_cat-invierno","14":"product_cat-moderada","15":"product_cat-moderada-es-4","16":"product_cat-moderada-es-2","17":"product_cat-moderada-es-3","18":"product_cat-neutro","19":"product_cat-otono","20":"product_cat-pequena","21":"product_cat-pleno-sol","22":"product_cat-primavera","23":"product_cat-rapido","24":"product_cat-semilla","25":"product_cat-seto","26":"product_cat-verano","27":"product_tag-amarillo","28":"pa_pot-size-1-galon-6","29":"pa_pot-size-3-galones-10","30":"pa_pot-size-7-galones-14","33":"first","34":"instock","35":"taxable","36":"shipping-taxable","37":"purchasable","38":"product-type-variable"},"aioseo_notices":[],"_links":{"self":[{"href":"https:\/\/smartyplantsnursery.com\/es\/wp-json\/wp\/v2\/product\/46348","targetHints":{"allow":["GET"]}}],"collection":[{"href":"https:\/\/smartyplantsnursery.com\/es\/wp-json\/wp\/v2\/product"}],"about":[{"href":"https:\/\/smartyplantsnursery.com\/es\/wp-json\/wp\/v2\/types\/product"}],"replies":[{"embeddable":true,"href":"https:\/\/smartyplantsnursery.com\/es\/wp-json\/wp\/v2\/comments?post=46348"}],"wp:featuredmedia":[{"embeddable":true,"href":"https:\/\/smartyplantsnursery.com\/es\/wp-json\/wp\/v2\/media\/44003"}],"wp:attachment":[{"href":"https:\/\/smartyplantsnursery.com\/es\/wp-json\/wp\/v2\/media?parent=46348"}],"wp:term":[{"taxonomy":"product_brand","embeddable":true,"href":"https:\/\/smartyplantsnursery.com\/es\/wp-json\/wp\/v2\/product_brand?post=46348"},{"taxonomy":"product_cat","embeddable":true,"href":"https:\/\/smartyplantsnursery.com\/es\/wp-json\/wp\/v2\/product_cat?post=46348"},{"taxonomy":"product_tag","embeddable":true,"href":"https:\/\/smartyplantsnursery.com\/es\/wp-json\/wp\/v2\/product_tag?post=46348"}],"curies":[{"name":"wp","href":"https:\/\/api.w.org\/{rel}","templated":true}]}}