{"id":46361,"date":"2023-05-03T23:31:00","date_gmt":"2023-05-03T23:31:00","guid":{"rendered":"https:\/\/smartyplantsnursery.com\/product\/texas-sage-cenizo-arbusto-barometro-hoja-plateada-salvia-purpura-texas-ranger-leucophyllum-frutescens\/"},"modified":"2026-02-12T14:31:43","modified_gmt":"2026-02-12T14:31:43","slug":"texas-sage-cenizo-arbusto-barometro-hoja-plateada-salvia-purpura-texas-ranger-leucophyllum-frutescens","status":"publish","type":"product","link":"https:\/\/smartyplantsnursery.com\/es\/product\/texas-sage-cenizo-arbusto-barometro-hoja-plateada-salvia-purpura-texas-ranger-leucophyllum-frutescens\/","title":{"rendered":"Texas Sage, cenizo, arbusto bar\u00f3metro, hoja plateada, salvia p\u00farpura, Texas ranger &#8211; leucophyllum frutescens"},"content":{"rendered":"<p class=\"\"><b class=\"\">Usos generales en el paisaje:<\/b> Seto y pantalla, jard\u00edn des\u00e9rtico, jard\u00edn de polinizadores, plantaci\u00f3n costera, borde de bajo mantenimiento<\/p>\n<p class=\"\"><b class=\"\">Notas sobre la restauraci\u00f3n ecol\u00f3gica:<\/b> Restauraci\u00f3n de tierras secas y pastizales, control de la erosi\u00f3n y apoyo a los polinizadores<\/p>\n<p class=\"\"><b class=\"\">Descripci\u00f3n:<\/b> Texas Sage tiene un tinte plateado en las hojas y produce una flor p\u00farpura. Es una de las plantas m\u00e1s resistentes, ya que puede soportar desde sequ\u00edas hasta heladas. Ideal para un seto peque\u00f1o.  <\/p>\n<p class=\"\"><b class=\"\">Dimensiones:<\/b> Altura 1,2 m; Extensi\u00f3n 1,5 &#8211; 2,4 m<\/p>\n<p class=\"\"><b class=\"\">Tasa de crecimiento:<\/b> moderada<\/p>\n<p class=\"\"><b class=\"\">Distribuci\u00f3n nativa:<\/b> Texas, Nuevo M\u00e9xico, norte de M\u00e9xico<\/p>\n<p class=\"\"><b class=\"\">H\u00e1bitats nativos:<\/b> Desierto, matorrales, laderas rocosas secas<\/p>\n<p class=\"\"><b class=\"\">Suelos:<\/b> Bien drenados, alcalinos<\/p>\n<p class=\"\"><b class=\"\">Requisitos nutricionales:<\/b> bajos<\/p>\n<p class=\"\"><b class=\"\">Tolerancia al agua salada:<\/b> moderada<\/p>\n<p class=\"\"><b class=\"\">Tolerancia al viento salino:<\/b> De moderada a alta<\/p>\n<p class=\"\"><b class=\"\">Tolerancia a la sequ\u00eda:<\/b> alta<\/p>\n<p class=\"\"><b class=\"\">Requisitos de luz:<\/b> pleno sol<\/p>\n<p class=\"\"><b class=\"\">Color de la flor:<\/b> p\u00farpura<\/p>\n<p class=\"\"><b class=\"\">Caracter\u00edsticas de la flor:<\/b> En forma de embudo<\/p>\n<p class=\"\"><b class=\"\">Temporada de floraci\u00f3n:<\/b> De primavera a oto\u00f1o<\/p>\n<p class=\"\"><b class=\"\">Fruto:<\/b> C\u00e1psulas de semillas peque\u00f1as y secas<\/p>\n<p class=\"\"><b class=\"\">Vida silvestre y ecolog\u00eda:<\/b> Atracci\u00f3n de polinizadores, cobertura para la vida silvestre<\/p>\n<p class=\"\"><b class=\"\">Notas de horticultura:<\/b> Cultivado a partir de semillas, esquejes, acodo a\u00e9reo, divisi\u00f3n<\/p>\n<p class=\"\"><b class=\"\">Comentarios:<\/b><\/p>\n","protected":false},"excerpt":{"rendered":"<p><img decoding=\"async\" class=\"alignnone size-medium wp-image-31863\" src=\"https:\/\/smartyplantsnursery.com\/wp-content\/uploads\/2023\/04\/Screen-Shot-2023-04-22-at-11.28.02-PM-300x134.png\" alt=\"\" width=\"300\" height=\"134\"><\/p>\n<div class=\"container\">\n<div class=\"table-container\">\n<table>\n<thead>\n<tr>\n<th>Tama\u00f1o de la maceta<\/th>\n<th>Altura media plantada (desde la tierra hasta la parte superior de la planta)<\/th>\n<\/tr>\n<\/thead>\n<tbody>\n<tr>\n<td>1 gal\u00f3n\/6&#8243;<\/td>\n<td>0 &#8211; 1 ft.<\/td>\n<\/tr>\n<tr>\n<td>3 galones\/10&#8243;<\/td>\n<td>1 &#8211; 2 pies<\/td>\n<\/tr>\n<tr>\n<td>7 galones\/14&#8243;<\/td>\n<td>0,6 &#8211; 0,9 m<\/td>\n<\/tr>\n<\/tbody>\n<\/table>\n<\/div>\n<\/div>\n","protected":false},"featured_media":51781,"comment_status":"open","ping_status":"closed","template":"","meta":[],"product_brand":[],"product_cat":[336,380,340,362,304,357,310,375,384,331,315,302,326,360,361,308,378,358,335,323,330,332],"product_tag":[338],"class_list":{"0":"post-46361","1":"product","2":"type-product","3":"status-publish","4":"has-post-thumbnail","6":"product_cat-acodo-aereo","7":"product_cat-alcalino","8":"product_cat-alta","9":"product_cat-alta-es-2","10":"product_cat-arbusto","11":"product_cat-baja-es-3","12":"product_cat-bien-drenado","13":"product_cat-borde","14":"product_cat-costero","15":"product_cat-division-es","16":"product_cat-esquejes","17":"product_cat-exotica","18":"product_cat-moderada-es-2","19":"product_cat-moderada-es-3","20":"product_cat-moderada-es-4","21":"product_cat-otono","22":"product_cat-pantalla","23":"product_cat-plantas-para-mariposas-plantas-para-polinizadores","24":"product_cat-pleno-sol","25":"product_cat-primavera","26":"product_cat-semilla","27":"product_cat-seto","28":"product_tag-morado","29":"pa_pot-size-1-galon-6","30":"pa_pot-size-3-galones-10","31":"pa_pot-size-7-galones-14","34":"first","35":"instock","36":"taxable","37":"shipping-taxable","38":"purchasable","39":"product-type-variable"},"aioseo_notices":[],"_links":{"self":[{"href":"https:\/\/smartyplantsnursery.com\/es\/wp-json\/wp\/v2\/product\/46361","targetHints":{"allow":["GET"]}}],"collection":[{"href":"https:\/\/smartyplantsnursery.com\/es\/wp-json\/wp\/v2\/product"}],"about":[{"href":"https:\/\/smartyplantsnursery.com\/es\/wp-json\/wp\/v2\/types\/product"}],"replies":[{"embeddable":true,"href":"https:\/\/smartyplantsnursery.com\/es\/wp-json\/wp\/v2\/comments?post=46361"}],"wp:featuredmedia":[{"embeddable":true,"href":"https:\/\/smartyplantsnursery.com\/es\/wp-json\/wp\/v2\/media\/51781"}],"wp:attachment":[{"href":"https:\/\/smartyplantsnursery.com\/es\/wp-json\/wp\/v2\/media?parent=46361"}],"wp:term":[{"taxonomy":"product_brand","embeddable":true,"href":"https:\/\/smartyplantsnursery.com\/es\/wp-json\/wp\/v2\/product_brand?post=46361"},{"taxonomy":"product_cat","embeddable":true,"href":"https:\/\/smartyplantsnursery.com\/es\/wp-json\/wp\/v2\/product_cat?post=46361"},{"taxonomy":"product_tag","embeddable":true,"href":"https:\/\/smartyplantsnursery.com\/es\/wp-json\/wp\/v2\/product_tag?post=46361"}],"curies":[{"name":"wp","href":"https:\/\/api.w.org\/{rel}","templated":true}]}}