{"id":46388,"date":"2023-05-03T22:26:23","date_gmt":"2023-05-03T22:26:23","guid":{"rendered":"https:\/\/smartyplantsnursery.com\/product\/sansevieria-lengua-de-suegra-canamo-de-arco-sansevieria-trifasciata-laurentii\/"},"modified":"2026-02-10T13:22:48","modified_gmt":"2026-02-10T13:22:48","slug":"sansevieria-lengua-de-suegra-canamo-de-arco-sansevieria-trifasciata-laurentii","status":"publish","type":"product","link":"https:\/\/smartyplantsnursery.com\/es\/product\/sansevieria-lengua-de-suegra-canamo-de-arco-sansevieria-trifasciata-laurentii\/","title":{"rendered":"Sansevieria, lengua de suegra, c\u00e1\u00f1amo de arco &#8211; sansevieria trifasciata \u201claurentii\u201d"},"content":{"rendered":"<p class=\"\"><b class=\"\">Usos generales en el paisajismo: <\/b>Planta de acento, xerojardiner\u00eda, plantaci\u00f3n en contenedores, bordes, jardines tropicales<\/p>\n<p class=\"\"><b class=\"\">Notas sobre la restauraci\u00f3n ecol\u00f3gica:<\/b> No recomendado<\/p>\n<p class=\"\"><b class=\"\">Descripci\u00f3n: <\/b>F\u00e1cil de cultivar a plena sombra o en la casa. Esta planta se extender\u00e1 y rellenar\u00e1 un \u00e1rea. <\/p>\n<p class=\"\"><b class=\"\">Dimensiones: <\/b>Altura 1,2 m; Extensi\u00f3n 0,15 &#8211; 0,3 m<\/p>\n<p class=\"\"><b class=\"\">Tasa de crecimiento:<\/b> Lento a moderado<\/p>\n<p class=\"\"><b class=\"\">Distribuci\u00f3n nativa:<\/b> \u00c1frica Occidental<\/p>\n<p class=\"\"><b class=\"\">H\u00e1bitats nativos: <\/b>Bosques secos tropicales, sabanas rocosas<\/p>\n<p class=\"\"><b class=\"\">Suelos: <\/b>Con buen drenaje, arenosos o arenosos<\/p>\n<p class=\"\"><b class=\"\">Requisitos nutricionales:<\/b> bajos<\/p>\n<p class=\"\"><b class=\"\">Tolerancia al agua salada:<\/b> baja<\/p>\n<p class=\"\"><b class=\"\">Tolerancia al viento salado:<\/b> baja<\/p>\n<p class=\"\"><b class=\"\">Tolerancia a la sequ\u00eda:<\/b> de alta a moderada<\/p>\n<p class=\"\"><b class=\"\">Requisitos de luz:<\/b> pleno sol a sombra<\/p>\n<p class=\"\"><b class=\"\">Color de la flor:<\/b> Blanco<\/p>\n<p class=\"\"><b class=\"\">Caracter\u00edsticas de la flor:<\/b> Peque\u00f1a, fragante<\/p>\n<p class=\"\"><b class=\"\">Temporada de floraci\u00f3n:<\/b> Primavera a principios de verano<\/p>\n<p class=\"\"><b class=\"\">Fruto: <\/b>Baya peque\u00f1a y carnosa, de color naranja a naranja rojizo cuando est\u00e1 madura<\/p>\n<p class=\"\"><b class=\"\">Fauna y ecolog\u00eda: <\/b>Puede proporcionar cobertura para peque\u00f1os animales o insectos, pero no es una fuente de alimento principal<\/p>\n<p class=\"\"><b class=\"\">Notas de horticultura:<\/b> Se propaga por divisi\u00f3n de rizomas, esquejes<\/p>\n<p class=\"\"><b class=\"\">Comentarios: <\/b><\/p>\n","protected":false},"excerpt":{"rendered":"<p><img decoding=\"async\" class=\"alignnone size-medium wp-image-31863\" src=\"https:\/\/smartyplantsnursery.com\/wp-content\/uploads\/2023\/04\/Screen-Shot-2023-04-22-at-11.28.02-PM-300x134.png\" alt=\"\" width=\"300\" height=\"134\"><\/p>\n<div class=\"container\">\n<div class=\"table-container\">\n<table>\n<thead>\n<tr>\n<th>Tama\u00f1o de la maceta<\/th>\n<th>Altura media plantada (desde la tierra hasta la parte superior de la planta)<\/th>\n<\/tr>\n<\/thead>\n<tbody>\n<tr>\n<td>1 gal\u00f3n\/6&#8243;<\/td>\n<td>0 &#8211; 1 ft.<\/td>\n<\/tr>\n<tr>\n<td>3 galones\/10&#8243;<\/td>\n<td>1 &#8211; 2 pies<\/td>\n<\/tr>\n<tr>\n<td>7 galones\/14&#8243;<\/td>\n<td>0,6 &#8211; 0,9 m<\/td>\n<\/tr>\n<\/tbody>\n<\/table>\n<\/div>\n<\/div>\n","protected":false},"featured_media":48101,"comment_status":"open","ping_status":"closed","template":"","meta":[],"product_brand":[],"product_cat":[340,359,312,311,357,310,375,317,331,315,302,374,305,306,313,326,316,334,335,323,303,349,339,307,342],"product_tag":[318],"class_list":{"0":"post-46388","1":"product","2":"type-product","3":"status-publish","4":"has-post-thumbnail","6":"product_cat-alta","7":"product_cat-arena","8":"product_cat-baja-es","9":"product_cat-baja","10":"product_cat-baja-es-3","11":"product_cat-bien-drenado","12":"product_cat-borde","13":"product_cat-contenedor","14":"product_cat-division-es","15":"product_cat-esquejes","16":"product_cat-exotica","17":"product_cat-fragante-2","18":"product_cat-interior","19":"product_cat-lenta","20":"product_cat-moderada-es","21":"product_cat-moderada-es-2","22":"product_cat-pequena","23":"product_cat-planta-de-acento","24":"product_cat-pleno-sol","25":"product_cat-primavera","26":"product_cat-sol-parcial","27":"product_cat-sombra","28":"product_cat-suculenta","29":"product_cat-verano","30":"product_cat-xerojardin","31":"product_tag-blanco","32":"pa_pot-size-1-galon-6","33":"pa_pot-size-3-galones-10","34":"pa_pot-size-7-galones-14","37":"first","38":"instock","39":"taxable","40":"shipping-taxable","41":"purchasable","42":"product-type-variable"},"aioseo_notices":[],"_links":{"self":[{"href":"https:\/\/smartyplantsnursery.com\/es\/wp-json\/wp\/v2\/product\/46388","targetHints":{"allow":["GET"]}}],"collection":[{"href":"https:\/\/smartyplantsnursery.com\/es\/wp-json\/wp\/v2\/product"}],"about":[{"href":"https:\/\/smartyplantsnursery.com\/es\/wp-json\/wp\/v2\/types\/product"}],"replies":[{"embeddable":true,"href":"https:\/\/smartyplantsnursery.com\/es\/wp-json\/wp\/v2\/comments?post=46388"}],"wp:featuredmedia":[{"embeddable":true,"href":"https:\/\/smartyplantsnursery.com\/es\/wp-json\/wp\/v2\/media\/48101"}],"wp:attachment":[{"href":"https:\/\/smartyplantsnursery.com\/es\/wp-json\/wp\/v2\/media?parent=46388"}],"wp:term":[{"taxonomy":"product_brand","embeddable":true,"href":"https:\/\/smartyplantsnursery.com\/es\/wp-json\/wp\/v2\/product_brand?post=46388"},{"taxonomy":"product_cat","embeddable":true,"href":"https:\/\/smartyplantsnursery.com\/es\/wp-json\/wp\/v2\/product_cat?post=46388"},{"taxonomy":"product_tag","embeddable":true,"href":"https:\/\/smartyplantsnursery.com\/es\/wp-json\/wp\/v2\/product_tag?post=46388"}],"curies":[{"name":"wp","href":"https:\/\/api.w.org\/{rel}","templated":true}]}}