{"id":46410,"date":"2023-05-03T22:03:19","date_gmt":"2023-05-03T22:03:19","guid":{"rendered":"https:\/\/smartyplantsnursery.com\/product\/escorpioncillo-heliotropium-angiospermum\/"},"modified":"2026-03-07T14:00:11","modified_gmt":"2026-03-07T14:00:11","slug":"escorpioncillo-heliotropium-angiospermum","status":"publish","type":"product","link":"https:\/\/smartyplantsnursery.com\/es\/product\/escorpioncillo-heliotropium-angiospermum\/","title":{"rendered":"Escorpioncillo &#8211; heliotropium angiospermum"},"content":{"rendered":"<p><b>Usos generales en el paisaje:<\/b> Recomendado principalmente para paisajes naturales y restauraciones de h\u00e1bitats. Tambi\u00e9n para jardines de mariposas. <\/p>\n<p><b>Notas de restauraci\u00f3n ecol\u00f3gica:<\/b> Hierba ocasional y algo invasiva del sotobosque en hamacas costeras y matorrales.<\/p>\n<p><b>Descripci\u00f3n:<\/b> Hierba silvestre de tama\u00f1o mediano, de corta duraci\u00f3n, con aspecto de arbusto.<\/p>\n<p><b>Dimensiones:<\/b> Normalmente de 1 a 3 pies de altura. Generalmente m\u00e1s alta que ancha, pero a veces extendi\u00e9ndose o cayendo y m\u00e1s ancha que alta. <\/p>\n<p><b>Tasa de crecimiento:<\/b> r\u00e1pida.<\/p>\n<p><b>Distribuci\u00f3n:<\/b> Desde los Cayos del Condado de Monroe hacia el norte, principalmente a lo largo de las costas hasta los condados de Volusia, Hillsborough y Pinellas; sur de Texas, Indias Occidentales, M\u00e9xico, Am\u00e9rica Central y Am\u00e9rica del Sur.<\/p>\n<p><b>H\u00e1bitats:<\/b> Hamacas y sitios perturbados.<\/p>\n<p><b>Suelos:<\/b> Suelos arenosos o calizos h\u00famedos, bien drenados a moderadamente bien drenados, con una capa superior de humus.<\/p>\n<p><b>Requisitos nutricionales:<\/b> Moderado; puede crecer en suelos pobres en nutrientes, pero necesita algo de contenido org\u00e1nico para prosperar.<\/p>\n<p><b>Tolerancia al agua salada:<\/b> Moderada; tolera agua salobre o inundaciones ocasionales por agua salada.<\/p>\n<p><b>Tolerancia al viento salino:<\/b> Moderada; crece cerca del agua salada, pero est\u00e1 protegido de la pulverizaci\u00f3n directa de sal por otra vegetaci\u00f3n.<\/p>\n<p><b>Tolerancia a la sequ\u00eda:<\/b> Moderada; generalmente requiere suelos h\u00famedos, pero es tolerante a cortos per\u00edodos de sequ\u00eda una vez establecido.<\/p>\n<p><b>Requisitos de luz:<\/b> Sombra ligera a pleno sol.<\/p>\n<p><b>Color de la flor:<\/b> Blanco.<\/p>\n<p><b>Caracter\u00edsticas de la flor:<\/b> vistosa.<\/p>\n<p><b>Temporada de floraci\u00f3n:<\/b> Todo el a\u00f1o.<\/p>\n<p><b>Fruto:<\/b> Agregado discreto de 4 n\u00faculas.<\/p>\n<p><b>Fauna y ecolog\u00eda:<\/b> <strong>Planta de n\u00e9ctar<\/strong> para la mariposa papilio bahamensis (<i>Heraclides andraemon<\/i>), la azur cassius (<i>Leptotes cassius<\/i>), la blanca de Florida (<i>Appias drusilla<\/i>), la mariposa gris estriada (<i>Strymon melinus<\/i>), la gran blanca del sur (<i>Ascia monuste<\/i>), la fritillaria del Golfo (<i>Agraulis vanilla<\/i>), la miami blue (<i>Cyclargus thomasi bethunebakeri<\/i>), la reina (<i>Danaus gilippus<\/i>), la daga rojiza (<i>Marpesia petreus<\/i>), la schaus&#8217; swallowtail (<i>Heraclides aristodemus<\/i>) y otras mariposas.<\/p>\n<p><b>Notas de horticultura:<\/b> Se puede cultivar a partir de semillas.<\/p>\n<p><b>Comentarios:<\/b> Se reproduce f\u00e1cilmente a partir de semillas en el jard\u00edn, pero rara vez se convierte en una mala hierba.<\/p>\n","protected":false},"excerpt":{"rendered":"<p><img decoding=\"async\" class=\"alignnone size-medium wp-image-31863\" src=\"https:\/\/smartyplantsnursery.com\/wp-content\/uploads\/2023\/04\/Screen-Shot-2023-04-22-at-11.28.02-PM-300x134.png\" alt=\"\" width=\"300\" height=\"134\"><\/p>\n<div class=\"container\">\n<div class=\"table-container\">\n<table>\n<thead>\n<tr>\n<th>Tama\u00f1o de la maceta<\/th>\n<th>Altura media plantada (desde la tierra hasta la parte superior de la planta)<\/th>\n<\/tr>\n<\/thead>\n<tbody>\n<tr>\n<td>1 gal\u00f3n\/6&#8243;<\/td>\n<td>0 &#8211; 1 ft.<\/td>\n<\/tr>\n<\/tbody>\n<\/table>\n<\/div>\n<\/div>\n","protected":false},"featured_media":50690,"comment_status":"open","ping_status":"closed","template":"","meta":[],"product_brand":[59,60],"product_cat":[346,310,393,355,324,309,313,360,361,341,308,358,335,323,322,330,303,307],"product_tag":[318],"class_list":{"0":"post-46410","1":"product","2":"type-product","3":"status-publish","4":"has-post-thumbnail","6":"product_brand-fann","7":"product_brand-fnps","8":"product_cat-bajo-mantenimiento","9":"product_cat-bien-drenado","10":"product_cat-flor-silvestre","11":"product_cat-invierno","12":"product_cat-llamativo","13":"product_cat-moderada","14":"product_cat-moderada-es","15":"product_cat-moderada-es-3","16":"product_cat-moderada-es-4","17":"product_cat-nativo","18":"product_cat-otono","19":"product_cat-plantas-para-mariposas-plantas-para-polinizadores","20":"product_cat-pleno-sol","21":"product_cat-primavera","22":"product_cat-rapido","23":"product_cat-semilla","24":"product_cat-sol-parcial","25":"product_cat-verano","26":"product_tag-blanco","27":"pa_pot-size-1-galon-6","28":"pa_pot-size-3-galones-10","29":"pa_pot-size-7-galones-14","32":"first","33":"instock","34":"taxable","35":"shipping-taxable","36":"purchasable","37":"product-type-variable"},"aioseo_notices":[],"_links":{"self":[{"href":"https:\/\/smartyplantsnursery.com\/es\/wp-json\/wp\/v2\/product\/46410","targetHints":{"allow":["GET"]}}],"collection":[{"href":"https:\/\/smartyplantsnursery.com\/es\/wp-json\/wp\/v2\/product"}],"about":[{"href":"https:\/\/smartyplantsnursery.com\/es\/wp-json\/wp\/v2\/types\/product"}],"replies":[{"embeddable":true,"href":"https:\/\/smartyplantsnursery.com\/es\/wp-json\/wp\/v2\/comments?post=46410"}],"wp:featuredmedia":[{"embeddable":true,"href":"https:\/\/smartyplantsnursery.com\/es\/wp-json\/wp\/v2\/media\/50690"}],"wp:attachment":[{"href":"https:\/\/smartyplantsnursery.com\/es\/wp-json\/wp\/v2\/media?parent=46410"}],"wp:term":[{"taxonomy":"product_brand","embeddable":true,"href":"https:\/\/smartyplantsnursery.com\/es\/wp-json\/wp\/v2\/product_brand?post=46410"},{"taxonomy":"product_cat","embeddable":true,"href":"https:\/\/smartyplantsnursery.com\/es\/wp-json\/wp\/v2\/product_cat?post=46410"},{"taxonomy":"product_tag","embeddable":true,"href":"https:\/\/smartyplantsnursery.com\/es\/wp-json\/wp\/v2\/product_tag?post=46410"}],"curies":[{"name":"wp","href":"https:\/\/api.w.org\/{rel}","templated":true}]}}