{"id":46415,"date":"2023-05-03T21:54:01","date_gmt":"2023-05-03T21:54:01","guid":{"rendered":"https:\/\/smartyplantsnursery.com\/product\/nispero-manilkara-zapota\/"},"modified":"2026-02-05T14:45:21","modified_gmt":"2026-02-05T14:45:21","slug":"nispero-manilkara-zapota","status":"publish","type":"product","link":"https:\/\/smartyplantsnursery.com\/es\/product\/nispero-manilkara-zapota\/","title":{"rendered":"N\u00edspero &#8211; manilkara zapota"},"content":{"rendered":"<p class=\"\"><b class=\"\">Usos generales en el paisaje:<\/b> \u00c1rbol de sombra, cortavientos<\/p>\n<p class=\"\"><b class=\"\">Notas sobre la restauraci\u00f3n ecol\u00f3gica:<\/b> Restauraci\u00f3n del h\u00e1bitat nativo, apoyo a la vida silvestre<\/p>\n<p class=\"\"><b class=\"\">Descripci\u00f3n:<\/b> El n\u00edspero es un \u00e1rbol de crecimiento lento. La temporada de fructificaci\u00f3n es de diciembre a octubre. La fruta en s\u00ed es una fruta deliciosa y grande. Por lo general, se come directamente de la piel y sabe muy similar a una pera cubierta con az\u00facar moreno.   <\/p>\n<p class=\"\"><b class=\"\">Dimensiones:<\/b> Altura 25 pies; Extensi\u00f3n 30 pies.<\/p>\n<p class=\"\"><b class=\"\">Tasa de crecimiento:<\/b> lenta<\/p>\n<p class=\"\"><b class=\"\">Distribuci\u00f3n nativa:<\/b> Sur de M\u00e9xico, Am\u00e9rica Central y partes del Caribe<\/p>\n<p class=\"\"><b class=\"\">H\u00e1bitats nativos:<\/b> Bosques tropicales h\u00famedos y secos<\/p>\n<p class=\"\"><b class=\"\">Suelos:<\/b> Bien drenados; tolera suelos arenosos, limosos o ligeramente alcalinos<\/p>\n<p class=\"\"><b class=\"\">Requisitos nutricionales:<\/b> De moderados a altos<\/p>\n<p class=\"\"><b class=\"\">Tolerancia al agua salada:<\/b> moderada<\/p>\n<p class=\"\"><b class=\"\">Tolerancia al viento salino:<\/b> De moderada a alta<\/p>\n<p class=\"\"><b class=\"\">Tolerancia a la sequ\u00eda:<\/b> moderada<\/p>\n<p class=\"\"><b class=\"\">Requisitos de luz:<\/b> pleno sol<\/p>\n<p class=\"\"><b class=\"\">Color de la flor:<\/b> crema<\/p>\n<p class=\"\"><b class=\"\">Caracter\u00edsticas de la flor:<\/b> Peque\u00f1a, en forma de campana<\/p>\n<p class=\"\"><b class=\"\">Temporada de floraci\u00f3n:<\/b> Todo el a\u00f1o<\/p>\n<p class=\"\"><b class=\"\">Fruta:<\/b> Baya, marr\u00f3n, piel \u00e1spera (similar a un kiwi), con pulpa suave de color marr\u00f3n a rojizo en el interior<\/p>\n<p class=\"\"><b class=\"\">Vida silvestre y ecolog\u00eda:<\/b> Apoya a los polinizadores, los animales comen fruta, el dosel proporciona cobertura y sitios de anidaci\u00f3n<\/p>\n<p class=\"\"><b class=\"\">Notas de horticultura:<\/b> Se propaga por semilla, acodo a\u00e9reo, injerto, esquejes<\/p>\n<p class=\"\"><b class=\"\">Comentarios:<\/b><\/p>\n","protected":false},"excerpt":{"rendered":"<p><img decoding=\"async\" class=\"alignnone size-medium wp-image-31863\" src=\"https:\/\/smartyplantsnursery.com\/wp-content\/uploads\/2023\/04\/Screen-Shot-2023-04-22-at-11.28.02-PM-300x134.png\" alt=\"\" width=\"300\" height=\"134\"><\/p>\n<div class=\"container\">\n<div class=\"table-container\">\n<table>\n<thead>\n<tr>\n<th>Tama\u00f1o de la maceta<\/th>\n<th>Altura media plantada (desde la tierra hasta la parte superior de la planta)<\/th>\n<\/tr>\n<\/thead>\n<tbody>\n<tr>\n<td>3 galones\/10&#8243;<\/td>\n<td>1 &#8211; 2 pies<\/td>\n<\/tr>\n<tr>\n<td>Maceta de 7 galones\/14&#8243;<\/td>\n<td>2 &#8211; 4 pies<\/td>\n<\/tr>\n<tr>\n<td>15 galones\/17&#8243;<\/td>\n<td>4 &#8211; 6 pies<\/td>\n<\/tr>\n<\/tbody>\n<\/table>\n<\/div>\n<\/div>\n","protected":false},"featured_media":47899,"comment_status":"open","ping_status":"closed","template":"","meta":[],"product_brand":[],"product_cat":[336,380,348,362,344,371,359,310,353,315,302,369,379,355,306,360,361,313,309,308,316,335,323,330,307],"product_tag":[328],"class_list":{"0":"post-46415","1":"product","2":"type-product","3":"status-publish","4":"has-post-thumbnail","6":"product_cat-acodo-aereo","7":"product_cat-alcalino","8":"product_cat-alta-es","9":"product_cat-alta-es-2","10":"product_cat-arbol","11":"product_cat-arbol-de-sombra","12":"product_cat-arena","13":"product_cat-bien-drenado","14":"product_cat-comestible","15":"product_cat-esquejes","16":"product_cat-exotica","17":"product_cat-franco","18":"product_cat-injerto","19":"product_cat-invierno","20":"product_cat-lenta","21":"product_cat-moderada-es-3","22":"product_cat-moderada-es-4","23":"product_cat-moderada-es","24":"product_cat-moderada","25":"product_cat-otono","26":"product_cat-pequena","27":"product_cat-pleno-sol","28":"product_cat-primavera","29":"product_cat-semilla","30":"product_cat-verano","31":"product_tag-crema","32":"pa_pot-size-1-galon-6","33":"pa_pot-size-15-galones-17","34":"pa_pot-size-3-galones-10","35":"pa_pot-size-7-galones-14","38":"first","39":"instock","40":"taxable","41":"shipping-taxable","42":"purchasable","43":"product-type-variable"},"aioseo_notices":[],"_links":{"self":[{"href":"https:\/\/smartyplantsnursery.com\/es\/wp-json\/wp\/v2\/product\/46415","targetHints":{"allow":["GET"]}}],"collection":[{"href":"https:\/\/smartyplantsnursery.com\/es\/wp-json\/wp\/v2\/product"}],"about":[{"href":"https:\/\/smartyplantsnursery.com\/es\/wp-json\/wp\/v2\/types\/product"}],"replies":[{"embeddable":true,"href":"https:\/\/smartyplantsnursery.com\/es\/wp-json\/wp\/v2\/comments?post=46415"}],"wp:featuredmedia":[{"embeddable":true,"href":"https:\/\/smartyplantsnursery.com\/es\/wp-json\/wp\/v2\/media\/47899"}],"wp:attachment":[{"href":"https:\/\/smartyplantsnursery.com\/es\/wp-json\/wp\/v2\/media?parent=46415"}],"wp:term":[{"taxonomy":"product_brand","embeddable":true,"href":"https:\/\/smartyplantsnursery.com\/es\/wp-json\/wp\/v2\/product_brand?post=46415"},{"taxonomy":"product_cat","embeddable":true,"href":"https:\/\/smartyplantsnursery.com\/es\/wp-json\/wp\/v2\/product_cat?post=46415"},{"taxonomy":"product_tag","embeddable":true,"href":"https:\/\/smartyplantsnursery.com\/es\/wp-json\/wp\/v2\/product_tag?post=46415"}],"curies":[{"name":"wp","href":"https:\/\/api.w.org\/{rel}","templated":true}]}}