{"id":46416,"date":"2023-05-03T22:45:31","date_gmt":"2023-05-03T22:45:31","guid":{"rendered":"https:\/\/smartyplantsnursery.com\/product\/helecho-cuerno-de-alce-platycerium\/"},"modified":"2026-02-11T16:38:34","modified_gmt":"2026-02-11T16:38:34","slug":"helecho-cuerno-de-alce-platycerium","status":"publish","type":"product","link":"https:\/\/smartyplantsnursery.com\/es\/product\/helecho-cuerno-de-alce-platycerium\/","title":{"rendered":"Helecho cuerno de alce &#8211; platycerium"},"content":{"rendered":"<p class=\"\"><b class=\"\">Usos generales en el paisajismo:<\/b> Interior, jardines tropicales, para colgar en la pared<\/p>\n<p class=\"\"><b class=\"\">Notas sobre la restauraci\u00f3n ecol\u00f3gica:<\/b> Desempe\u00f1a un papel en ciertos proyectos de restauraci\u00f3n de nichos, especialmente en selvas tropicales o entornos donde las especies epifitas forman parte de la flora nativa.<\/p>\n<p class=\"\"><b class=\"\">Descripci\u00f3n:<\/b> El helecho cuerno de alce es una planta cl\u00e1sica de Florida, conocida por sus esbeltas hojas azuladas. Se pueden cultivar en interiores, colgados de los \u00e1rboles o montados en tablas. <\/p>\n<p class=\"\"><b class=\"\">Dimensiones:<\/b> Altura 1 &#8211; 2 pies; Extensi\u00f3n 1 &#8211; 3 pies.<\/p>\n<p class=\"\"><b class=\"\">Tasa de crecimiento:<\/b> De moderada a r\u00e1pida<\/p>\n<p class=\"\"><b class=\"\">Distribuci\u00f3n nativa:<\/b> \u00c1frica, Asia, Australia<\/p>\n<p class=\"\"><b class=\"\">H\u00e1bitats nativos:<\/b> Selva tropical, bosques, regiones monta\u00f1osas<\/p>\n<p class=\"\"><b class=\"\">Suelos: <\/b>Como ep\u00edfita, el <em data-start=\"2232\" data-end=\"2245\">Platycerium<\/em> no necesita tierra normal. En su lugar, crece bien en superficies con buen drenaje como musgo, corteza o madera.<\/p>\n<p class=\"\"><b class=\"\">Requisitos nutricionales:<\/b> moderados<\/p>\n<p class=\"\"><b class=\"\">Tolerancia al agua salada:<\/b> baja<\/p>\n<p class=\"\"><b class=\"\">Tolerancia al viento salado:<\/b> baja<\/p>\n<p class=\"\"><b class=\"\">Tolerancia a la sequ\u00eda:<\/b> moderada<\/p>\n<p class=\"\"><b class=\"\">Requisitos de luz:<\/b> sol parcial a sombra<\/p>\n<p class=\"\"><b class=\"\">Color de la flor:<\/b> Blanco<\/p>\n<p class=\"\"><b class=\"\">Caracter\u00edsticas de la flor:<\/b> peque\u00f1a, discreta<\/p>\n<p class=\"\"><b class=\"\">Temporada de floraci\u00f3n:<\/b> Primavera a verano<\/p>\n<p class=\"\"><b class=\"\">Fruto:<\/b> C\u00e1psulas peque\u00f1as, secas y llenas de esporas<\/p>\n<p class=\"\"><b class=\"\">Vida silvestre y ecolog\u00eda:<\/b> Creaci\u00f3n de h\u00e1bitat, atracci\u00f3n de polinizadores<\/p>\n<p class=\"\"><b class=\"\">Notas de horticultura:<\/b> Se propaga por esporas o divisi\u00f3n<\/p>\n<p class=\"\"><b class=\"\">Comentarios:<\/b><\/p>\n","protected":false},"excerpt":{"rendered":"<p><img decoding=\"async\" class=\"alignnone size-medium wp-image-31863\" src=\"https:\/\/smartyplantsnursery.com\/wp-content\/uploads\/2023\/04\/Screen-Shot-2023-04-22-at-11.28.02-PM-300x134.png\" alt=\"\" width=\"300\" height=\"134\"><\/p>\n<div class=\"container\">\n<div class=\"table-container\">\n<table>\n<thead>\n<tr>\n<th>Tama\u00f1o de la maceta<\/th>\n<th>Altura media plantada (desde la tierra hasta la parte superior de la planta)<\/th>\n<\/tr>\n<\/thead>\n<tbody>\n<tr>\n<td>1 gal\u00f3n\/6&#8243;<\/td>\n<td>0,3 &#8211; 0,6 m<\/td>\n<\/tr>\n<\/tbody>\n<\/table>\n<\/div>\n<\/div>\n","protected":false},"featured_media":48278,"comment_status":"open","ping_status":"closed","template":"","meta":[],"product_brand":[],"product_cat":[304,312,311,331,394,390,302,365,305,309,313,326,316,323,322,303,349,307],"product_tag":[318],"class_list":{"0":"post-46416","1":"product","2":"type-product","3":"status-publish","4":"has-post-thumbnail","6":"product_cat-arbusto","7":"product_cat-baja-es","8":"product_cat-baja","9":"product_cat-division-es","10":"product_cat-epifita","11":"product_cat-espora","12":"product_cat-exotica","13":"product_cat-inconspicuo","14":"product_cat-interior","15":"product_cat-moderada","16":"product_cat-moderada-es","17":"product_cat-moderada-es-2","18":"product_cat-pequena","19":"product_cat-primavera","20":"product_cat-rapido","21":"product_cat-sol-parcial","22":"product_cat-sombra","23":"product_cat-verano","24":"product_tag-blanco","25":"pa_pot-size-1-galon-6","26":"pa_pot-size-3-galones-10","27":"pa_pot-size-7-galones-14","30":"first","31":"instock","32":"taxable","33":"shipping-taxable","34":"purchasable","35":"product-type-variable"},"aioseo_notices":[],"_links":{"self":[{"href":"https:\/\/smartyplantsnursery.com\/es\/wp-json\/wp\/v2\/product\/46416","targetHints":{"allow":["GET"]}}],"collection":[{"href":"https:\/\/smartyplantsnursery.com\/es\/wp-json\/wp\/v2\/product"}],"about":[{"href":"https:\/\/smartyplantsnursery.com\/es\/wp-json\/wp\/v2\/types\/product"}],"replies":[{"embeddable":true,"href":"https:\/\/smartyplantsnursery.com\/es\/wp-json\/wp\/v2\/comments?post=46416"}],"wp:featuredmedia":[{"embeddable":true,"href":"https:\/\/smartyplantsnursery.com\/es\/wp-json\/wp\/v2\/media\/48278"}],"wp:attachment":[{"href":"https:\/\/smartyplantsnursery.com\/es\/wp-json\/wp\/v2\/media?parent=46416"}],"wp:term":[{"taxonomy":"product_brand","embeddable":true,"href":"https:\/\/smartyplantsnursery.com\/es\/wp-json\/wp\/v2\/product_brand?post=46416"},{"taxonomy":"product_cat","embeddable":true,"href":"https:\/\/smartyplantsnursery.com\/es\/wp-json\/wp\/v2\/product_cat?post=46416"},{"taxonomy":"product_tag","embeddable":true,"href":"https:\/\/smartyplantsnursery.com\/es\/wp-json\/wp\/v2\/product_tag?post=46416"}],"curies":[{"name":"wp","href":"https:\/\/api.w.org\/{rel}","templated":true}]}}