{"id":46425,"date":"2023-05-03T22:39:45","date_gmt":"2023-05-03T22:39:45","guid":{"rendered":"https:\/\/smartyplantsnursery.com\/product\/nakedwood-soldierwood-colubrina-elliptica\/"},"modified":"2026-01-28T14:14:57","modified_gmt":"2026-01-28T14:14:57","slug":"nakedwood-soldierwood-colubrina-elliptica","status":"publish","type":"product","link":"https:\/\/smartyplantsnursery.com\/es\/product\/nakedwood-soldierwood-colubrina-elliptica\/","title":{"rendered":"Nakedwood, soldierwood &#8211; colubrina elliptica"},"content":{"rendered":"<p><b>Usos generales en el paisajismo:<\/b> Plantaciones de protecci\u00f3n.<\/p>\n<p><b>Notas sobre la restauraci\u00f3n ecol\u00f3gica:<\/b> \u00c1rbol de subdosel y borde relativamente com\u00fan de las hamacas rocosas en los Cayos de la Florida superiores.<\/p>\n<p><b>Descripci\u00f3n:<\/b> \u00c1rbol peque\u00f1o o arbusto grande con una copa extendida y abierta. Corteza notablemente escamosa, de color marr\u00f3n anaranjado. Hojas delgadas, de color verde amarillento, de 2 a 4 pulgadas de largo.  <\/p>\n<p><b>Dimensiones:<\/b> Normalmente de 10 a 20 pies de altura; hasta 41 pies en el sur de Florida. Por lo general, m\u00e1s alto que ancho. <\/p>\n<p><b>Tasa de crecimiento:<\/b> De moderada a r\u00e1pida.<\/p>\n<p><b>Distribuci\u00f3n:<\/b> Cayos del Condado de Monroe y Condado de Miami-Dade; Indias Occidentales, M\u00e9xico, Am\u00e9rica Central y Am\u00e9rica del Sur. En los Cayos del Condado de Monroe, muy raro o quiz\u00e1s extinguido al sur de Plantation Key y aparentemente ausente de los Cayos inferiores. En el Condado de Miami-Dade, conocido solo de los Cayos de Florida en y alrededor del Parque Nacional Biscayne y una sola colecci\u00f3n cerca de lo que ahora es Castellow Hammock Park en el \u00e1rea de Redland de Miami Rock Ridge en 1904.  <\/p>\n<p><b>H\u00e1bitats:<\/b> Hamacas de roca.<\/p>\n<p><b>Suelos:<\/b> Suelos calizos h\u00famedos y bien drenados, con una capa superior humosa.<\/p>\n<p><b>Requisitos nutricionales:<\/b> Moderado; puede crecer en suelos pobres en nutrientes, pero necesita algo de contenido org\u00e1nico para prosperar.<\/p>\n<p><b>Tolerancia al agua salada:<\/b> Baja; no tolera las inundaciones a largo plazo con agua salada o salobre.<\/p>\n<p><b>Tolerancia al viento salado:<\/b> Baja; el viento salado puede quemar las hojas.<\/p>\n<p><b>Tolerancia a la sequ\u00eda:<\/b> Alta; no requiere agua suplementaria una vez establecida.<\/p>\n<p><b>Requisitos de luz:<\/b> Pleno sol a sombra ligera.<\/p>\n<p><b>Color de la flor:<\/b> Amarillo verdoso.<\/p>\n<p><b>Caracter\u00edsticas de la flor:<\/b> poco llamativas.<\/p>\n<p><b>Temporada de floraci\u00f3n:<\/b> Todo el a\u00f1o.<\/p>\n<p><b>Fruto:<\/b> C\u00e1psula de color naranja rojizo.<\/p>\n<p><b>Notas de horticultura:<\/b> Se puede cultivar a partir de semillas. Colocar en sombra ligera o a pleno sol.<\/p>\n<p><b>Comentarios:<\/b> Est\u00e1 catalogada como especie en peligro de extinci\u00f3n por el estado de Florida.<\/p>\n","protected":false},"excerpt":{"rendered":"<p><img decoding=\"async\" class=\"alignnone size-medium wp-image-31863\" src=\"https:\/\/smartyplantsnursery.com\/wp-content\/uploads\/2023\/04\/Screen-Shot-2023-04-22-at-11.28.02-PM-300x134.png\" alt=\"\" width=\"300\" height=\"134\"><\/p>\n<div class=\"container\">\n<div class=\"table-container\">\n<table>\n<thead>\n<tr>\n<th>Tama\u00f1o de la maceta<\/th>\n<th>Altura media plantada (desde la tierra hasta la parte superior de la planta)<\/th>\n<\/tr>\n<\/thead>\n<tbody>\n<tr>\n<td>25 galones\/21&#8243;<\/td>\n<td>1,8 &#8211; 3 m<\/td>\n<\/tr>\n<\/tbody>\n<\/table>\n<\/div>\n<\/div>\n","protected":false},"featured_media":44493,"comment_status":"open","ping_status":"closed","template":"","meta":[],"product_brand":[59,60],"product_cat":[340,344,312,311,346,365,355,309,326,341,308,335,323,322,330,303,307],"product_tag":[319,327],"class_list":{"0":"post-46425","1":"product","2":"type-product","3":"status-publish","4":"has-post-thumbnail","6":"product_brand-fann","7":"product_brand-fnps","8":"product_cat-alta","9":"product_cat-arbol","10":"product_cat-baja-es","11":"product_cat-baja","12":"product_cat-bajo-mantenimiento","13":"product_cat-inconspicuo","14":"product_cat-invierno","15":"product_cat-moderada","16":"product_cat-moderada-es-2","17":"product_cat-nativo","18":"product_cat-otono","19":"product_cat-pleno-sol","20":"product_cat-primavera","21":"product_cat-rapido","22":"product_cat-semilla","23":"product_cat-sol-parcial","24":"product_cat-verano","25":"product_tag-amarillo","26":"product_tag-verde","27":"pa_pot-size-1-galon-6","28":"pa_pot-size-25-galones-21","29":"pa_pot-size-3-galones-10","30":"pa_pot-size-7-galones-14","33":"first","34":"instock","35":"taxable","36":"shipping-taxable","37":"purchasable","38":"product-type-variable"},"aioseo_notices":[],"_links":{"self":[{"href":"https:\/\/smartyplantsnursery.com\/es\/wp-json\/wp\/v2\/product\/46425","targetHints":{"allow":["GET"]}}],"collection":[{"href":"https:\/\/smartyplantsnursery.com\/es\/wp-json\/wp\/v2\/product"}],"about":[{"href":"https:\/\/smartyplantsnursery.com\/es\/wp-json\/wp\/v2\/types\/product"}],"replies":[{"embeddable":true,"href":"https:\/\/smartyplantsnursery.com\/es\/wp-json\/wp\/v2\/comments?post=46425"}],"wp:featuredmedia":[{"embeddable":true,"href":"https:\/\/smartyplantsnursery.com\/es\/wp-json\/wp\/v2\/media\/44493"}],"wp:attachment":[{"href":"https:\/\/smartyplantsnursery.com\/es\/wp-json\/wp\/v2\/media?parent=46425"}],"wp:term":[{"taxonomy":"product_brand","embeddable":true,"href":"https:\/\/smartyplantsnursery.com\/es\/wp-json\/wp\/v2\/product_brand?post=46425"},{"taxonomy":"product_cat","embeddable":true,"href":"https:\/\/smartyplantsnursery.com\/es\/wp-json\/wp\/v2\/product_cat?post=46425"},{"taxonomy":"product_tag","embeddable":true,"href":"https:\/\/smartyplantsnursery.com\/es\/wp-json\/wp\/v2\/product_tag?post=46425"}],"curies":[{"name":"wp","href":"https:\/\/api.w.org\/{rel}","templated":true}]}}